{"id":763,"date":"2020-04-16T17:38:53","date_gmt":"2020-04-16T15:38:53","guid":{"rendered":"http:\/\/astrid-guillaume.fr\/?page_id=763"},"modified":"2024-11-24T15:11:32","modified_gmt":"2024-11-24T14:11:32","slug":"colloques","status":"publish","type":"page","link":"https:\/\/astrid-guillaume.fr\/index.php\/colloques\/","title":{"rendered":"Colloques"},"content":{"rendered":"\n<p class=\"has-medium-font-size\"><strong><span style=\"color:#0011a3\" class=\"has-inline-color\">Organisations et co-organisations de colloques nationaux et internationaux<\/span><\/strong><\/p>\n\n\n\n<p class=\"has-large-font-size\"><strong>2025<\/strong><\/p>\n\n\n\n<p>34- \u00ab\u00a0<strong><a href=\"https:\/\/shesl.org\/colloque-shesl-2025\/\" target=\"_blank\" rel=\"noreferrer noopener\">La s\u00e9miotique \u00e9tendue. Indices, signes, repr\u00e9sentation<\/a><\/strong>\u00ab\u00a0, co-organisation Astrid Guillaume et Didier Samain, Universit\u00e9 Paris Cit\u00e9, 27-28 janvier 2025.<\/p>\n\n\n\n<p class=\"has-large-font-size\"><strong>2024<\/strong><\/p>\n\n\n\n<p>32- \u00ab\u00a0<strong><a href=\"https:\/\/lettres.sorbonne-universite.fr\/evenements\/zoosemiotique-et-cultures-animalieres\" target=\"_blank\" rel=\"noreferrer noopener\">Zoos\u00e9miotique et cultures animali\u00e8res<\/a><\/strong>\u00a0\u00bb co-organisation Astrid GUILLAUME et XU Meiyun, Sorbonne universit\u00e9, 14 octobre 2024.<\/p>\n\n\n\n<p class=\"has-large-font-size\"><strong>2023<\/strong><\/p>\n\n\n\n<p>31- <a href=\"https:\/\/www.fondation-droit-animal.org\/colloque-connaitre-et-respecter-les-animaux-un-enjeu-pour-leducation-nationale\/\" target=\"_blank\" rel=\"noreferrer noopener\"><strong>\u00ab&nbsp;<em>Conna\u00eetre et respecter les animaux : un enjeu pour l\u2019<\/em><\/strong><em>\u00c9<\/em><strong><em>ducation nationale<\/em>&nbsp;\u00bb<\/strong><\/a><strong>, co-organisation avec le Conseil Scientifique de la <\/strong>LFDA, Unesco, 5 d\u00e9cembre 2023.<\/p>\n\n\n\n<p>30- <em>\u00ab\u00a0Journ\u00e9e doctorale, Journ\u00e9e Posters des doctorants en s\u00e9miotique de Paris \u00cele-de-France<\/em>\u00ab\u00a0, <strong>co-organisatrice avec le R\u00e9seau Doctoral du Grand Paris de la S\u00e9miotique (RD-GPS)<\/strong>, Universit\u00e9 Paris Cit\u00e9, 23 juin 2023.<\/p>\n\n\n\n<p>29- <em>Journ\u00e9es doctorales de l&rsquo;\u00e9quipe Mod\u00e9lisation linguistique et \u00e9pist\u00e9mologie<\/em>, UR4509 Sens, Texte, Informatique, Histoire, co-organisation Franck Neveu et Astrid Guillaume, 15-16 juin 2023.<\/p>\n\n\n\n<p class=\"has-large-font-size\"><strong>2021<\/strong><\/p>\n\n\n\n<p>28- <em>Journ\u00e9es doctorales de l&rsquo;\u00e9quipe Mod\u00e9lisation linguistique et \u00e9pist\u00e9mologie<\/em>, UR4509 Sens, Texte, Informatique, Histoire, co-organisation  Franck Neveu et Astrid Guillaume, 25-26 mai 2021.<\/p>\n\n\n\n<p class=\"has-large-font-size\"><strong>2020<\/strong><\/p>\n\n\n\n<p>27- <em>2\u00e8me Atelier doctoral de S\u00e9miotiques des cultures<\/em>, Sorbonne Universit\u00e9, 5 d\u00e9cembre 2020.<\/p>\n\n\n\n<p class=\"has-large-font-size\"><strong>2019<\/strong><\/p>\n\n\n\n<p>26- <em>La mobilit\u00e9 enray\u00e9e<\/em>, R\u00e9seau doctoral-Grand Paris de la S\u00e9miotique (RD-GPS), Campus Condorcet\/ Paris 5, 21-22 novembre 2019.<\/p>\n\n\n\n<p>25- <em>1er Atelier doctoral en s\u00e9miotique humaine et non-humaine<\/em>, Sorbonne Universit\u00e9, 30 mars 2019.<\/p>\n\n\n\n<p class=\"has-large-font-size\"><strong>2018<\/strong><\/p>\n\n\n\n<p>24- <em>S\u00e9miotique, implication, engagement<\/em>, R\u00e9seau doctoral-Grand Paris de la S\u00e9miotique (RD-GPS), co-organisation Paris 1, Paris 3, Sorbonne universit\u00e9, Paris 5, Paris 7, Paris 8, 20-21 octobre 2018.<\/p>\n\n\n\n<p>23- <em>Doctoriales de la S\u00e9miotique 2017-2018<\/em>, Grand Paris de la S\u00e9miotique (GPS), Co-organisation Paris 1, Paris 3, Sorbonne Universit\u00e9, Paris 5, Paris 7, Paris 8, Association Fran\u00e7aise de S\u00e9miotique, mai\/juin 2018.<\/p>\n\n\n\n<p class=\"has-large-font-size\"><strong>2017<\/strong><\/p>\n\n\n\n<p>22- &nbsp;<a rel=\"noreferrer noopener\" href=\"https:\/\/www.fabula.org\/actualites\/faire-sens-faire-science-colloque_81424.php\" target=\"_blank\"><strong><span style=\"color:#0b0b0b\" class=\"has-inline-color\"><\/span><em>Faire sens, faire science<\/em><\/strong><\/a>, colloque organis\u00e9 par Astrid Guillaume, Lia Kurts, Franck Neveu, Fran\u00e7ois Rastier, Maison de la recherche de l\u2019Universit\u00e9 Paris Sorbonne, 16-17 novembre 2017.<\/p>\n\n\n\n<p class=\"has-large-font-size\"><strong>2016<\/strong><\/p>\n\n\n\n<p>21- <a rel=\"noreferrer noopener\" href=\"https:\/\/alaska.libre-a-toi.org\/schedule\" target=\"_blank\"><strong><em>Aller ailleurs, d\u2019hier \u00e0 demain, quelles histoires voulons-nous&nbsp;?<\/em><\/strong><\/a>, journ\u00e9e de r\u00e9flexion et de partage des Editions La V\u00f6lva et l\u2019Association Libre \u00e0 toi, Les Grands Voisins, Paris, 26 novembre 2016.<\/p>\n\n\n\n<p>20- <a rel=\"noreferrer noopener\" href=\"https:\/\/www.fabula.org\/actualites\/saussure-et-l-avenir-des-sciences-de-la-culture-vingt-ans-apres-de-l-essence-double-du-langage_73571.php\" target=\"_blank\"><strong><em>Saussure et l\u2019avenir des sciences de la culture&nbsp;<\/em><\/strong><\/a>\u2014 Vingt ans apr\u00e8s <em>De l\u2019essence double du langage<\/em>, journ\u00e9e d\u2019\u00e9tudes organis\u00e9e par Astrid Guillaume et Fran\u00e7ois Rastier, Maison de la Recherche de Paris Sorbonne, 9 mai 2016.<\/p>\n\n\n\n<p class=\"has-large-font-size\"><strong>2015-2016<\/strong><\/p>\n\n\n\n<p>16-17-18-19 <strong><a rel=\"noreferrer noopener\" href=\"http:\/\/calenda.org\/298513\" target=\"_blank\"><em>Traductologie et G\u00e9opolitique<\/em><\/a><\/strong>, Universit\u00e9s Paris Sorbonne, Toulouse Jean Jaur\u00e8s, Lille 3, McGill, Hiver 2015 (<a rel=\"noreferrer noopener\" href=\"http:\/\/calenda.org\/315372?file=1\" target=\"_blank\"><strong>Toulouse<\/strong><\/a>, mars 2015), Printemps 2015 (McGill, avril 2015), Hiver 2016 (<strong><a rel=\"noreferrer noopener\" href=\"https:\/\/www.fabula.org\/actualites\/colloque-international-traductologie-et-ideologie_71551.php\" target=\"_blank\">Sorbonne<\/a><\/strong>, 1<sup>er<\/sup> et 2 f\u00e9vrier 2016, <a rel=\"noreferrer noopener\" href=\"https:\/\/www.fabula.org\/actualites\/colloque-international-traductologie-et-ideologie_71551.php\" target=\"_blank\"><strong><em>Traductologie et Id\u00e9ologie<\/em><\/strong><\/a>, Lille 24-25 novembre 2016, <a rel=\"noreferrer noopener\" href=\"http:\/\/www.fabula.org\/actualites\/collogue-international-guerre-et-traduction-representer-et-traduire-la-guerre_72943.php\" target=\"_blank\"><strong><em>Guerre et Traduction<\/em>).<\/strong><\/a><\/p>\n\n\n\n<p class=\"has-large-font-size\"><strong>2015<\/strong><\/p>\n\n\n\n<p>15- <a rel=\"noreferrer noopener\" href=\"http:\/\/www.fabula.org\/actualites\/humanites-et-sciences-de-la-culturequestions-d-avenir_66796.php\" target=\"_blank\"><strong><em>Humanit\u00e9s et Sciences de la culture<\/em><\/strong><\/a>, journ\u00e9e d\u2019\u00e9tudes organis\u00e9e par Astrid Guillaume et Fran\u00e7ois Rastier, Maison de la Recherche de Paris Sorbonne, 4 mai 2015.<\/p>\n\n\n\n<p class=\"has-large-font-size\"><strong>2014<\/strong><\/p>\n\n\n\n<p>14- <strong><a rel=\"noreferrer noopener\" href=\"http:\/\/ciret-transdisciplinarity.org\/quoideneuf\/Programme_15_dec_2014.pdf\" target=\"_blank\"><em>Le Tiers Cach\u00e9 dans les diff\u00e9rents domaines de la connaissance<\/em><\/a><\/strong>, CIRET, Coll\u00e8ge des Bernardins, Paris, 15 d\u00e9cembre 2014.<\/p>\n\n\n\n<p class=\"has-large-font-size\"><strong>2013<\/strong><\/p>\n\n\n\n<p>13- <em>Diversit\u00e9 linguistique et Cr\u00e9ativit\u00e9 scientifique<\/em>, OEP, Universit\u00e9 Paris Diderot, 16 octobre 2013.<\/p>\n\n\n\n<p class=\"has-large-font-size\"><strong>2012<\/strong><\/p>\n\n\n\n<p>12- <em>3<sup>\u00e8mes<\/sup> Assises Europ\u00e9ennes pour le Plurilinguisme,<\/em> Universit\u00e9 La Sapienza, Rome 10-11-12 octobre 2012.<\/p>\n\n\n\n<p class=\"has-large-font-size\"><strong>2011<\/strong><\/p>\n\n\n\n<p>11- <em>La geste de Doon de Mayence en ses manuscrits et ses versions<\/em>, <strong><a rel=\"noreferrer noopener\" href=\"http:\/\/www.fabula.org\/actualites\/la-geste-de-doon-de-mayence-dans-ses-manuscrits-et-ses-versions_44341.php\" target=\"_blank\">Colloque international<\/a><\/strong> co-organis\u00e9 avec le Professeur Dominique BOUTET, EA4349 Universit\u00e9 Paris Sorbonne, Ecole des Chartes \u2013 Universit\u00e9 Paris Sorbonne, 20-21 mai 2011.<\/p>\n\n\n\n<p class=\"has-large-font-size\"><strong>2009<\/strong><\/p>\n\n\n\n<p>10- <em>Neurosciences, apprentissage et plurilinguisme<\/em>, OEP, CNRS-INALCO, Institut des Sciences du Cerveau de Toulouse, Maison de l\u2019Europe\/Maison de la recherche de Paris Sorbonne, 6-7-8 octobre 2009.<\/p>\n\n\n\n<p>9- <a rel=\"noreferrer noopener\" href=\"http:\/\/www.fabula.org\/actualites\/article29391.php\" target=\"_blank\"><strong><em>2<sup>\u00e8mes<\/sup> Assises Europ\u00e9ennes pour le Plurilinguisme<\/em><\/strong><\/a><em><a href=\"http:\/\/www.fabula.org\/actualites\/article29391.php\">,<\/a><\/em> Centre culturel fran\u00e7ais \u00e0 Berlin\/Observatoire Europ\u00e9en du Plurilinguisme, Berlin 18-19 juin 2009.<\/p>\n\n\n\n<p class=\"has-large-font-size\"><strong>2008<\/strong><\/p>\n\n\n\n<p>8-<em> Les Intellectuels et Artistes pour le plurilinguisme et la diversit\u00e9 culturelle<\/em>, UNESCO \u2013 OEP, UNESCO 23 juin 2008.<\/p>\n\n\n\n<p class=\"has-large-font-size\"><strong>2005<\/strong><\/p>\n\n\n\n<p>7-<em> <strong><a rel=\"noreferrer noopener\" href=\"http:\/\/www.fabula.org\/actualites\/article12581.php\" target=\"_blank\">Les Langues pour la Coh\u00e9sion sociale&nbsp;: politique linguistique et didactiques des Langues<\/a><\/strong><\/em>, APLV, Paris VII, CELV du Conseil de l\u2019Europe, 27-28 novembre 2005.<\/p>\n\n\n\n<p>6- <em><a href=\"http:\/\/fr.wikipedia.org\/wiki\/Assises_europ%C3%A9ennes_du_plurilinguisme\"><strong>1<sup>\u00e8res<\/sup> Assises Europ\u00e9enne<\/strong><\/a><a rel=\"noreferrer noopener\" href=\"http:\/\/fr.wikipedia.org\/wiki\/Assises_europ%C3%A9ennes_du_plurilinguisme\" target=\"_blank\"><strong>s pour le Plurilinguisme<\/strong><\/a><\/em>, Co-organis\u00e9es avec le Minist\u00e8re de la Culture DGLFLF, l\u2019Association Europ\u00e9enne des Dipl\u00f4m\u00e9s Fran\u00e7ais de l\u2019Enseignement Sup\u00e9rieur (ASEDIFRES), l\u2019APLV, G\u00e9n\u00e9ration 21, la Maison de l\u2019Europe de Paris, Paris VII, La R\u00e9gion \u00cele de France \u2013 ENS et S\u00e9nat, 25-26 novembre 2005.<\/p>\n\n\n\n<p class=\"has-large-font-size\"><strong>2003<\/strong><\/p>\n\n\n\n<p>5- <a href=\"http:\/\/www.fabula.org\/actualites\/incertitudes-et-transitions_5612.php\"><strong><em>Incertitudes et Transitions<\/em><\/strong><\/a>, 1<sup>\u00e8re<\/sup> Journ\u00e9e de la Recherche de la Facult\u00e9 des Lettres de l\u2019Institut Catholique de Lille, 27 mars 2003.<\/p>\n\n\n\n<p>4- Membre du comit\u00e9 de pilotage du Colloque <em>12 heures pour l\u2019allemand \u00e0 Lille<\/em>, Goethe Institut de Lille, 15-16 mars 2003.<\/p>\n\n\n\n<p class=\"has-large-font-size\"><strong>2001<\/strong><\/p>\n\n\n\n<p>3- <em>L\u2019Allemagne \u00e0 l\u2019honneur<\/em> \u2013 <em>La Semaine europ\u00e9enne<\/em> du 7 au 11 mai 2001, en collaboration avec le Service des Relations Internationales de l\u2019Institut Catholique de Lille et le Goethe-Institut de Lille, le 9 mai 2001.<\/p>\n\n\n\n<p>2- Table ronde sur <em>Laboratoire multim\u00e9dia et Enseignement,<\/em> Institut Catholique de Lille, le 7 mai 2001.<\/p>\n\n\n\n<p class=\"has-large-font-size\"><strong>1996<\/strong><\/p>\n\n\n\n<p>1- <a href=\"http:\/\/www.decitre.fr\/livres\/Le-roman-et-l-Europe.aspx\/9782130488620\"><strong><em>Le Roman et l\u2019Europe<\/em><\/strong><\/a>, Colloque international de l\u2019UPJV en partenariat avec le Conseil de l\u2019Europe, Facult\u00e9 des Lettres, 21-23 novembre 1996.<\/p>\n","protected":false},"excerpt":{"rendered":"<p>Organisations et co-organisations de colloques nationaux et internationaux 2025 34- \u00ab\u00a0La s\u00e9miotique \u00e9tendue. Indices, signes, repr\u00e9sentation\u00ab\u00a0, co-organisation Astrid Guillaume et Didier Samain, Universit\u00e9 Paris Cit\u00e9, 27-28 janvier 2025. 2024 32- \u00ab\u00a0Zoos\u00e9miotique et cultures animali\u00e8res\u00a0\u00bb co-organisation Astrid GUILLAUME et XU Meiyun, Sorbonne universit\u00e9, 14 octobre 2024. 2023 31- \u00ab&nbsp;Conna\u00eetre et respecter<\/p>\n<p><a class=\"more-link\" href=\"https:\/\/astrid-guillaume.fr\/index.php\/colloques\/\">Read More<\/a><\/p>\n","protected":false},"author":3,"featured_media":0,"parent":0,"menu_order":0,"comment_status":"closed","ping_status":"closed","template":"","meta":{"footnotes":""},"class_list":["post-763","page","type-page","status-publish","hentry"],"yoast_head":"<!-- This site is optimized with the Yoast SEO plugin v26.9 - https:\/\/yoast.com\/product\/yoast-seo-wordpress\/ -->\n<title>Colloques - Astrid GUILLAUME<\/title>\n<meta name=\"robots\" content=\"index, follow, max-snippet:-1, max-image-preview:large, max-video-preview:-1\" \/>\n<link rel=\"canonical\" href=\"https:\/\/astrid-guillaume.fr\/index.php\/colloques\/\" \/>\n<meta property=\"og:locale\" content=\"fr_FR\" \/>\n<meta property=\"og:type\" content=\"article\" \/>\n<meta property=\"og:title\" content=\"Colloques - Astrid GUILLAUME\" \/>\n<meta property=\"og:description\" content=\"Organisations et co-organisations de colloques nationaux et internationaux 2025 34- \u00ab\u00a0La s\u00e9miotique \u00e9tendue. Indices, signes, repr\u00e9sentation\u00ab\u00a0, co-organisation Astrid Guillaume et Didier Samain, Universit\u00e9 Paris Cit\u00e9, 27-28 janvier 2025. 2024 32- \u00ab\u00a0Zoos\u00e9miotique et cultures animali\u00e8res\u00a0\u00bb co-organisation Astrid GUILLAUME et XU Meiyun, Sorbonne universit\u00e9, 14 octobre 2024. 2023 31- \u00ab&nbsp;Conna\u00eetre et respecterRead More\" \/>\n<meta property=\"og:url\" content=\"https:\/\/astrid-guillaume.fr\/index.php\/colloques\/\" \/>\n<meta property=\"og:site_name\" content=\"Astrid GUILLAUME\" \/>\n<meta property=\"article:modified_time\" content=\"2024-11-24T14:11:32+00:00\" \/>\n<meta name=\"twitter:card\" content=\"summary_large_image\" \/>\n<meta name=\"twitter:label1\" content=\"Dur\u00e9e de lecture estim\u00e9e\" \/>\n\t<meta name=\"twitter:data1\" content=\"4 minutes\" \/>\n<script type=\"application\/ld+json\" class=\"yoast-schema-graph\">{\"@context\":\"https:\/\/schema.org\",\"@graph\":[{\"@type\":\"WebPage\",\"@id\":\"https:\/\/astrid-guillaume.fr\/index.php\/colloques\/\",\"url\":\"https:\/\/astrid-guillaume.fr\/index.php\/colloques\/\",\"name\":\"Colloques - Astrid GUILLAUME\",\"isPartOf\":{\"@id\":\"https:\/\/astrid-guillaume.fr\/#website\"},\"datePublished\":\"2020-04-16T15:38:53+00:00\",\"dateModified\":\"2024-11-24T14:11:32+00:00\",\"breadcrumb\":{\"@id\":\"https:\/\/astrid-guillaume.fr\/index.php\/colloques\/#breadcrumb\"},\"inLanguage\":\"fr-FR\",\"potentialAction\":[{\"@type\":\"ReadAction\",\"target\":[\"https:\/\/astrid-guillaume.fr\/index.php\/colloques\/\"]}]},{\"@type\":\"BreadcrumbList\",\"@id\":\"https:\/\/astrid-guillaume.fr\/index.php\/colloques\/#breadcrumb\",\"itemListElement\":[{\"@type\":\"ListItem\",\"position\":1,\"name\":\"Accueil\",\"item\":\"https:\/\/astrid-guillaume.fr\/\"},{\"@type\":\"ListItem\",\"position\":2,\"name\":\"Colloques\"}]},{\"@type\":\"WebSite\",\"@id\":\"https:\/\/astrid-guillaume.fr\/#website\",\"url\":\"https:\/\/astrid-guillaume.fr\/\",\"name\":\"Astrid GUILLAUME\",\"description\":\"Ma\u00eetre de conf\u00e9rences HDR - Sorbonne Universit\u00e9\",\"publisher\":{\"@id\":\"https:\/\/astrid-guillaume.fr\/#\/schema\/person\/ea4f874c5f84f3ef4298f3db85c68c9a\"},\"potentialAction\":[{\"@type\":\"SearchAction\",\"target\":{\"@type\":\"EntryPoint\",\"urlTemplate\":\"https:\/\/astrid-guillaume.fr\/?s={search_term_string}\"},\"query-input\":{\"@type\":\"PropertyValueSpecification\",\"valueRequired\":true,\"valueName\":\"search_term_string\"}}],\"inLanguage\":\"fr-FR\"},{\"@type\":[\"Person\",\"Organization\"],\"@id\":\"https:\/\/astrid-guillaume.fr\/#\/schema\/person\/ea4f874c5f84f3ef4298f3db85c68c9a\",\"name\":\"Astrid GUILLAUME\",\"image\":{\"@type\":\"ImageObject\",\"inLanguage\":\"fr-FR\",\"@id\":\"https:\/\/astrid-guillaume.fr\/#\/schema\/person\/image\/\",\"url\":\"https:\/\/secure.gravatar.com\/avatar\/d6b204d7c0d63e3481ca32f0b90c6ff876137841f8508ca626b432158768fd16?s=96&d=blank&r=g\",\"contentUrl\":\"https:\/\/secure.gravatar.com\/avatar\/d6b204d7c0d63e3481ca32f0b90c6ff876137841f8508ca626b432158768fd16?s=96&d=blank&r=g\",\"caption\":\"Astrid GUILLAUME\"},\"logo\":{\"@id\":\"https:\/\/astrid-guillaume.fr\/#\/schema\/person\/image\/\"}}]}<\/script>\n<!-- \/ Yoast SEO plugin. -->","yoast_head_json":{"title":"Colloques - Astrid GUILLAUME","robots":{"index":"index","follow":"follow","max-snippet":"max-snippet:-1","max-image-preview":"max-image-preview:large","max-video-preview":"max-video-preview:-1"},"canonical":"https:\/\/astrid-guillaume.fr\/index.php\/colloques\/","og_locale":"fr_FR","og_type":"article","og_title":"Colloques - Astrid GUILLAUME","og_description":"Organisations et co-organisations de colloques nationaux et internationaux 2025 34- \u00ab\u00a0La s\u00e9miotique \u00e9tendue. Indices, signes, repr\u00e9sentation\u00ab\u00a0, co-organisation Astrid Guillaume et Didier Samain, Universit\u00e9 Paris Cit\u00e9, 27-28 janvier 2025. 2024 32- \u00ab\u00a0Zoos\u00e9miotique et cultures animali\u00e8res\u00a0\u00bb co-organisation Astrid GUILLAUME et XU Meiyun, Sorbonne universit\u00e9, 14 octobre 2024. 2023 31- \u00ab&nbsp;Conna\u00eetre et respecterRead More","og_url":"https:\/\/astrid-guillaume.fr\/index.php\/colloques\/","og_site_name":"Astrid GUILLAUME","article_modified_time":"2024-11-24T14:11:32+00:00","twitter_card":"summary_large_image","twitter_misc":{"Dur\u00e9e de lecture estim\u00e9e":"4 minutes"},"schema":{"@context":"https:\/\/schema.org","@graph":[{"@type":"WebPage","@id":"https:\/\/astrid-guillaume.fr\/index.php\/colloques\/","url":"https:\/\/astrid-guillaume.fr\/index.php\/colloques\/","name":"Colloques - Astrid GUILLAUME","isPartOf":{"@id":"https:\/\/astrid-guillaume.fr\/#website"},"datePublished":"2020-04-16T15:38:53+00:00","dateModified":"2024-11-24T14:11:32+00:00","breadcrumb":{"@id":"https:\/\/astrid-guillaume.fr\/index.php\/colloques\/#breadcrumb"},"inLanguage":"fr-FR","potentialAction":[{"@type":"ReadAction","target":["https:\/\/astrid-guillaume.fr\/index.php\/colloques\/"]}]},{"@type":"BreadcrumbList","@id":"https:\/\/astrid-guillaume.fr\/index.php\/colloques\/#breadcrumb","itemListElement":[{"@type":"ListItem","position":1,"name":"Accueil","item":"https:\/\/astrid-guillaume.fr\/"},{"@type":"ListItem","position":2,"name":"Colloques"}]},{"@type":"WebSite","@id":"https:\/\/astrid-guillaume.fr\/#website","url":"https:\/\/astrid-guillaume.fr\/","name":"Astrid GUILLAUME","description":"Ma\u00eetre de conf\u00e9rences HDR - Sorbonne Universit\u00e9","publisher":{"@id":"https:\/\/astrid-guillaume.fr\/#\/schema\/person\/ea4f874c5f84f3ef4298f3db85c68c9a"},"potentialAction":[{"@type":"SearchAction","target":{"@type":"EntryPoint","urlTemplate":"https:\/\/astrid-guillaume.fr\/?s={search_term_string}"},"query-input":{"@type":"PropertyValueSpecification","valueRequired":true,"valueName":"search_term_string"}}],"inLanguage":"fr-FR"},{"@type":["Person","Organization"],"@id":"https:\/\/astrid-guillaume.fr\/#\/schema\/person\/ea4f874c5f84f3ef4298f3db85c68c9a","name":"Astrid GUILLAUME","image":{"@type":"ImageObject","inLanguage":"fr-FR","@id":"https:\/\/astrid-guillaume.fr\/#\/schema\/person\/image\/","url":"https:\/\/secure.gravatar.com\/avatar\/d6b204d7c0d63e3481ca32f0b90c6ff876137841f8508ca626b432158768fd16?s=96&d=blank&r=g","contentUrl":"https:\/\/secure.gravatar.com\/avatar\/d6b204d7c0d63e3481ca32f0b90c6ff876137841f8508ca626b432158768fd16?s=96&d=blank&r=g","caption":"Astrid GUILLAUME"},"logo":{"@id":"https:\/\/astrid-guillaume.fr\/#\/schema\/person\/image\/"}}]}},"_links":{"self":[{"href":"https:\/\/astrid-guillaume.fr\/index.php\/wp-json\/wp\/v2\/pages\/763","targetHints":{"allow":["GET"]}}],"collection":[{"href":"https:\/\/astrid-guillaume.fr\/index.php\/wp-json\/wp\/v2\/pages"}],"about":[{"href":"https:\/\/astrid-guillaume.fr\/index.php\/wp-json\/wp\/v2\/types\/page"}],"author":[{"embeddable":true,"href":"https:\/\/astrid-guillaume.fr\/index.php\/wp-json\/wp\/v2\/users\/3"}],"replies":[{"embeddable":true,"href":"https:\/\/astrid-guillaume.fr\/index.php\/wp-json\/wp\/v2\/comments?post=763"}],"version-history":[{"count":43,"href":"https:\/\/astrid-guillaume.fr\/index.php\/wp-json\/wp\/v2\/pages\/763\/revisions"}],"predecessor-version":[{"id":2257,"href":"https:\/\/astrid-guillaume.fr\/index.php\/wp-json\/wp\/v2\/pages\/763\/revisions\/2257"}],"wp:attachment":[{"href":"https:\/\/astrid-guillaume.fr\/index.php\/wp-json\/wp\/v2\/media?parent=763"}],"curies":[{"name":"wp","href":"https:\/\/api.w.org\/{rel}","templated":true}]}}