{"id":750,"date":"2020-04-16T17:08:34","date_gmt":"2020-04-16T15:08:34","guid":{"rendered":"http:\/\/astrid-guillaume.fr\/?page_id=750"},"modified":"2021-12-14T01:04:34","modified_gmt":"2021-12-14T00:04:34","slug":"recensions","status":"publish","type":"page","link":"https:\/\/astrid-guillaume.fr\/index.php\/recensions\/","title":{"rendered":"Recensions"},"content":{"rendered":"\n<p class=\"has-large-font-size\"><strong>A para\u00eetre<\/strong> <strong>ou en pr\u00e9paration<\/strong><\/p>\n\n\n\n<p>&#8211; <em>Nous et les autres animaux<\/em>, Catherine Kerbrat-Orecchioni, Lambert-Lucas, Limoges, 2021. (A para\u00eetre dans <em>le Fran\u00e7ais Moderne)<\/em><\/p>\n\n\n\n<p>&#8211; <em>Autour des formes implicites<\/em>, Sophie Anquetil, Juliette Elie-Deschamps et Cindy Lefebvre-Scodeller (dir.), 2017. (\u00c0 para\u00eetre dans <em>Les Langues Modernes<\/em>).<\/p>\n\n\n\n<p><em>&#8211; Inkulturation. Strat\u00e9gien bibelepischen Schreibens in Mittelalter une fr\u00fcher Neuzeit<\/em>, Bruno Quast, Susanne Spreckelmeier (hsg), De Gruyter, 2017. ( \u00c0 para\u00eetre dans<em> Le Moyen-\u00c2ge)<\/em><\/p>\n\n\n\n<p><em>&#8211; Lachen und Schweigen, Grenzen und Lizenzen der Kommunikation in der Erz\u00e4hlliteratur des Mittelalters, <\/em>Werner R\u00f6scke, Hans Rudolf Velten (Hrsg.), de Gruyter, Berlin\/Boston, 2017.(\u00c0 para\u00eetre in <em>Le Moyen-\u00c2ge<\/em>).<\/p>\n\n\n\n<p><em>&#8211; Multilingualism in the Middle Ages and Early Modern Age, communication and miscommunication in the premodern world, <\/em>Albrecht Classen (Ed.), de Gruyter, Berlin\/Boston, 2016. (\u00c0 para\u00eetre in <em>Le Moyen-\u00c2ge<\/em>).<\/p>\n\n\n\n<p><em>&#8211; Wie soll ich das verstehen? Neun Vortr\u00e4ge \u00fcber Vertstehen, Edieren, \u00dcbersetzen, mittelalterlicher Literatur, <\/em>Dietmar Peschel,Universit\u00e4tsverlag Winter, 2015. (\u00c0 para\u00eetre  in <em>Le Moyen-\u00c2ge<\/em>).<\/p>\n\n\n\n<p class=\"has-large-font-size\"><strong>2021<\/strong><\/p>\n\n\n\n<ul class=\"wp-block-list\"><li><em>Ha\u00efkus et Tankas d&rsquo;animaux<\/em>, ouvrage collectif coordonn\u00e9 par Georges Chapouthier, illustrations Aur\u00e9lia Colombet et Daniel Cardona, \u00c9ditions Pippa, Paris, 2020, in <span style=\"text-decoration: underline;\"><a href=\"https:\/\/docs.google.com\/viewerng\/viewer?url=https:\/\/www.fondation-droit-animal.org\/documents\/revue111.pdf&amp;hl=en\" target=\"_blank\" rel=\"noreferrer noopener\"><strong>La Revue Droit animal, \u00c9thique et Sciences, N\u00b0111\/no<\/strong>v<strong>embre 2021<\/strong><\/a><\/span>, p.20.<\/li><\/ul>\n\n\n\n<p class=\"has-large-font-size\"><strong>2019<\/strong><\/p>\n\n\n\n<p>&#8211; <em><strong><a rel=\"noreferrer noopener\" href=\"http:\/\/www.fondation-droit-animal.org\/101-cr-le-coup-fatal-histoire-de-labattage-animal\/\" target=\"_blank\">Le coup fatal, Histoire de l\u2019abattage animal<\/a><\/strong><\/em>, Elisabeth Hardouin-Fugier, Alma Editeur, in La Revue Droit Animal, \u00c9thique et Sciences, N\u00b0101\/avril 2019, p.14.<\/p>\n\n\n\n<p class=\"has-large-font-size\"><strong>2016<\/strong><\/p>\n\n\n\n<p><em>&#8211; Interpr\u00e9ter pour traduire<\/em>, Danica Seleskovitch et Marianne Lederer, 5<sup>\u00e8me<\/sup> r\u00e9\u00e9dition, in <em><a href=\"http:\/\/www.aplv-languesmodernes.org\/spip.php?article6219\" target=\"_blank\" rel=\"noreferrer noopener\"><strong><span style=\"text-decoration: underline;\">Les Langues Modernes, 1\/2016<\/span><\/strong><\/a><\/em>, pp.88-89.<\/p>\n\n\n\n<p class=\"has-large-font-size\"><strong>2015<\/strong><\/p>\n\n\n\n<p><em>&#8211; Vater, Tochter, Schwiegersohn. Die erz\u00e4hlerische Ausgestaltung einer famili\u00e4ren Dreierkonstellation im Artusroman franz\u00f6sischer und deutscher Sprache um 1200, <\/em>Jessica Quinlan,Heidelberg, Universit\u00e4tsverlag Winter, 2013&nbsp;; 1 vol., 308 p. (Studien zur historischen Poetik,&nbsp;7) in<em> le Moyen-\u00c2ge<\/em> 3\/4-2015, tome CXXI, p.885-886.<\/p>\n\n\n\n<p><em>&#8211; Literatur in der Stadt. Magdeburg im Mittelalter und Fr\u00fcher Neuzeit, \u00e9d. Michael SCHILLING, Heidelberg, Universit\u00e4tsverlag Winter, 2012 ; 1 vol., 330 p., <\/em>in <em>Le Moyen-\u00c2ge<\/em>, 2\/2015, tome CXXI, pp.469-470.<\/p>\n\n\n\n<p>&#8211; <em>Apprendre les langues \u00e0 l\u2019universit\u00e9 au 21<sup>e<\/sup> si\u00e8cle<\/em>, sous la dir. Martine Derivry-Plard, Pascaline Faure, C\u00e9dric Brudermann, in <em>Les Langues Modernes<\/em>, n\u00b03\/2015, pp.87-88.<\/p>\n\n\n\n<p class=\"has-large-font-size\"><strong>2014<\/strong><\/p>\n\n\n\n<p>&#8211; <em>Histoire de la traduction<\/em>, <em>R\u00e9p\u00e8res historiques et culturels<\/em>, Michel Ballard, Collection Traducto, de boeck, Bruxelles, 2013, in <strong><span style=\"text-decoration: underline;\"><a href=\"http:\/\/www.aplv-languesmodernes.org\/spip.php?article5604\" target=\"_blank\" rel=\"noreferrer noopener\">Les Langues Modernes, 3\/2014<\/a><\/span><\/strong>, pp.&nbsp;83-86.<\/p>\n\n\n\n<p><em>&#8211; H\u00f6fische Wissensordnungen<\/em>, Hans-Jochen Schiewer, Stefan Seeber (Hg.),<em> G\u00f6ttingen (V&amp;R unipress), 2012, 135 S, in <a href=\"http:\/\/www.recensio.net\/rezensionen\/zeitschriften\/francia-recensio\/2014-3\/mittelalter-moyen-age-500-1500\/hoefische-wissensordnungen\/@@generate-pdf-recension?language=de\">FRANCIA-Recensio, 2014\/3<\/a>, <\/em>Moyen \u00c2ge (500\u20131500), Institut Historique Allemand<em>.<\/em><\/p>\n\n\n\n<p><em>&#8211; Le pied qui cloche ou le lignage des boiteux, <\/em>Karin Ueltschi, Champion, 2011, in <em>Perspectives m\u00e9di\u00e9vales 2,<\/em> <em>Revue d\u2019\u00e9pist\u00e9mologie des langues et litt\u00e9ratures du Moyen-\u00c2ge<\/em> [En ligne], <a href=\"http:\/\/peme.revues.org\/6237\">35&nbsp;|&nbsp;2014<\/a>, mis en ligne en janvier 2014.<\/p>\n\n\n\n<p class=\"has-large-font-size\"><strong>2013<\/strong><\/p>\n\n\n\n<p><em>&#8211; Die Jenaer Liederhandschrift. Codex \u2013 Geschichte \u2013 Umfeld, <\/em>\u00e9d. Jens Haustein, Franz K\u00f6rndle,coll. Wolfgang Beck<em>, <\/em>Christoph Fasbender, Berlin-New York, De Gruyter, 2010&nbsp;; 1 vol., X-287 S. in <em>Le Moyen-\u00c2ge,  <\/em>3\/4 2013).<\/p>\n\n\n\n<p><em>&#8211; Prosaversionen h\u00f6fischer Epen in Text und Bild: Zur Rezeption des ,Tristrant&rsquo; im 15. und 16. Jahrhundert,<\/em>Dorothee Ader, Universit\u00e4tsverlag WINTER Heidelberg, 2010, 381&nbsp;S., in <em>Le Moyen-\u00c2ge<\/em>, 2\/2013, p. 417.<\/p>\n\n\n\n<p><em>&#8211; Les ressorts du symbolique, <\/em>Ang\u00e8le Kremer-Marietti<em>, <\/em>L\u2019Harmattan 2011, 328 pages, paru en anglais in <em>Human and Social Studies, Vol.2, N\u00b02 <\/em>(2013)<em>, <\/em>pp.&nbsp;139-141.<\/p>\n\n\n\n<p class=\"has-large-font-size\"><strong>2012<\/strong><\/p>\n\n\n\n<p><em>&#8211; Facetten literarischer Zorndarstellungen, Analysen ausgew\u00e4hlter Texte der mittelalterlichen Epik des 12. und 13. Jahrhunderts unter Ber\u00fccksichtigung der Gattungsfrage, <\/em>Thorsten W.D. Martini, Universit\u00e4tsverlag WINTER Heidelberg, 2009, 387 S., in <em>Le Moyen-\u00c2ge<\/em>, 3\/4-2012, p.&nbsp;729.<\/p>\n\n\n\n<p><em>&#8211; Medialer Dialog. Die \u201eGro\u00dfe Bilderhandschrift\u201c des Willehalm Wolframs von Eschenbach und ihre Kontexte<\/em>, Henrike Manuwald, T\u00fcbingen-Bale, A. Bibliotheca Germanica&nbsp;52, Francke Verlag, 2008, 1&nbsp;vol., X-636 p., ill. in <em>Le Moyen-\u00c2ge<\/em>, 3\/4 2012, p. 730.<\/p>\n\n\n\n<p><em>&#8211; Historische Narratologie \u2013 Medi\u00e4vistische Perspektiven<\/em>, dir. Harald Haferland, Matthias Meyer, coll. Carmen Stange et Markus Greulich, Berlin-New York, De Gruyter, 2010, 444&nbsp;S., in <em>Le Moyen-\u00c2ge<\/em>, t.118, fasc.2, 2012.<\/p>\n\n\n\n<p class=\"has-large-font-size\"><strong>2010<\/strong><\/p>\n\n\n\n<p><em>&#8211; Manier als Experiment in der europ\u00e4ischen Literatur. Aleatorik und Sprachmagie. Tektonismus und Ikonizit\u00e4t. Zugriffe auf innovatorische Potentiale in Lyrik und Roman<\/em>, Ulrich Ernst, Heidelberg, Universit\u00e4tsverlag Winter, 2009 ; 1 vol., XVI-457 p., ill., in <em>Le Moyen-\u00c2ge<\/em>, t.116, CXVI-2010, p.&nbsp;741-742.<\/p>\n\n\n\n<p>&#8211; <em>Sangspruchdichtung, Gattungskonstitution und Gattungsinterferenzen im europ\u00e4ischen Kontext<\/em>, hsg. von D.Klein, T.Ehlert, E.Schmid, Niemeyer, 2007, in <em>Le Moyen-\u00c2ge<\/em>, t.116, CXVI-2010, p.&nbsp;178-179.<\/p>\n\n\n\n<p class=\"has-large-font-size\"><strong>2009<\/strong><\/p>\n\n\n\n<p><em>&#8211; Mittelhochdeutsche Minnereden und Minneallegorien der Wiener Handschrift 2796 und der Heidelberger Handschrift Pal. Germ. 348, 11. Band, \u201eDer Liebende und die Burg der Ehre\u201c, W\u00f6rterbuch und Reimw\u00f6rterbuch<\/em>, herausgegeben, \u00fcbersetzt und untersucht von Michael Mareiner, Bern, Peter Lang, 2008, I\/1974, 416 p., in <em>Le Moyen-\u00c2ge<\/em>, t.115, CXV-2009, p.&nbsp;657-658.<\/p>\n\n\n\n<p>&#8211; <em>Mittelhochdeutsche Minnereden und Minneallegorien der Wiener Handschrift 2796 und der Heidelberger Handschrift Pal. germ. 348, <\/em>sous la dir. de Michael Mareiner, t.&nbsp;8, \u00ab Von einer edlen Amme \u00bb. Eine mittelhochdeutsche Minneallegorie. W\u00f6rterbuch und Reimw\u00f6rterbuch, Berne-Berlin-Bruxelles-Francfort-New York-Vienne, Lang, 2007&nbsp;; 1&nbsp;vol., 378&nbsp;p, in <em>Le Moyen-\u00c2ge, <\/em>t.115, CXV-2009, p.&nbsp;658-659.<\/p>\n\n\n\n<p><em>&#8211; Konrad von W\u00fcrzburg&nbsp;: Pantaleon<\/em>. Bereinigter diplomatischer Abdruck und \u00dcbersetzung, herausgegeben, \u00fcbersetzt und mit Anmerkungen versehen von Thomas Neukirchen, Berlin, 2008 (Erich Schmidt Verlag), 108 S. (Texte des sp\u00e4ten Mittelalters und der fr\u00fchen Neuzeit, 45). En ligne sous <em><a href=\"http:\/\/www.perspectivia.net\/content\/publikationen\/francia\/francia-recensio\/2009-4\/MA\/neukirchen_guillaume\">FRANCIA-Recensio, 2009\/4 Mittelalter<\/a><\/em> \u2013 Moyen \u00c2ge (500\u20131500), Institut Historique Allemand.<\/p>\n\n\n\n<p>&#8211; <em>Fran\u00e7ois Villon,<\/em> <em>S\u00e4mtliche Werke, zweisprachige Ausgabe<\/em>, \u00e9dit\u00e9 et traduit du moyen fran\u00e7ais en allemand moderne par Carl Fischer, 3<sup>\u00e8me<\/sup> \u00e9dition, janvier 2007, Deutscher Taschenbuch Verlag, dtv 12944, 334 pages, in <em>Mediaevistik 22, <\/em>2009<em>, <\/em>pp.&nbsp;628-629.<\/p>\n\n\n\n<p>&#8211; <em>Performing Medieval Narrative,<\/em> Edited by Evelyn Birge Vitz, Nancy Freeman, Regalado, Marilyn Lawrence<strong>, <\/strong>280 pages, Cambridge: D. S. Brewer, 2005, in <em>Mediaevistik <\/em>22, Peter Lang, 2009, pp.&nbsp;299-304.<\/p>\n\n\n\n<p>&#8211; <em>La Description dans les r\u00e9cits d\u2019Antiquit\u00e9 allemands, fin du XII<sup>e<\/sup>-d\u00e9but du XIII<sup>e<\/sup> si\u00e8cle, Aux origines de l\u2019adaptation et du roman,<\/em> M.-S. Masse, Honor\u00e9 Champion, Paris, 2004, in <em>Le Moyen \u00c2ge<\/em>, CXV-2009<em>, <\/em>pp.&nbsp;191-193.<\/p>\n\n\n\n<p class=\"has-large-font-size\"><strong>2008<\/strong><\/p>\n\n\n\n<p>&#8211; <em>Mittelhochdeutsche Minnereden und Minneallegorien der Wiener Handschrift 2796 und der Heidelberger Handschrift Pal. Germ. 348<\/em>, <em>5. Band, \u201eDie Jagd auf einen edlen Fasan\u201c, W\u00f6rterbuch und Reimw\u00f6rterbuch<\/em>, herausgegeben, \u00fcbersetzt und untersucht von Michael Mareiner, Peter Lang, Bern, 2005, I\/1915, in <em>Le Moyen-\u00c2ge, <\/em>CXIV-2008, pp.&nbsp;410-411.<\/p>\n\n\n\n<p class=\"has-large-font-size\"><strong>2007<\/strong><\/p>\n\n\n\n<p>&#8211; <em>Vom Sangspruch zum Meisterlied, Untersuchungen zu einem literarischen Traditionszusammenhang auf der Grundlage der Kolmarer Liederhandschrift<\/em>, Michael Baldzuhn, Niemeyer, T\u00fcbingen 2002, 551 p, in <em>Le Moyen-\u00c2ge<\/em>, t.113, CXIII-2007, p.&nbsp;761-762.<\/p>\n\n\n\n<p>&#8211; <em>Ritual und Text, Formen symbolischer Kommunikation in der Historiographie und Literatur des Sp\u00e4tmittelalters<\/em>, Christiane Witth\u00f6ft, Wissenschaftliche Buchgesellschaft Darmstadt, 2004, 382 pages, in <em><a href=\"http:\/\/www.perspectivia.net\/content\/publikationen\/francia\/francia-retro\/34-1-2007\/0285-0287\">FRANCIA-Recensio 3\/2007<\/a><\/em>, <em>Forschungen zur westeurop\u00e4ischen Geschichte, <\/em>revue de l\u2019Institut Historique Allemand, Francia 34\/1 (2007), Revue de l\u2019Institut historique allemand, pp.&nbsp;285-287<em>.<\/em><\/p>\n\n\n\n<p class=\"has-large-font-size\"><strong>2006<\/strong><\/p>\n\n\n\n<p>&#8211; <em>Ulysse \u00e0 Auschwitz, Primo Levi, Le Survivant, <\/em>Fran\u00e7ois Rastier, Cerf, Paris, 2005, in <em>Les<\/em> <em>Langues Modernes, 1\/2006, <\/em>p.&nbsp;105.<\/p>\n\n\n\n<p>&#8211; <em>Notker der Deutsche, Notker latinus zu den kleineren Schriften, \u00e9d. J.C. King et P.W. Tax, <\/em>in <em>Le Moyen-\u00c2ge, <\/em>t. 112, 2006, pp.&nbsp;407-408.<\/p>\n\n\n\n<p class=\"has-large-font-size\"><strong>2005<\/strong><\/p>\n\n\n\n<p>&#8211; <em>Mittelhochdeutsche Minnereden und Minneallegorien der Wiener Handscfhrift 2796 und der Heidelberger Handschrift Pal. Germ. 348, W\u00f6rterbuch und Reimw\u00f6rterbuch <\/em>herausgegeben, \u00fcbersetzt und untersucht vonMichael Mareiner<em>, t.2, <\/em>in Le Moyen-\u00c2ge, 2\/2005, t. 111, 2005, pp.&nbsp;394-395.<\/p>\n\n\n\n<p class=\"has-large-font-size\"><strong>2004<\/strong><\/p>\n\n\n\n<p>&#8211; <em>Dialoge, sprachliche Kommunikation in und zwischen Texten im deutschen Mittelalter<\/em>, Hamburger Colloquium 1999, \u00e9d. Nikolaus Henkel, Martin H.Jones und Nigel F.Palmer avec la collaboration de Christine Putzo, Max Niemeyer Verlag, 2003, 391 p., in <em>Le Moyen-\u00c2ge,<\/em> 3-4\/2004, t. 110, 2004, pp.&nbsp;722-723.<\/p>\n\n\n\n<p>&#8211; <em>Textsorten deutscher Prosa vom 12.\/13. bis 18. Jahrhundert und ihre Merkmale, Jahrbuch f\u00fcr internationale Germanistik, Reihe A, Band 67, hsg. Von F.Simmler,<\/em> 662&nbsp;p., in <em>Le Moyen-\u00c2ge<\/em> 1\/2004, t. 110, 2004, pp.&nbsp;188-189.<\/p>\n\n\n\n<p>&#8211; <em>Forschungen zur deutschen Literatur des Sp\u00e4tmittelalters, Festschrift f\u00fcr Johannes Janota, <\/em>\u00e9d. Horst Brunner und Werner Williams-Krapp, Max Niemeyer Verlag, T\u00fcbingen, 2003<em>, <\/em>in <em>Le Moyen-\u00c2ge,<\/em> 2\/2004, t. 110, 2004, pp.&nbsp;430-431.<\/p>\n\n\n\n<p class=\"has-large-font-size\"><strong>2003<\/strong><\/p>\n\n\n\n<p>&#8211; <em>Sa\u00fcl, David, Salomon. La Royaut\u00e9 et le destin d\u2019Isra\u00ebl<\/em>, Jacques Cazeaux, <em>lectio divina<\/em>, Cerf, Paris, 2003, 417 p, in <em>M\u00e9langes de Science Religieuse<\/em>, p.&nbsp;82.<\/p>\n\n\n\n<p class=\"has-large-font-size\"><strong>2002<\/strong><\/p>\n\n\n\n<p>&#8211; <em>Langues et cultures en contact, Traduire e(s)t commenter<\/em>, dir. Catherine&nbsp;Paulin, PUFC, 2002, \u00ab&nbsp;Les Belles Lettres&nbsp;\u00bb, 175&nbsp;p., in <em>Les Langues Modernes<\/em>, N\u00b04\/2002, pp.&nbsp;78-81.<\/p>\n\n\n\n<p>&#8211; <em>The Arthur of the Germans<\/em>, W.H. Jackson et S.A. Ranawake(ed.), Cardiff, University of Wales Press, 2000, 337&nbsp;p. (<em>Arthurian Literature in the Middle Ages<\/em>, III)<em>,<\/em> in <em><a href=\"http:\/\/www.cairn.info\/article.php?ID_ARTICLE=RMA_083_0617&amp;AJOUTBIBLIO=RMA_083_0617\">Le Moyen-\u00c2ge 3-4\/2002<\/a><\/em>, t.&nbsp;109, 2002, pp.&nbsp;669-671.<\/p>\n\n\n\n<p>&#8211; <em>R\u00e9ussir les concours de langues<\/em>, Mathieu Guid\u00e8re, in<em> Les Langues Modernes<\/em>, n\u00b02\/2002, pp.&nbsp;79-81.<\/p>\n\n\n\n<p>&#8211; <em>Maschinelle Verarbeitung altdeutscher Texte V, Beitr\u00e4ge zum F\u00fcnften Internationalen Symposion W\u00fcrzburg 4.-6. M\u00e4rz 1997<\/em>, hsg. von S.Moser, P.Stahl, W.Wegstein, N.R.Wolf, Max Niemeyer Verlag, T\u00fcbingen, 2001, 320&nbsp;p., in <em>Le Moyen-\u00c2ge<\/em>, n\u00b02\/2002, Bruxelles, pp.&nbsp;378-380.<\/p>\n\n\n\n<p class=\"has-large-font-size\"><strong>2001<\/strong><\/p>\n\n\n\n<p>&#8211; <em>Abschied vom \u2018historischen Volkslied\u2019. Studien zu Funktion, \u00c4sthetik und Publizit\u00e4t der Gattung historisch-politische Ereignisdichtung<\/em>, Karina Kellermann, Max Niemeyer Verlag, T\u00fcbingen, 2000, 416&nbsp;p., in <em>Le Moyen-\u00c2ge<\/em>, n\u00b03-4\/2001, Bruxelles, pp.&nbsp;596-598.<\/p>\n\n\n\n<p><em>&#8211; Le Scandale du mal<\/em>, Jean-Michel Maldam\u00e9, Cerf, Paris, 2001, 132&nbsp;p., in <em>M\u00e9langes de Science Religieuse, Passages, transformations, bouleversements, <\/em>T.58, n\u00b04<em>, <\/em>Lille, 2001, p.&nbsp;80.<\/p>\n\n\n\n<p class=\"has-large-font-size\"><strong>2000<\/strong><\/p>\n\n\n\n<p>&#8211; <em>Publicit\u00e9 et Traduction<\/em>, Mathieu Guid\u00e8re, Editions L\u2019Harmattan, 2000, 320&nbsp;p., in <em>Les Langues Modernes<\/em>, n\u00b02\/2000, pp.71-73<\/p>\n\n\n\n<p>&#8211; <em>Publicit\u00e9 et Traduction<\/em>, Mathieu Guid\u00e8re, in <em>BABEL, Revue de la F\u00e9d\u00e9ration Internationale des Traducteurs<\/em>, Paris-Bruxelles, n\u00b046\/3, 2000, pp.&nbsp;283-286.<\/p>\n","protected":false},"excerpt":{"rendered":"<p>A para\u00eetre ou en pr\u00e9paration &#8211; Nous et les autres animaux, Catherine Kerbrat-Orecchioni, Lambert-Lucas, Limoges, 2021. (A para\u00eetre dans le Fran\u00e7ais Moderne) &#8211; Autour des formes implicites, Sophie Anquetil, Juliette Elie-Deschamps et Cindy Lefebvre-Scodeller (dir.), 2017. (\u00c0 para\u00eetre dans Les Langues Modernes). &#8211; Inkulturation. Strat\u00e9gien bibelepischen Schreibens in Mittelalter une<\/p>\n<p><a class=\"more-link\" href=\"https:\/\/astrid-guillaume.fr\/index.php\/recensions\/\">Read More<\/a><\/p>\n","protected":false},"author":3,"featured_media":0,"parent":0,"menu_order":0,"comment_status":"closed","ping_status":"closed","template":"","meta":{"footnotes":""},"class_list":["post-750","page","type-page","status-publish","hentry"],"yoast_head":"<!-- This site is optimized with the Yoast SEO plugin v26.9 - https:\/\/yoast.com\/product\/yoast-seo-wordpress\/ -->\n<title>Recensions - Astrid GUILLAUME<\/title>\n<meta name=\"robots\" content=\"index, follow, max-snippet:-1, max-image-preview:large, max-video-preview:-1\" \/>\n<link rel=\"canonical\" href=\"https:\/\/astrid-guillaume.fr\/index.php\/recensions\/\" \/>\n<meta property=\"og:locale\" content=\"fr_FR\" \/>\n<meta property=\"og:type\" content=\"article\" \/>\n<meta property=\"og:title\" content=\"Recensions - Astrid GUILLAUME\" \/>\n<meta property=\"og:description\" content=\"A para\u00eetre ou en pr\u00e9paration &#8211; Nous et les autres animaux, Catherine Kerbrat-Orecchioni, Lambert-Lucas, Limoges, 2021. (A para\u00eetre dans le Fran\u00e7ais Moderne) &#8211; Autour des formes implicites, Sophie Anquetil, Juliette Elie-Deschamps et Cindy Lefebvre-Scodeller (dir.), 2017. (\u00c0 para\u00eetre dans Les Langues Modernes). &#8211; Inkulturation. Strat\u00e9gien bibelepischen Schreibens in Mittelalter uneRead More\" \/>\n<meta property=\"og:url\" content=\"https:\/\/astrid-guillaume.fr\/index.php\/recensions\/\" \/>\n<meta property=\"og:site_name\" content=\"Astrid GUILLAUME\" \/>\n<meta property=\"article:modified_time\" content=\"2021-12-14T00:04:34+00:00\" \/>\n<meta name=\"twitter:card\" content=\"summary_large_image\" \/>\n<meta name=\"twitter:label1\" content=\"Dur\u00e9e de lecture estim\u00e9e\" \/>\n\t<meta name=\"twitter:data1\" content=\"6 minutes\" \/>\n<script type=\"application\/ld+json\" class=\"yoast-schema-graph\">{\"@context\":\"https:\/\/schema.org\",\"@graph\":[{\"@type\":\"WebPage\",\"@id\":\"https:\/\/astrid-guillaume.fr\/index.php\/recensions\/\",\"url\":\"https:\/\/astrid-guillaume.fr\/index.php\/recensions\/\",\"name\":\"Recensions - Astrid GUILLAUME\",\"isPartOf\":{\"@id\":\"https:\/\/astrid-guillaume.fr\/#website\"},\"datePublished\":\"2020-04-16T15:08:34+00:00\",\"dateModified\":\"2021-12-14T00:04:34+00:00\",\"breadcrumb\":{\"@id\":\"https:\/\/astrid-guillaume.fr\/index.php\/recensions\/#breadcrumb\"},\"inLanguage\":\"fr-FR\",\"potentialAction\":[{\"@type\":\"ReadAction\",\"target\":[\"https:\/\/astrid-guillaume.fr\/index.php\/recensions\/\"]}]},{\"@type\":\"BreadcrumbList\",\"@id\":\"https:\/\/astrid-guillaume.fr\/index.php\/recensions\/#breadcrumb\",\"itemListElement\":[{\"@type\":\"ListItem\",\"position\":1,\"name\":\"Accueil\",\"item\":\"https:\/\/astrid-guillaume.fr\/\"},{\"@type\":\"ListItem\",\"position\":2,\"name\":\"Recensions\"}]},{\"@type\":\"WebSite\",\"@id\":\"https:\/\/astrid-guillaume.fr\/#website\",\"url\":\"https:\/\/astrid-guillaume.fr\/\",\"name\":\"Astrid GUILLAUME\",\"description\":\"Ma\u00eetre de conf\u00e9rences HDR - Sorbonne Universit\u00e9\",\"publisher\":{\"@id\":\"https:\/\/astrid-guillaume.fr\/#\/schema\/person\/ea4f874c5f84f3ef4298f3db85c68c9a\"},\"potentialAction\":[{\"@type\":\"SearchAction\",\"target\":{\"@type\":\"EntryPoint\",\"urlTemplate\":\"https:\/\/astrid-guillaume.fr\/?s={search_term_string}\"},\"query-input\":{\"@type\":\"PropertyValueSpecification\",\"valueRequired\":true,\"valueName\":\"search_term_string\"}}],\"inLanguage\":\"fr-FR\"},{\"@type\":[\"Person\",\"Organization\"],\"@id\":\"https:\/\/astrid-guillaume.fr\/#\/schema\/person\/ea4f874c5f84f3ef4298f3db85c68c9a\",\"name\":\"Astrid GUILLAUME\",\"image\":{\"@type\":\"ImageObject\",\"inLanguage\":\"fr-FR\",\"@id\":\"https:\/\/astrid-guillaume.fr\/#\/schema\/person\/image\/\",\"url\":\"https:\/\/secure.gravatar.com\/avatar\/d6b204d7c0d63e3481ca32f0b90c6ff876137841f8508ca626b432158768fd16?s=96&d=blank&r=g\",\"contentUrl\":\"https:\/\/secure.gravatar.com\/avatar\/d6b204d7c0d63e3481ca32f0b90c6ff876137841f8508ca626b432158768fd16?s=96&d=blank&r=g\",\"caption\":\"Astrid GUILLAUME\"},\"logo\":{\"@id\":\"https:\/\/astrid-guillaume.fr\/#\/schema\/person\/image\/\"}}]}<\/script>\n<!-- \/ Yoast SEO plugin. -->","yoast_head_json":{"title":"Recensions - Astrid GUILLAUME","robots":{"index":"index","follow":"follow","max-snippet":"max-snippet:-1","max-image-preview":"max-image-preview:large","max-video-preview":"max-video-preview:-1"},"canonical":"https:\/\/astrid-guillaume.fr\/index.php\/recensions\/","og_locale":"fr_FR","og_type":"article","og_title":"Recensions - Astrid GUILLAUME","og_description":"A para\u00eetre ou en pr\u00e9paration &#8211; Nous et les autres animaux, Catherine Kerbrat-Orecchioni, Lambert-Lucas, Limoges, 2021. (A para\u00eetre dans le Fran\u00e7ais Moderne) &#8211; Autour des formes implicites, Sophie Anquetil, Juliette Elie-Deschamps et Cindy Lefebvre-Scodeller (dir.), 2017. (\u00c0 para\u00eetre dans Les Langues Modernes). &#8211; Inkulturation. Strat\u00e9gien bibelepischen Schreibens in Mittelalter uneRead More","og_url":"https:\/\/astrid-guillaume.fr\/index.php\/recensions\/","og_site_name":"Astrid GUILLAUME","article_modified_time":"2021-12-14T00:04:34+00:00","twitter_card":"summary_large_image","twitter_misc":{"Dur\u00e9e de lecture estim\u00e9e":"6 minutes"},"schema":{"@context":"https:\/\/schema.org","@graph":[{"@type":"WebPage","@id":"https:\/\/astrid-guillaume.fr\/index.php\/recensions\/","url":"https:\/\/astrid-guillaume.fr\/index.php\/recensions\/","name":"Recensions - Astrid GUILLAUME","isPartOf":{"@id":"https:\/\/astrid-guillaume.fr\/#website"},"datePublished":"2020-04-16T15:08:34+00:00","dateModified":"2021-12-14T00:04:34+00:00","breadcrumb":{"@id":"https:\/\/astrid-guillaume.fr\/index.php\/recensions\/#breadcrumb"},"inLanguage":"fr-FR","potentialAction":[{"@type":"ReadAction","target":["https:\/\/astrid-guillaume.fr\/index.php\/recensions\/"]}]},{"@type":"BreadcrumbList","@id":"https:\/\/astrid-guillaume.fr\/index.php\/recensions\/#breadcrumb","itemListElement":[{"@type":"ListItem","position":1,"name":"Accueil","item":"https:\/\/astrid-guillaume.fr\/"},{"@type":"ListItem","position":2,"name":"Recensions"}]},{"@type":"WebSite","@id":"https:\/\/astrid-guillaume.fr\/#website","url":"https:\/\/astrid-guillaume.fr\/","name":"Astrid GUILLAUME","description":"Ma\u00eetre de conf\u00e9rences HDR - Sorbonne Universit\u00e9","publisher":{"@id":"https:\/\/astrid-guillaume.fr\/#\/schema\/person\/ea4f874c5f84f3ef4298f3db85c68c9a"},"potentialAction":[{"@type":"SearchAction","target":{"@type":"EntryPoint","urlTemplate":"https:\/\/astrid-guillaume.fr\/?s={search_term_string}"},"query-input":{"@type":"PropertyValueSpecification","valueRequired":true,"valueName":"search_term_string"}}],"inLanguage":"fr-FR"},{"@type":["Person","Organization"],"@id":"https:\/\/astrid-guillaume.fr\/#\/schema\/person\/ea4f874c5f84f3ef4298f3db85c68c9a","name":"Astrid GUILLAUME","image":{"@type":"ImageObject","inLanguage":"fr-FR","@id":"https:\/\/astrid-guillaume.fr\/#\/schema\/person\/image\/","url":"https:\/\/secure.gravatar.com\/avatar\/d6b204d7c0d63e3481ca32f0b90c6ff876137841f8508ca626b432158768fd16?s=96&d=blank&r=g","contentUrl":"https:\/\/secure.gravatar.com\/avatar\/d6b204d7c0d63e3481ca32f0b90c6ff876137841f8508ca626b432158768fd16?s=96&d=blank&r=g","caption":"Astrid GUILLAUME"},"logo":{"@id":"https:\/\/astrid-guillaume.fr\/#\/schema\/person\/image\/"}}]}},"_links":{"self":[{"href":"https:\/\/astrid-guillaume.fr\/index.php\/wp-json\/wp\/v2\/pages\/750","targetHints":{"allow":["GET"]}}],"collection":[{"href":"https:\/\/astrid-guillaume.fr\/index.php\/wp-json\/wp\/v2\/pages"}],"about":[{"href":"https:\/\/astrid-guillaume.fr\/index.php\/wp-json\/wp\/v2\/types\/page"}],"author":[{"embeddable":true,"href":"https:\/\/astrid-guillaume.fr\/index.php\/wp-json\/wp\/v2\/users\/3"}],"replies":[{"embeddable":true,"href":"https:\/\/astrid-guillaume.fr\/index.php\/wp-json\/wp\/v2\/comments?post=750"}],"version-history":[{"count":18,"href":"https:\/\/astrid-guillaume.fr\/index.php\/wp-json\/wp\/v2\/pages\/750\/revisions"}],"predecessor-version":[{"id":1478,"href":"https:\/\/astrid-guillaume.fr\/index.php\/wp-json\/wp\/v2\/pages\/750\/revisions\/1478"}],"wp:attachment":[{"href":"https:\/\/astrid-guillaume.fr\/index.php\/wp-json\/wp\/v2\/media?parent=750"}],"curies":[{"name":"wp","href":"https:\/\/api.w.org\/{rel}","templated":true}]}}