{"id":506,"date":"2020-04-14T01:18:52","date_gmt":"2020-04-13T23:18:52","guid":{"rendered":"http:\/\/astrid-guillaume.fr\/?page_id=506"},"modified":"2026-03-20T00:46:53","modified_gmt":"2026-03-19T23:46:53","slug":"chapitres","status":"publish","type":"page","link":"https:\/\/astrid-guillaume.fr\/index.php\/chapitres\/","title":{"rendered":"Chapitres, Introductions, Postfaces"},"content":{"rendered":"\n<p class=\"has-large-font-size\"><strong>2026<\/strong><\/p>\n\n\n\n<p>-11- <strong>Pr\u00e9face <\/strong>de <em><a href=\"https:\/\/www.editions-harmattan.fr\/catalogue\/livre\/un-deuil-animalier\/82273?srsltid=AfmBOopn8GsS4FIvef2zWfBLeGOpFyhlB9QHgYQX2skdEQ4lvvNhgY3s\" target=\"_blank\" rel=\"noreferrer noopener\">Un Deuil animalier. T\u00e9moignage<\/a><\/em>, de Jean-Marc Neumann, L&rsquo;Harmattan, 2026. (Collection zoos\u00e9miotique).<\/p>\n\n\n\n<figure class=\"wp-block-image size-large is-resized\"><img fetchpriority=\"high\" decoding=\"async\" width=\"643\" height=\"1024\" src=\"https:\/\/astrid-guillaume.fr\/wp-content\/uploads\/2026\/03\/couv-643x1024.jpg\" alt=\"\" class=\"wp-image-2693\" style=\"aspect-ratio:0.6279239734229429;width:284px;height:auto\" srcset=\"https:\/\/astrid-guillaume.fr\/wp-content\/uploads\/2026\/03\/couv-643x1024.jpg 643w, https:\/\/astrid-guillaume.fr\/wp-content\/uploads\/2026\/03\/couv-188x300.jpg 188w, https:\/\/astrid-guillaume.fr\/wp-content\/uploads\/2026\/03\/couv-768x1224.jpg 768w, https:\/\/astrid-guillaume.fr\/wp-content\/uploads\/2026\/03\/couv-964x1536.jpg 964w, https:\/\/astrid-guillaume.fr\/wp-content\/uploads\/2026\/03\/couv-1285x2048.jpg 1285w, https:\/\/astrid-guillaume.fr\/wp-content\/uploads\/2026\/03\/couv-800x1275.jpg 800w, https:\/\/astrid-guillaume.fr\/wp-content\/uploads\/2026\/03\/couv.jpg 1593w\" sizes=\"(max-width: 643px) 100vw, 643px\" \/><\/figure>\n\n\n\n<p class=\"has-large-font-size\"><strong>2025<\/strong><\/p>\n\n\n\n<p>-10- <strong>Introduction <\/strong>du \u00ab\u00a0chapitre Diversit\u00e9 linguistique et traduction\u00a0\u00bb, dans <strong><a href=\"https:\/\/www.observatoireplurilinguisme.eu\/les-fondamentaux\/langues-et-sciences\/18438-de-babel-%C3%A0-l-intelligence-artificielle-ecrits-sur-le-plurilinguisme-coord-christian-tremblay-et-jos%C3%A9-carlos-herreras,-collection-plurilinguisme\" target=\"_blank\" rel=\"noreferrer noopener\"><em>De Babel \u00e0 l&rsquo;IA<\/em>. <em>\u00c9crits sur le plurilinguisme<\/em>,<\/a><\/strong> C. Tremblay et J. C. Herreras, Collection Plurilinguisme, Paris, 2025, pp.511-514<\/p>\n\n\n\n<figure class=\"wp-block-image size-full is-resized\"><img decoding=\"async\" width=\"505\" height=\"672\" src=\"https:\/\/astrid-guillaume.fr\/wp-content\/uploads\/2025\/09\/Couv-1.png\" alt=\"\" class=\"wp-image-2527\" style=\"width:280px;height:auto\" srcset=\"https:\/\/astrid-guillaume.fr\/wp-content\/uploads\/2025\/09\/Couv-1.png 505w, https:\/\/astrid-guillaume.fr\/wp-content\/uploads\/2025\/09\/Couv-1-225x300.png 225w\" sizes=\"(max-width: 505px) 100vw, 505px\" \/><\/figure>\n\n\n\n<p>-9- <strong>Postface <a href=\"https:\/\/classiques-garnier.com\/dialoguer-avec-la-nature-postface.html\" target=\"_blank\" rel=\"noreferrer noopener\">\u00ab&nbsp;L\u2019obligation de renouer avec le vivant&nbsp;\u00bb<\/a>,<\/strong> dans <em>Dialoguer avec la nature<\/em>, F.Kohler (dir.), collection S\u00e9miotiques culturelles, pp.115-124.<\/p>\n\n\n\n<figure class=\"wp-block-image size-large is-resized\"><img decoding=\"async\" width=\"683\" height=\"1024\" src=\"https:\/\/astrid-guillaume.fr\/wp-content\/uploads\/2025\/07\/FkeMS01b_couv-683x1024.jpg\" alt=\"\" class=\"wp-image-2493\" style=\"width:239px;height:auto\" srcset=\"https:\/\/astrid-guillaume.fr\/wp-content\/uploads\/2025\/07\/FkeMS01b_couv-683x1024.jpg 683w, https:\/\/astrid-guillaume.fr\/wp-content\/uploads\/2025\/07\/FkeMS01b_couv-200x300.jpg 200w, https:\/\/astrid-guillaume.fr\/wp-content\/uploads\/2025\/07\/FkeMS01b_couv-768x1152.jpg 768w, https:\/\/astrid-guillaume.fr\/wp-content\/uploads\/2025\/07\/FkeMS01b_couv-1024x1536.jpg 1024w, https:\/\/astrid-guillaume.fr\/wp-content\/uploads\/2025\/07\/FkeMS01b_couv-800x1200.jpg 800w, https:\/\/astrid-guillaume.fr\/wp-content\/uploads\/2025\/07\/FkeMS01b_couv.jpg 1260w\" sizes=\"(max-width: 683px) 100vw, 683px\" \/><\/figure>\n\n\n\n<p class=\"has-large-font-size\"><strong>2022<\/strong><\/p>\n\n\n\n<div class=\"wp-block-columns is-layout-flex wp-container-core-columns-is-layout-9d6595d7 wp-block-columns-is-layout-flex\">\n<div class=\"wp-block-column is-layout-flow wp-block-column-is-layout-flow\" style=\"flex-basis:100%\">\n<figure class=\"wp-block-image size-full is-resized\"><img loading=\"lazy\" decoding=\"async\" width=\"513\" height=\"736\" src=\"https:\/\/astrid-guillaume.fr\/wp-content\/uploads\/2022\/02\/CouvVF-1.jpg\" alt=\"\" class=\"wp-image-1573\" style=\"width:225px;height:323px\" srcset=\"https:\/\/astrid-guillaume.fr\/wp-content\/uploads\/2022\/02\/CouvVF-1.jpg 513w, https:\/\/astrid-guillaume.fr\/wp-content\/uploads\/2022\/02\/CouvVF-1-209x300.jpg 209w\" sizes=\"(max-width: 513px) 100vw, 513px\" \/><\/figure>\n<\/div>\n<\/div>\n\n\n\n<p>-8- <strong>Chapitre <\/strong>\u00ab\u00a0Les d\u00e9bats sur le sp\u00e9cisme\u00a0\u00bb, in<a href=\"https:\/\/www.scienceshumaines.com\/psychologie-des-animaux_fr_823.htm\"> <strong>Psychologie des animaux<\/strong><\/a>, sous la direction de Jean-Fran\u00e7ois Marmion, \u00c9ditions Sciences humaines, Paris, 2022, 420 pages. pp. 375-390.<\/p>\n\n\n\n<p class=\"has-large-font-size\"><strong>2021<\/strong><\/p>\n\n\n\n<figure class=\"wp-block-image size-large is-resized\"><img loading=\"lazy\" decoding=\"async\" width=\"644\" height=\"1024\" src=\"https:\/\/astrid-guillaume.fr\/wp-content\/uploads\/2021\/04\/CouvGB1-644x1024.jpg\" alt=\"\" class=\"wp-image-1285\" style=\"width:169px;height:269px\" srcset=\"https:\/\/astrid-guillaume.fr\/wp-content\/uploads\/2021\/04\/CouvGB1-644x1024.jpg 644w, https:\/\/astrid-guillaume.fr\/wp-content\/uploads\/2021\/04\/CouvGB1-189x300.jpg 189w, https:\/\/astrid-guillaume.fr\/wp-content\/uploads\/2021\/04\/CouvGB1.jpg 720w\" sizes=\"(max-width: 644px) 100vw, 644px\" \/><\/figure>\n\n\n\n<p>-7- <strong>Chapter 6 <\/strong>&#8211; \u00ab\u00a0Semiotics of Cultures and Theoretical Hybridities: For a Renewal of Thought\u00a0\u00bb, in <em><strong><a href=\"http:\/\/www.iste.co.uk\/book.php?id=1685\" target=\"_blank\" rel=\"noreferrer noopener\">Making Sense, Making Science<\/a><\/strong><\/em>, Astrid GUILLAUME et Lia KURTS-W\u00d6STE (ed), ISTE Editions, London, 2021, pp.81-100. <\/p>\n\n\n\n<p class=\"has-large-font-size\"><strong>2020<\/strong><\/p>\n\n\n\n<p><img loading=\"lazy\" decoding=\"async\" width=\"1200\" height=\"300\" class=\"wp-image-1013\" style=\"width: 1200px;\" src=\"http:\/\/astrid-guillaume.fr\/wp-content\/uploads\/2020\/04\/Bani\u00e8re16.jpg\" alt=\"\" srcset=\"https:\/\/astrid-guillaume.fr\/wp-content\/uploads\/2020\/04\/Bani\u00e8re16.jpg 1200w, https:\/\/astrid-guillaume.fr\/wp-content\/uploads\/2020\/04\/Bani\u00e8re16-300x75.jpg 300w, https:\/\/astrid-guillaume.fr\/wp-content\/uploads\/2020\/04\/Bani\u00e8re16-1024x256.jpg 1024w, https:\/\/astrid-guillaume.fr\/wp-content\/uploads\/2020\/04\/Bani\u00e8re16-768x192.jpg 768w, https:\/\/astrid-guillaume.fr\/wp-content\/uploads\/2020\/04\/Bani\u00e8re16-800x200.jpg 800w\" sizes=\"(max-width: 1200px) 100vw, 1200px\" \/><br>-6- \u00ab\u00a0<strong>Chapitre 6.<\/strong> S\u00e9miotique des cultures et hybridit\u00e9s th\u00e9oriques : pour un renouvellement de la pens\u00e9e\u00a0\u00bb, in <a rel=\"noreferrer noopener\" href=\"https:\/\/www.istegroup.com\/fr\/produit\/faire-sens-faire-science\/\" target=\"_blank\"><strong><em>Faire sens, faire science<\/em><\/strong><\/a>, Astrid GUILLAUME et Lia KURTS-W\u00d6STE (dir.), ISTE Editions, London, 2020, pp.121-143.<\/p>\n\n\n\n<p class=\"has-large-font-size\"><strong>2009<\/strong><\/p>\n\n\n\n<p><img loading=\"lazy\" decoding=\"async\" width=\"1200\" height=\"400\" class=\"wp-image-648\" style=\"width: 1200px;\" src=\"http:\/\/astrid-guillaume.fr\/wp-content\/uploads\/2020\/04\/Banni\u00e8re11-7.jpg\" alt=\"\" srcset=\"https:\/\/astrid-guillaume.fr\/wp-content\/uploads\/2020\/04\/Banni\u00e8re11-7.jpg 900w, https:\/\/astrid-guillaume.fr\/wp-content\/uploads\/2020\/04\/Banni\u00e8re11-7-300x100.jpg 300w, https:\/\/astrid-guillaume.fr\/wp-content\/uploads\/2020\/04\/Banni\u00e8re11-7-768x256.jpg 768w, https:\/\/astrid-guillaume.fr\/wp-content\/uploads\/2020\/04\/Banni\u00e8re11-7-800x267.jpg 800w\" sizes=\"(max-width: 1200px) 100vw, 1200px\" \/><\/p>\n\n\n\n<p class=\"has-text-align-left\">-5- Chapitre dans une encyclop\u00e9die, \u00ab<strong>Chapitre 26.1<\/strong> <a rel=\"noreferrer noopener\" href=\"http:\/\/books.google.fr\/books?id=e-tNLWd9hUMC&amp;pg=PA983&amp;lpg=PA983&amp;dq=%22astrid+guillaume%22&amp;source=bl&amp;ots=gxCuHt8yY6&amp;sig=l0KBHuvx2yCQbBxCKJJzVtKXBEE&amp;hl=fr&amp;sa=X&amp;ei=3Yw6VPjKEdHcaKrygPAO&amp;ved=0CCAQ6AEwADgy#v=onepage&amp;q=%22astrid%20guillaume%22&amp;f=false\" target=\"_blank\"><strong><span style=\"text-decoration: underline;\">La Litt\u00e9rature<\/span><\/strong><\/a> du XXe si\u00e8cle\u00bb<em>,<\/em> en collaboration avec <br>Marc Bensimon (Los Angeles), in <em><strong><span style=\"text-decoration: underline;\"><a rel=\"noreferrer noopener\" href=\"http:\/\/portal.unesco.org\/culture\/fr\/ev.php-URL_ID=19889&amp;URL_DO=DO_TOPIC&amp;URL_SECTION=201.html\" target=\"_blank\">Histoire de l\u2019Humanit\u00e9<\/a><\/span><\/strong>, Volume VII, <\/em>Pr\u00e9face de Ko\u00efchiro Matsuura, Directeur-G\u00e9n\u00e9ral de l\u2019UNESCO, Collection Histoire plurielle, \u00c9ditions de l\u2019UNESCO, Paris, 2009, 2254 pages, pp.&nbsp;983-1043. \u00c9galement traduit en italien, espagnol, russe et portugais. Version broch\u00e9e de poche.<\/p>\n\n\n\n<hr class=\"wp-block-separator has-css-opacity\"\/>\n\n\n\n<p class=\"has-large-font-size\"><strong>2008<\/strong><\/p>\n\n\n\n<p class=\"has-text-align-left\"><img loading=\"lazy\" decoding=\"async\" width=\"1200\" height=\"300\" class=\"wp-image-1011\" style=\"width: 1200px;\" src=\"http:\/\/astrid-guillaume.fr\/wp-content\/uploads\/2020\/04\/Banni\u00e8re12-2.jpg\" alt=\"\" srcset=\"https:\/\/astrid-guillaume.fr\/wp-content\/uploads\/2020\/04\/Banni\u00e8re12-2.jpg 1200w, https:\/\/astrid-guillaume.fr\/wp-content\/uploads\/2020\/04\/Banni\u00e8re12-2-300x75.jpg 300w, https:\/\/astrid-guillaume.fr\/wp-content\/uploads\/2020\/04\/Banni\u00e8re12-2-1024x256.jpg 1024w, https:\/\/astrid-guillaume.fr\/wp-content\/uploads\/2020\/04\/Banni\u00e8re12-2-768x192.jpg 768w, https:\/\/astrid-guillaume.fr\/wp-content\/uploads\/2020\/04\/Banni\u00e8re12-2-800x200.jpg 800w\" sizes=\"(max-width: 1200px) 100vw, 1200px\" \/><\/p>\n\n\n\n<p>-4- Chapitre dans l&rsquo;encyclop\u00e9die de l&rsquo;UNESCO (version anglaise),  \u00ab&nbsp;<em>Chapter 26.1. Literature<\/em>&nbsp;\u00bb in collaboration with Marc Bensimon (Los Angeles), in <em><strong><span style=\"text-decoration: underline;\"><a rel=\"noreferrer noopener\" href=\"http:\/\/publishing.unesco.org\/details.aspx?Code_Livre=4634\" target=\"_blank\">History of Humanity<\/a><\/span><\/strong><\/em>, <em>Volume VII, <\/em>Preface of Ko\u00efchiro Matsuura, Director-General of UNESCO, Edited by Sarvepalli Gopal and Sergei L. Tikhvinsky<br>Co-edited by I. A. Abu-Lughod, G. Weinberg, I. D. Thiam and W. Tao, Multiple History Series, UNESCO publishing\/Routledge, Paris \u2013 New York, 2008, pp.&nbsp;386-408. Version broch\u00e9e grand format.<\/p>\n\n\n\n<hr class=\"wp-block-separator has-css-opacity\"\/>\n\n\n\n<p class=\"has-text-align-left\"><img loading=\"lazy\" decoding=\"async\" width=\"1200\" height=\"400\" class=\"wp-image-673\" style=\"width: 1200px;\" src=\"http:\/\/astrid-guillaume.fr\/wp-content\/uploads\/2020\/04\/Banni\u00e8re13-2.jpg\" alt=\"\" srcset=\"https:\/\/astrid-guillaume.fr\/wp-content\/uploads\/2020\/04\/Banni\u00e8re13-2.jpg 900w, https:\/\/astrid-guillaume.fr\/wp-content\/uploads\/2020\/04\/Banni\u00e8re13-2-300x100.jpg 300w, https:\/\/astrid-guillaume.fr\/wp-content\/uploads\/2020\/04\/Banni\u00e8re13-2-768x256.jpg 768w, https:\/\/astrid-guillaume.fr\/wp-content\/uploads\/2020\/04\/Banni\u00e8re13-2-800x267.jpg 800w\" sizes=\"(max-width: 1200px) 100vw, 1200px\" \/><\/p>\n\n\n\n<p>-3- Chapitre activit\u00e9s du CD-Rom <em>\u00ab&nbsp;<\/em><strong><span style=\"text-decoration: underline;\"><a rel=\"noreferrer noopener\" href=\"http:\/\/archive.ecml.at\/mtp2\/Lea\/results\/Activities\/astrid.pdf\" target=\"_blank\">Plurilinguisme et Pluriculturalisme sur Internet&nbsp;: approche s\u00e9miotique et lexicologique<\/a><\/span><\/strong><em>&nbsp;\u00bb<\/em>, in <em><a rel=\"noreferrer noopener\" href=\"http:\/\/www.ecml.at\/mtp2\/Lea\/results\/participantsfrench.html\" target=\"_blank\"><span style=\"text-decoration: underline;\"><strong>LEA<\/strong><\/span><\/a>, Langue et Education Au plurilinguisme, Language Educator Awareness, La dimension plurilingue et pluriculturelle dans la formation des enseignants de langues\/<\/em> dir. Merc\u00e8 Bernaus, Ana Isabel Andrade, Martine Kervran, Anna Murkowska, Fernando Trujillo Saez, \u00c9ditions du Conseil de l\u2019Europe, 2008. [<span style=\"text-decoration: underline;\"><a rel=\"noreferrer noopener\" href=\"https:\/\/book.coe.int\/fr\/pedagogie-et-langues-vivantes-celv-graz\/4067-la-dimension-plurilingue-et-pluriculturelle-dans-la-formation-des-enseignants-de-langues-kit-de-formation-livre-cd-rom.html\" target=\"_blank\"><strong>publication sous forme de livre, CD-Rom<\/strong><\/a><\/span>].<\/p>\n\n\n\n<p>-2- Chapitre activit\u00e9s du CD-Rom <em>\u00ab&nbsp;<\/em><strong><a rel=\"noreferrer noopener\" href=\"http:\/\/archive.ecml.at\/mtp2\/Lea\/results\/Activities\/astrid.pdf\" target=\"_blank\">Plurilinguisme et Pluriculturalisme sur Internet&nbsp;: approche s\u00e9miotique et lexicologique<\/a><\/strong><em>&nbsp;\u00bb<\/em>, in <em><a rel=\"noreferrer noopener\" href=\"http:\/\/www.ecml.at\/mtp2\/Lea\/results\/participantsfrench.html\" target=\"_blank\"><strong>LEA<\/strong><\/a> Developing plurilingual and pluricultural awareness in language teacher education,<\/em> dir. Merc\u00e8 Bernaus, Ana Isabel Andrade, Martine Kervran, Anna Murkowska, Fernando Trujillo Saez, \u00c9ditions du Conseil de l\u2019Europe, 2008. [<strong><span style=\"text-decoration: underline;\"><a rel=\"noreferrer noopener\" href=\"https:\/\/book.coe.int\/fr\/root\/3951-plurilingual-and-pluricultural-awareness-in-language-teacher-education-a-training-kit-book-cd-rom.html\" target=\"_blank\">publication sous forme de livre, CD-Rom<\/a><\/span><\/strong>].<\/p>\n\n\n\n<hr class=\"wp-block-separator has-css-opacity\"\/>\n\n\n\n<p class=\"has-large-font-size\"><strong>2005<\/strong><\/p>\n\n\n\n<p><img loading=\"lazy\" decoding=\"async\" width=\"1200\" height=\"300\" class=\"wp-image-1009\" style=\"width: 1200px;\" src=\"http:\/\/astrid-guillaume.fr\/wp-content\/uploads\/2020\/04\/Banniere14-1.jpg\" alt=\"\" srcset=\"https:\/\/astrid-guillaume.fr\/wp-content\/uploads\/2020\/04\/Banniere14-1.jpg 1200w, https:\/\/astrid-guillaume.fr\/wp-content\/uploads\/2020\/04\/Banniere14-1-300x75.jpg 300w, https:\/\/astrid-guillaume.fr\/wp-content\/uploads\/2020\/04\/Banniere14-1-1024x256.jpg 1024w, https:\/\/astrid-guillaume.fr\/wp-content\/uploads\/2020\/04\/Banniere14-1-768x192.jpg 768w, https:\/\/astrid-guillaume.fr\/wp-content\/uploads\/2020\/04\/Banniere14-1-800x200.jpg 800w\" sizes=\"(max-width: 1200px) 100vw, 1200px\" \/><\/p>\n\n\n\n<p>-1- Chapitre dans l&rsquo;encyclop\u00e9die de l&rsquo;UNESCO (version russe), \u00ab&nbsp;<em>Chapter 26.1. Literature<\/em>&nbsp;\u00bb in collaboration with Marc Bensimon (Los Angeles), in <em><strong><a rel=\"noreferrer noopener\" href=\"http:\/\/publishing.unesco.org\/details.aspx?Code_Livre=4668\" target=\"_blank\"><span style=\"text-decoration: underline;\">History of Humanity<\/span><\/a><\/strong><\/em>, <em>Volume VII, <\/em>Preface of Ko\u00efchiro Matsuura, Director-General of UNESCO, Multiple History Series, UNESCO publishing\/Routledge, Paris \u2013 New York, 2008, pp.&nbsp;386-408. Traduit en russe chez Magister Press. Version broch\u00e9e grand format.<\/p>\n","protected":false},"excerpt":{"rendered":"<p>2026 -11- Pr\u00e9face de Un Deuil animalier. T\u00e9moignage, de Jean-Marc Neumann, L&rsquo;Harmattan, 2026. (Collection zoos\u00e9miotique). 2025 -10- Introduction du \u00ab\u00a0chapitre Diversit\u00e9 linguistique et traduction\u00a0\u00bb, dans De Babel \u00e0 l&rsquo;IA. \u00c9crits sur le plurilinguisme, C. Tremblay et J. C. Herreras, Collection Plurilinguisme, Paris, 2025, pp.511-514 -9- Postface \u00ab&nbsp;L\u2019obligation de renouer avec<\/p>\n<p><a class=\"more-link\" href=\"https:\/\/astrid-guillaume.fr\/index.php\/chapitres\/\">Read More<\/a><\/p>\n","protected":false},"author":3,"featured_media":0,"parent":0,"menu_order":0,"comment_status":"closed","ping_status":"closed","template":"","meta":{"footnotes":""},"class_list":["post-506","page","type-page","status-publish","hentry"],"yoast_head":"<!-- This site is optimized with the Yoast SEO plugin v26.9 - https:\/\/yoast.com\/product\/yoast-seo-wordpress\/ -->\n<title>Chapitres, Introductions, Postfaces - Astrid GUILLAUME<\/title>\n<meta name=\"robots\" content=\"index, follow, max-snippet:-1, max-image-preview:large, max-video-preview:-1\" \/>\n<link rel=\"canonical\" href=\"https:\/\/astrid-guillaume.fr\/index.php\/chapitres\/\" \/>\n<meta property=\"og:locale\" content=\"fr_FR\" \/>\n<meta property=\"og:type\" content=\"article\" \/>\n<meta property=\"og:title\" content=\"Chapitres, Introductions, Postfaces - Astrid GUILLAUME\" \/>\n<meta property=\"og:description\" content=\"2026 -11- Pr\u00e9face de Un Deuil animalier. T\u00e9moignage, de Jean-Marc Neumann, L&rsquo;Harmattan, 2026. (Collection zoos\u00e9miotique). 2025 -10- Introduction du \u00ab\u00a0chapitre Diversit\u00e9 linguistique et traduction\u00a0\u00bb, dans De Babel \u00e0 l&rsquo;IA. \u00c9crits sur le plurilinguisme, C. Tremblay et J. C. Herreras, Collection Plurilinguisme, Paris, 2025, pp.511-514 -9- Postface \u00ab&nbsp;L\u2019obligation de renouer avecRead More\" \/>\n<meta property=\"og:url\" content=\"https:\/\/astrid-guillaume.fr\/index.php\/chapitres\/\" \/>\n<meta property=\"og:site_name\" content=\"Astrid GUILLAUME\" \/>\n<meta property=\"article:modified_time\" content=\"2026-03-19T23:46:53+00:00\" \/>\n<meta property=\"og:image\" content=\"https:\/\/astrid-guillaume.fr\/wp-content\/uploads\/2026\/03\/couv.jpg\" \/>\n\t<meta property=\"og:image:width\" content=\"1593\" \/>\n\t<meta property=\"og:image:height\" content=\"2538\" \/>\n\t<meta property=\"og:image:type\" content=\"image\/jpeg\" \/>\n<meta name=\"twitter:card\" content=\"summary_large_image\" \/>\n<meta name=\"twitter:label1\" content=\"Dur\u00e9e de lecture estim\u00e9e\" \/>\n\t<meta name=\"twitter:data1\" content=\"5 minutes\" \/>\n<script type=\"application\/ld+json\" class=\"yoast-schema-graph\">{\"@context\":\"https:\/\/schema.org\",\"@graph\":[{\"@type\":\"WebPage\",\"@id\":\"https:\/\/astrid-guillaume.fr\/index.php\/chapitres\/\",\"url\":\"https:\/\/astrid-guillaume.fr\/index.php\/chapitres\/\",\"name\":\"Chapitres, Introductions, Postfaces - Astrid GUILLAUME\",\"isPartOf\":{\"@id\":\"https:\/\/astrid-guillaume.fr\/#website\"},\"primaryImageOfPage\":{\"@id\":\"https:\/\/astrid-guillaume.fr\/index.php\/chapitres\/#primaryimage\"},\"image\":{\"@id\":\"https:\/\/astrid-guillaume.fr\/index.php\/chapitres\/#primaryimage\"},\"thumbnailUrl\":\"https:\/\/astrid-guillaume.fr\/wp-content\/uploads\/2026\/03\/couv-643x1024.jpg\",\"datePublished\":\"2020-04-13T23:18:52+00:00\",\"dateModified\":\"2026-03-19T23:46:53+00:00\",\"breadcrumb\":{\"@id\":\"https:\/\/astrid-guillaume.fr\/index.php\/chapitres\/#breadcrumb\"},\"inLanguage\":\"fr-FR\",\"potentialAction\":[{\"@type\":\"ReadAction\",\"target\":[\"https:\/\/astrid-guillaume.fr\/index.php\/chapitres\/\"]}]},{\"@type\":\"ImageObject\",\"inLanguage\":\"fr-FR\",\"@id\":\"https:\/\/astrid-guillaume.fr\/index.php\/chapitres\/#primaryimage\",\"url\":\"https:\/\/astrid-guillaume.fr\/wp-content\/uploads\/2026\/03\/couv.jpg\",\"contentUrl\":\"https:\/\/astrid-guillaume.fr\/wp-content\/uploads\/2026\/03\/couv.jpg\",\"width\":1593,\"height\":2538},{\"@type\":\"BreadcrumbList\",\"@id\":\"https:\/\/astrid-guillaume.fr\/index.php\/chapitres\/#breadcrumb\",\"itemListElement\":[{\"@type\":\"ListItem\",\"position\":1,\"name\":\"Accueil\",\"item\":\"https:\/\/astrid-guillaume.fr\/\"},{\"@type\":\"ListItem\",\"position\":2,\"name\":\"Chapitres, Introductions, Postfaces\"}]},{\"@type\":\"WebSite\",\"@id\":\"https:\/\/astrid-guillaume.fr\/#website\",\"url\":\"https:\/\/astrid-guillaume.fr\/\",\"name\":\"Astrid GUILLAUME\",\"description\":\"Ma\u00eetre de conf\u00e9rences HDR - Sorbonne Universit\u00e9\",\"publisher\":{\"@id\":\"https:\/\/astrid-guillaume.fr\/#\/schema\/person\/ea4f874c5f84f3ef4298f3db85c68c9a\"},\"potentialAction\":[{\"@type\":\"SearchAction\",\"target\":{\"@type\":\"EntryPoint\",\"urlTemplate\":\"https:\/\/astrid-guillaume.fr\/?s={search_term_string}\"},\"query-input\":{\"@type\":\"PropertyValueSpecification\",\"valueRequired\":true,\"valueName\":\"search_term_string\"}}],\"inLanguage\":\"fr-FR\"},{\"@type\":[\"Person\",\"Organization\"],\"@id\":\"https:\/\/astrid-guillaume.fr\/#\/schema\/person\/ea4f874c5f84f3ef4298f3db85c68c9a\",\"name\":\"Astrid GUILLAUME\",\"image\":{\"@type\":\"ImageObject\",\"inLanguage\":\"fr-FR\",\"@id\":\"https:\/\/astrid-guillaume.fr\/#\/schema\/person\/image\/\",\"url\":\"https:\/\/secure.gravatar.com\/avatar\/d6b204d7c0d63e3481ca32f0b90c6ff876137841f8508ca626b432158768fd16?s=96&d=blank&r=g\",\"contentUrl\":\"https:\/\/secure.gravatar.com\/avatar\/d6b204d7c0d63e3481ca32f0b90c6ff876137841f8508ca626b432158768fd16?s=96&d=blank&r=g\",\"caption\":\"Astrid GUILLAUME\"},\"logo\":{\"@id\":\"https:\/\/astrid-guillaume.fr\/#\/schema\/person\/image\/\"}}]}<\/script>\n<!-- \/ Yoast SEO plugin. -->","yoast_head_json":{"title":"Chapitres, Introductions, Postfaces - Astrid GUILLAUME","robots":{"index":"index","follow":"follow","max-snippet":"max-snippet:-1","max-image-preview":"max-image-preview:large","max-video-preview":"max-video-preview:-1"},"canonical":"https:\/\/astrid-guillaume.fr\/index.php\/chapitres\/","og_locale":"fr_FR","og_type":"article","og_title":"Chapitres, Introductions, Postfaces - Astrid GUILLAUME","og_description":"2026 -11- Pr\u00e9face de Un Deuil animalier. T\u00e9moignage, de Jean-Marc Neumann, L&rsquo;Harmattan, 2026. (Collection zoos\u00e9miotique). 2025 -10- Introduction du \u00ab\u00a0chapitre Diversit\u00e9 linguistique et traduction\u00a0\u00bb, dans De Babel \u00e0 l&rsquo;IA. \u00c9crits sur le plurilinguisme, C. Tremblay et J. C. Herreras, Collection Plurilinguisme, Paris, 2025, pp.511-514 -9- Postface \u00ab&nbsp;L\u2019obligation de renouer avecRead More","og_url":"https:\/\/astrid-guillaume.fr\/index.php\/chapitres\/","og_site_name":"Astrid GUILLAUME","article_modified_time":"2026-03-19T23:46:53+00:00","og_image":[{"width":1593,"height":2538,"url":"https:\/\/astrid-guillaume.fr\/wp-content\/uploads\/2026\/03\/couv.jpg","type":"image\/jpeg"}],"twitter_card":"summary_large_image","twitter_misc":{"Dur\u00e9e de lecture estim\u00e9e":"5 minutes"},"schema":{"@context":"https:\/\/schema.org","@graph":[{"@type":"WebPage","@id":"https:\/\/astrid-guillaume.fr\/index.php\/chapitres\/","url":"https:\/\/astrid-guillaume.fr\/index.php\/chapitres\/","name":"Chapitres, Introductions, Postfaces - Astrid GUILLAUME","isPartOf":{"@id":"https:\/\/astrid-guillaume.fr\/#website"},"primaryImageOfPage":{"@id":"https:\/\/astrid-guillaume.fr\/index.php\/chapitres\/#primaryimage"},"image":{"@id":"https:\/\/astrid-guillaume.fr\/index.php\/chapitres\/#primaryimage"},"thumbnailUrl":"https:\/\/astrid-guillaume.fr\/wp-content\/uploads\/2026\/03\/couv-643x1024.jpg","datePublished":"2020-04-13T23:18:52+00:00","dateModified":"2026-03-19T23:46:53+00:00","breadcrumb":{"@id":"https:\/\/astrid-guillaume.fr\/index.php\/chapitres\/#breadcrumb"},"inLanguage":"fr-FR","potentialAction":[{"@type":"ReadAction","target":["https:\/\/astrid-guillaume.fr\/index.php\/chapitres\/"]}]},{"@type":"ImageObject","inLanguage":"fr-FR","@id":"https:\/\/astrid-guillaume.fr\/index.php\/chapitres\/#primaryimage","url":"https:\/\/astrid-guillaume.fr\/wp-content\/uploads\/2026\/03\/couv.jpg","contentUrl":"https:\/\/astrid-guillaume.fr\/wp-content\/uploads\/2026\/03\/couv.jpg","width":1593,"height":2538},{"@type":"BreadcrumbList","@id":"https:\/\/astrid-guillaume.fr\/index.php\/chapitres\/#breadcrumb","itemListElement":[{"@type":"ListItem","position":1,"name":"Accueil","item":"https:\/\/astrid-guillaume.fr\/"},{"@type":"ListItem","position":2,"name":"Chapitres, Introductions, Postfaces"}]},{"@type":"WebSite","@id":"https:\/\/astrid-guillaume.fr\/#website","url":"https:\/\/astrid-guillaume.fr\/","name":"Astrid GUILLAUME","description":"Ma\u00eetre de conf\u00e9rences HDR - Sorbonne Universit\u00e9","publisher":{"@id":"https:\/\/astrid-guillaume.fr\/#\/schema\/person\/ea4f874c5f84f3ef4298f3db85c68c9a"},"potentialAction":[{"@type":"SearchAction","target":{"@type":"EntryPoint","urlTemplate":"https:\/\/astrid-guillaume.fr\/?s={search_term_string}"},"query-input":{"@type":"PropertyValueSpecification","valueRequired":true,"valueName":"search_term_string"}}],"inLanguage":"fr-FR"},{"@type":["Person","Organization"],"@id":"https:\/\/astrid-guillaume.fr\/#\/schema\/person\/ea4f874c5f84f3ef4298f3db85c68c9a","name":"Astrid GUILLAUME","image":{"@type":"ImageObject","inLanguage":"fr-FR","@id":"https:\/\/astrid-guillaume.fr\/#\/schema\/person\/image\/","url":"https:\/\/secure.gravatar.com\/avatar\/d6b204d7c0d63e3481ca32f0b90c6ff876137841f8508ca626b432158768fd16?s=96&d=blank&r=g","contentUrl":"https:\/\/secure.gravatar.com\/avatar\/d6b204d7c0d63e3481ca32f0b90c6ff876137841f8508ca626b432158768fd16?s=96&d=blank&r=g","caption":"Astrid GUILLAUME"},"logo":{"@id":"https:\/\/astrid-guillaume.fr\/#\/schema\/person\/image\/"}}]}},"_links":{"self":[{"href":"https:\/\/astrid-guillaume.fr\/index.php\/wp-json\/wp\/v2\/pages\/506","targetHints":{"allow":["GET"]}}],"collection":[{"href":"https:\/\/astrid-guillaume.fr\/index.php\/wp-json\/wp\/v2\/pages"}],"about":[{"href":"https:\/\/astrid-guillaume.fr\/index.php\/wp-json\/wp\/v2\/types\/page"}],"author":[{"embeddable":true,"href":"https:\/\/astrid-guillaume.fr\/index.php\/wp-json\/wp\/v2\/users\/3"}],"replies":[{"embeddable":true,"href":"https:\/\/astrid-guillaume.fr\/index.php\/wp-json\/wp\/v2\/comments?post=506"}],"version-history":[{"count":68,"href":"https:\/\/astrid-guillaume.fr\/index.php\/wp-json\/wp\/v2\/pages\/506\/revisions"}],"predecessor-version":[{"id":2695,"href":"https:\/\/astrid-guillaume.fr\/index.php\/wp-json\/wp\/v2\/pages\/506\/revisions\/2695"}],"wp:attachment":[{"href":"https:\/\/astrid-guillaume.fr\/index.php\/wp-json\/wp\/v2\/media?parent=506"}],"curies":[{"name":"wp","href":"https:\/\/api.w.org\/{rel}","templated":true}]}}