{"id":431,"date":"2020-04-12T22:18:00","date_gmt":"2020-04-12T20:18:00","guid":{"rendered":"http:\/\/astrid-guillaume.fr\/?page_id=431"},"modified":"2025-11-16T00:16:17","modified_gmt":"2025-11-15T23:16:17","slug":"influences","status":"publish","type":"page","link":"https:\/\/astrid-guillaume.fr\/index.php\/influences\/","title":{"rendered":"Influences"},"content":{"rendered":"\n<h1 class=\"wp-block-heading\"><strong><span style=\"color:#1100a3\" class=\"has-inline-color\">Linguistique<\/span><\/strong><\/h1>\n\n\n\n<p><strong><a href=\"https:\/\/fr.wikipedia.org\/wiki\/Umberto_Eco\" target=\"_blank\" rel=\"noreferrer noopener\">Umberto ECO<\/a><\/strong> (1932-2016), philosophe, m\u00e9di\u00e9viste, linguiste, s\u00e9mioticien, traductologue.<\/p>\n\n\n\n<p><strong><a href=\"https:\/\/data.bnf.fr\/fr\/11921775\/jacques_ribard\/\" target=\"_blank\" rel=\"noreferrer noopener\">Jacques RIBARD<\/a><\/strong> (1926-2018). Professeur \u00e0 l&rsquo;Universit\u00e9 de Picardie Jules Verne. Sp\u00e9cialiste des langues et litt\u00e9ratures fran\u00e7aises du Moyen-\u00c2ge.<\/p>\n\n\n\n<p><strong><a href=\"https:\/\/fr.wikipedia.org\/wiki\/Claude_Lecouteux\" target=\"_blank\" rel=\"noreferrer noopener\">Claude LECOUTEUX<\/a><\/strong> (1943-2025) Professeur \u00e9m\u00e9rite \u00e0 Sorbonne Universit\u00e9. Sp\u00e9cialiste des langues et litt\u00e9ratures germaniques et nordiques du Moyen-\u00c2ge.<\/p>\n\n\n\n<p><strong><a href=\"https:\/\/fr.wikipedia.org\/wiki\/Fran%C3%A7ois_Rastier\" target=\"_blank\" rel=\"noreferrer noopener\">Fran\u00e7ois RASTIER<\/a><\/strong>. Directeur de recherche \u00e9m\u00e9rite au CNRS. S\u00e9manticien, sp\u00e9cialiste des Sciences de la culture et des S\u00e9miotiques des cultures.<\/p>\n\n\n\n<p><strong><a href=\"http:\/\/societefrancaisedezoosemiotique.fr\/francois-vaucluse\/\" target=\"_blank\" rel=\"noreferrer noopener\">Fran\u00e7ois VAUCLUSE<\/a><\/strong>. Traducteur, po\u00e8te, philosophe, photographe animalier.<\/p>\n\n\n\n<h1 class=\"wp-block-heading\"><strong><span style=\"color:#1100a3\" class=\"has-inline-color\">Scien<\/span><\/strong><span style=\"color:#0011a3\" class=\"has-inline-color\"><strong>ces<\/strong><\/span><\/h1>\n\n\n\n<p><strong><a rel=\"noreferrer noopener\" href=\"https:\/\/fr.wikipedia.org\/wiki\/Georges_Chapouthier\" target=\"_blank\">Georges CHAPOUTHIER<\/a><\/strong>. Scientifique neurobiologiste et philosophe. Directeur de recherche au CNRS  <\/p>\n\n\n\n<p><a href=\"https:\/\/en.wikipedia.org\/wiki\/Simona_Kossak\" target=\"_blank\" rel=\"noreferrer noopener\"><strong>Simona Gabriela KOSSAK<\/strong><\/a> (1943-2007). Biologiste, Professeure de sciences foresti\u00e8res<\/p>\n\n\n\n<p><strong><a href=\"https:\/\/fr.wikipedia.org\/wiki\/Th%C3%A9odore_Monod\" target=\"_blank\" rel=\"noreferrer noopener\">Th\u00e9odore MONOD<\/a><\/strong> (1902-2000). Scientifique, naturaliste, biologiste, explorateur, \u00e9rudit et humaniste fran\u00e7ais.<\/p>\n\n\n\n<p><a rel=\"noreferrer noopener\" href=\"https:\/\/fr.wikipedia.org\/wiki\/Albert_Jacquard\" target=\"_blank\"><strong>Albert JACQUARD<\/strong> <\/a>(1925-2013). Biologiste, g\u00e9n\u00e9ticien et essayiste fran\u00e7ais.<\/p>\n\n\n\n<h1 class=\"wp-block-heading\"><strong><span style=\"color:#1100a3\" class=\"has-inline-color\">Philosophie<\/span><\/strong><\/h1>\n\n\n\n<p><strong><a rel=\"noreferrer noopener\" href=\"https:\/\/fr.wikipedia.org\/wiki\/Michel_Serres\" target=\"_blank\">Michel SERRES<\/a><\/strong> (1930-2019). Philosophe et historien des sciences.<\/p>\n\n\n\n<p><strong><a href=\"https:\/\/fr.wikipedia.org\/wiki\/Henri_Bergson\" target=\"_blank\" rel=\"noreferrer noopener\">Henri BERGSON<\/a> <\/strong>(1859-1941). Philosophe.<\/p>\n\n\n\n<p><strong><a href=\"https:\/\/fr.wikipedia.org\/wiki\/Emmanuel_Kant\" target=\"_blank\" rel=\"noreferrer noopener\">Immanuel KANT<\/a><\/strong> (1724-1804). Philosophe.<\/p>\n\n\n\n<p><strong><a href=\"https:\/\/fr.wikipedia.org\/wiki\/Michel_de_Montaigne\" target=\"_blank\" rel=\"noreferrer noopener\">Michel de MONTAIGNE<\/a> <\/strong>(1533-1592). Philosophe.<\/p>\n\n\n\n<h1 class=\"wp-block-heading\"><strong><mark style=\"background-color:rgba(0, 0, 0, 0);color:#1100a3\" class=\"has-inline-color\">Litt\u00e9rature<\/mark><\/strong><\/h1>\n\n\n\n<p><strong><a href=\"https:\/\/fr.wikipedia.org\/wiki\/%C3%89mile_Zola\" target=\"_blank\" rel=\"noreferrer noopener\">\u00c9mile ZOLA<\/a><\/strong> (1840-1902) \u00c9crivain et journaliste.<\/p>\n\n\n\n<h1 class=\"wp-block-heading\"><strong><mark style=\"background-color:rgba(0, 0, 0, 0);color:#1100a3\" class=\"has-inline-color\">Art<\/mark><\/strong><\/h1>\n\n\n\n<p><strong><a href=\"https:\/\/fr.wikipedia.org\/wiki\/Pierre_Soulages\" target=\"_blank\" rel=\"noreferrer noopener\">Pierre SOULAGES<\/a><\/strong> (1919-2022). Peintre.<\/p>\n\n\n\n<p><strong><a href=\"https:\/\/www.observatoireplurilinguisme.eu\/ro\/ac%C8%9Biunile\/colocvii-ale-sau-cu-oep\/88888918-sp-834\/livre-d-or-unesco\/le-livre-d-or\/1187-marc-bensimon-peintre\" target=\"_blank\" rel=\"noreferrer noopener\">Marc BENSIMON<\/a><\/strong> (1926-2021). Peintre, Professeur des universit\u00e9s \u00e0 UCLA.<\/p>\n\n\n\n<p><strong><a href=\"https:\/\/fr.wikipedia.org\/wiki\/Vassily_Kandinsky\" target=\"_blank\" rel=\"noreferrer noopener\">Vassily KANDINSKY<\/a><\/strong> (1866-1944). Peintre.<\/p>\n\n\n\n<p><strong><a href=\"https:\/\/fr.wikipedia.org\/wiki\/J%C3%A9r%C3%B4me_Bosch\" target=\"_blank\" rel=\"noreferrer noopener\">Jheronimus <strong>BOSCH<\/strong><\/a><\/strong> (1450-1516). Peintre.<\/p>\n\n\n\n<h1 class=\"wp-block-heading\"><strong><span style=\"color:#1100a3\" class=\"has-inline-color\">Sport<\/span><span style=\"color:#1100a3\" class=\"has-inline-color\"><\/span><\/strong><\/h1>\n\n\n\n<p><strong><a href=\"https:\/\/fr.wikipedia.org\/wiki\/Guillaume_N%C3%A9ry\" target=\"_blank\" rel=\"noreferrer noopener\">Guillaume NERY<\/a><\/strong>, champion du monde d&rsquo;apn\u00e9e.<strong><mark style=\"background-color:rgba(0, 0, 0, 0);color:#1100a3\" class=\"has-inline-color\"><\/mark><\/strong><\/p>\n\n\n\n<p><\/p>\n","protected":false},"excerpt":{"rendered":"<p>Linguistique Umberto ECO (1932-2016), philosophe, m\u00e9di\u00e9viste, linguiste, s\u00e9mioticien, traductologue. Jacques RIBARD (1926-2018). Professeur \u00e0 l&rsquo;Universit\u00e9 de Picardie Jules Verne. Sp\u00e9cialiste des langues et litt\u00e9ratures fran\u00e7aises du Moyen-\u00c2ge. Claude LECOUTEUX (1943-2025) Professeur \u00e9m\u00e9rite \u00e0 Sorbonne Universit\u00e9. Sp\u00e9cialiste des langues et litt\u00e9ratures germaniques et nordiques du Moyen-\u00c2ge. Fran\u00e7ois RASTIER. Directeur de recherche<\/p>\n<p><a class=\"more-link\" href=\"https:\/\/astrid-guillaume.fr\/index.php\/influences\/\">Read More<\/a><\/p>\n","protected":false},"author":3,"featured_media":0,"parent":0,"menu_order":0,"comment_status":"closed","ping_status":"closed","template":"","meta":{"footnotes":""},"class_list":["post-431","page","type-page","status-publish","hentry"],"yoast_head":"<!-- This site is optimized with the Yoast SEO plugin v26.9 - https:\/\/yoast.com\/product\/yoast-seo-wordpress\/ -->\n<title>Influences - Astrid GUILLAUME<\/title>\n<meta name=\"robots\" content=\"index, follow, max-snippet:-1, max-image-preview:large, max-video-preview:-1\" \/>\n<link rel=\"canonical\" href=\"https:\/\/astrid-guillaume.fr\/index.php\/influences\/\" \/>\n<meta property=\"og:locale\" content=\"fr_FR\" \/>\n<meta property=\"og:type\" content=\"article\" \/>\n<meta property=\"og:title\" content=\"Influences - Astrid GUILLAUME\" \/>\n<meta property=\"og:description\" content=\"Linguistique Umberto ECO (1932-2016), philosophe, m\u00e9di\u00e9viste, linguiste, s\u00e9mioticien, traductologue. Jacques RIBARD (1926-2018). Professeur \u00e0 l&rsquo;Universit\u00e9 de Picardie Jules Verne. Sp\u00e9cialiste des langues et litt\u00e9ratures fran\u00e7aises du Moyen-\u00c2ge. Claude LECOUTEUX (1943-2025) Professeur \u00e9m\u00e9rite \u00e0 Sorbonne Universit\u00e9. Sp\u00e9cialiste des langues et litt\u00e9ratures germaniques et nordiques du Moyen-\u00c2ge. Fran\u00e7ois RASTIER. Directeur de rechercheRead More\" \/>\n<meta property=\"og:url\" content=\"https:\/\/astrid-guillaume.fr\/index.php\/influences\/\" \/>\n<meta property=\"og:site_name\" content=\"Astrid GUILLAUME\" \/>\n<meta property=\"article:modified_time\" content=\"2025-11-15T23:16:17+00:00\" \/>\n<meta name=\"twitter:card\" content=\"summary_large_image\" \/>\n<meta name=\"twitter:label1\" content=\"Dur\u00e9e de lecture estim\u00e9e\" \/>\n\t<meta name=\"twitter:data1\" content=\"1 minute\" \/>\n<script type=\"application\/ld+json\" class=\"yoast-schema-graph\">{\"@context\":\"https:\/\/schema.org\",\"@graph\":[{\"@type\":\"WebPage\",\"@id\":\"https:\/\/astrid-guillaume.fr\/index.php\/influences\/\",\"url\":\"https:\/\/astrid-guillaume.fr\/index.php\/influences\/\",\"name\":\"Influences - Astrid GUILLAUME\",\"isPartOf\":{\"@id\":\"https:\/\/astrid-guillaume.fr\/#website\"},\"datePublished\":\"2020-04-12T20:18:00+00:00\",\"dateModified\":\"2025-11-15T23:16:17+00:00\",\"breadcrumb\":{\"@id\":\"https:\/\/astrid-guillaume.fr\/index.php\/influences\/#breadcrumb\"},\"inLanguage\":\"fr-FR\",\"potentialAction\":[{\"@type\":\"ReadAction\",\"target\":[\"https:\/\/astrid-guillaume.fr\/index.php\/influences\/\"]}]},{\"@type\":\"BreadcrumbList\",\"@id\":\"https:\/\/astrid-guillaume.fr\/index.php\/influences\/#breadcrumb\",\"itemListElement\":[{\"@type\":\"ListItem\",\"position\":1,\"name\":\"Accueil\",\"item\":\"https:\/\/astrid-guillaume.fr\/\"},{\"@type\":\"ListItem\",\"position\":2,\"name\":\"Influences\"}]},{\"@type\":\"WebSite\",\"@id\":\"https:\/\/astrid-guillaume.fr\/#website\",\"url\":\"https:\/\/astrid-guillaume.fr\/\",\"name\":\"Astrid GUILLAUME\",\"description\":\"Ma\u00eetre de conf\u00e9rences HDR - Sorbonne Universit\u00e9\",\"publisher\":{\"@id\":\"https:\/\/astrid-guillaume.fr\/#\/schema\/person\/ea4f874c5f84f3ef4298f3db85c68c9a\"},\"potentialAction\":[{\"@type\":\"SearchAction\",\"target\":{\"@type\":\"EntryPoint\",\"urlTemplate\":\"https:\/\/astrid-guillaume.fr\/?s={search_term_string}\"},\"query-input\":{\"@type\":\"PropertyValueSpecification\",\"valueRequired\":true,\"valueName\":\"search_term_string\"}}],\"inLanguage\":\"fr-FR\"},{\"@type\":[\"Person\",\"Organization\"],\"@id\":\"https:\/\/astrid-guillaume.fr\/#\/schema\/person\/ea4f874c5f84f3ef4298f3db85c68c9a\",\"name\":\"Astrid GUILLAUME\",\"image\":{\"@type\":\"ImageObject\",\"inLanguage\":\"fr-FR\",\"@id\":\"https:\/\/astrid-guillaume.fr\/#\/schema\/person\/image\/\",\"url\":\"https:\/\/secure.gravatar.com\/avatar\/d6b204d7c0d63e3481ca32f0b90c6ff876137841f8508ca626b432158768fd16?s=96&d=blank&r=g\",\"contentUrl\":\"https:\/\/secure.gravatar.com\/avatar\/d6b204d7c0d63e3481ca32f0b90c6ff876137841f8508ca626b432158768fd16?s=96&d=blank&r=g\",\"caption\":\"Astrid GUILLAUME\"},\"logo\":{\"@id\":\"https:\/\/astrid-guillaume.fr\/#\/schema\/person\/image\/\"}}]}<\/script>\n<!-- \/ Yoast SEO plugin. -->","yoast_head_json":{"title":"Influences - Astrid GUILLAUME","robots":{"index":"index","follow":"follow","max-snippet":"max-snippet:-1","max-image-preview":"max-image-preview:large","max-video-preview":"max-video-preview:-1"},"canonical":"https:\/\/astrid-guillaume.fr\/index.php\/influences\/","og_locale":"fr_FR","og_type":"article","og_title":"Influences - Astrid GUILLAUME","og_description":"Linguistique Umberto ECO (1932-2016), philosophe, m\u00e9di\u00e9viste, linguiste, s\u00e9mioticien, traductologue. Jacques RIBARD (1926-2018). Professeur \u00e0 l&rsquo;Universit\u00e9 de Picardie Jules Verne. Sp\u00e9cialiste des langues et litt\u00e9ratures fran\u00e7aises du Moyen-\u00c2ge. Claude LECOUTEUX (1943-2025) Professeur \u00e9m\u00e9rite \u00e0 Sorbonne Universit\u00e9. Sp\u00e9cialiste des langues et litt\u00e9ratures germaniques et nordiques du Moyen-\u00c2ge. Fran\u00e7ois RASTIER. Directeur de rechercheRead More","og_url":"https:\/\/astrid-guillaume.fr\/index.php\/influences\/","og_site_name":"Astrid GUILLAUME","article_modified_time":"2025-11-15T23:16:17+00:00","twitter_card":"summary_large_image","twitter_misc":{"Dur\u00e9e de lecture estim\u00e9e":"1 minute"},"schema":{"@context":"https:\/\/schema.org","@graph":[{"@type":"WebPage","@id":"https:\/\/astrid-guillaume.fr\/index.php\/influences\/","url":"https:\/\/astrid-guillaume.fr\/index.php\/influences\/","name":"Influences - Astrid GUILLAUME","isPartOf":{"@id":"https:\/\/astrid-guillaume.fr\/#website"},"datePublished":"2020-04-12T20:18:00+00:00","dateModified":"2025-11-15T23:16:17+00:00","breadcrumb":{"@id":"https:\/\/astrid-guillaume.fr\/index.php\/influences\/#breadcrumb"},"inLanguage":"fr-FR","potentialAction":[{"@type":"ReadAction","target":["https:\/\/astrid-guillaume.fr\/index.php\/influences\/"]}]},{"@type":"BreadcrumbList","@id":"https:\/\/astrid-guillaume.fr\/index.php\/influences\/#breadcrumb","itemListElement":[{"@type":"ListItem","position":1,"name":"Accueil","item":"https:\/\/astrid-guillaume.fr\/"},{"@type":"ListItem","position":2,"name":"Influences"}]},{"@type":"WebSite","@id":"https:\/\/astrid-guillaume.fr\/#website","url":"https:\/\/astrid-guillaume.fr\/","name":"Astrid GUILLAUME","description":"Ma\u00eetre de conf\u00e9rences HDR - Sorbonne Universit\u00e9","publisher":{"@id":"https:\/\/astrid-guillaume.fr\/#\/schema\/person\/ea4f874c5f84f3ef4298f3db85c68c9a"},"potentialAction":[{"@type":"SearchAction","target":{"@type":"EntryPoint","urlTemplate":"https:\/\/astrid-guillaume.fr\/?s={search_term_string}"},"query-input":{"@type":"PropertyValueSpecification","valueRequired":true,"valueName":"search_term_string"}}],"inLanguage":"fr-FR"},{"@type":["Person","Organization"],"@id":"https:\/\/astrid-guillaume.fr\/#\/schema\/person\/ea4f874c5f84f3ef4298f3db85c68c9a","name":"Astrid GUILLAUME","image":{"@type":"ImageObject","inLanguage":"fr-FR","@id":"https:\/\/astrid-guillaume.fr\/#\/schema\/person\/image\/","url":"https:\/\/secure.gravatar.com\/avatar\/d6b204d7c0d63e3481ca32f0b90c6ff876137841f8508ca626b432158768fd16?s=96&d=blank&r=g","contentUrl":"https:\/\/secure.gravatar.com\/avatar\/d6b204d7c0d63e3481ca32f0b90c6ff876137841f8508ca626b432158768fd16?s=96&d=blank&r=g","caption":"Astrid GUILLAUME"},"logo":{"@id":"https:\/\/astrid-guillaume.fr\/#\/schema\/person\/image\/"}}]}},"_links":{"self":[{"href":"https:\/\/astrid-guillaume.fr\/index.php\/wp-json\/wp\/v2\/pages\/431","targetHints":{"allow":["GET"]}}],"collection":[{"href":"https:\/\/astrid-guillaume.fr\/index.php\/wp-json\/wp\/v2\/pages"}],"about":[{"href":"https:\/\/astrid-guillaume.fr\/index.php\/wp-json\/wp\/v2\/types\/page"}],"author":[{"embeddable":true,"href":"https:\/\/astrid-guillaume.fr\/index.php\/wp-json\/wp\/v2\/users\/3"}],"replies":[{"embeddable":true,"href":"https:\/\/astrid-guillaume.fr\/index.php\/wp-json\/wp\/v2\/comments?post=431"}],"version-history":[{"count":42,"href":"https:\/\/astrid-guillaume.fr\/index.php\/wp-json\/wp\/v2\/pages\/431\/revisions"}],"predecessor-version":[{"id":2617,"href":"https:\/\/astrid-guillaume.fr\/index.php\/wp-json\/wp\/v2\/pages\/431\/revisions\/2617"}],"wp:attachment":[{"href":"https:\/\/astrid-guillaume.fr\/index.php\/wp-json\/wp\/v2\/media?parent=431"}],"curies":[{"name":"wp","href":"https:\/\/api.w.org\/{rel}","templated":true}]}}