{"id":34,"date":"2020-04-06T06:26:28","date_gmt":"2020-04-06T04:26:28","guid":{"rendered":"http:\/\/astrid-guillaume.fr\/?page_id=34"},"modified":"2026-03-20T00:31:52","modified_gmt":"2026-03-19T23:31:52","slug":"cursus","status":"publish","type":"page","link":"https:\/\/astrid-guillaume.fr\/index.php\/cursus\/","title":{"rendered":"Parcours"},"content":{"rendered":"\n<p class=\"has-text-align-center\"><img decoding=\"async\" width=\"200\" height=\"212\" class=\"wp-image-107\" style=\"width: 200px;\" src=\"http:\/\/astrid-guillaume.fr\/wp-content\/uploads\/2020\/04\/XVe.jpg\" alt=\"\" srcset=\"https:\/\/astrid-guillaume.fr\/wp-content\/uploads\/2020\/04\/XVe.jpg 453w, https:\/\/astrid-guillaume.fr\/wp-content\/uploads\/2020\/04\/XVe-283x300.jpg 283w\" sizes=\"(max-width: 200px) 100vw, 200px\" \/><\/p>\n\n\n\n<p class=\"has-text-align-center\"><img fetchpriority=\"high\" decoding=\"async\" width=\"900\" height=\"120\" class=\"wp-image-284\" style=\"width: 900px;\" src=\"http:\/\/astrid-guillaume.fr\/wp-content\/uploads\/2020\/04\/Banni\u00e8re7-1.jpg\" alt=\"\" srcset=\"https:\/\/astrid-guillaume.fr\/wp-content\/uploads\/2020\/04\/Banni\u00e8re7-1.jpg 900w, https:\/\/astrid-guillaume.fr\/wp-content\/uploads\/2020\/04\/Banni\u00e8re7-1-300x40.jpg 300w, https:\/\/astrid-guillaume.fr\/wp-content\/uploads\/2020\/04\/Banni\u00e8re7-1-768x102.jpg 768w, https:\/\/astrid-guillaume.fr\/wp-content\/uploads\/2020\/04\/Banni\u00e8re7-1-800x107.jpg 800w\" sizes=\"(max-width: 900px) 100vw, 900px\" \/><\/p>\n\n\n\n<ul class=\"wp-block-list\">\n<li><strong>2013 &#8211; Habilitation \u00e0 diriger des recherches<\/strong> <strong>(HDR)<\/strong> en Lettres et Sciences humaines, Universit\u00e9 Paris Ouest Nanterre la D\u00e9fense, 5 d\u00e9cembre 2013. <em><a href=\"http:\/\/www.sudoc.abes.fr\/DB=2.1\/SRCH?IKT=12&amp;TRM=182648737&amp;COOKIE=U10178,Klecteurweb,D2.1,E5cc24da6-109,I250,B341720009+,SY,A\\9008+1,,J,H2-26,,29,,34,,39,,44,,49-50,,53-78,,80-87,NLECTEUR+PSI,R90.2.248.51,FN&amp;COOKIE=U10178,Klecteurweb,D2.1,E5cc24da6-109,I250,B341720009+,SY,A\\9008+1,,J,H2-26,,29,,34,,39,,44,,49-50,,53-78,,80-87,NLECTEUR+PSI,R92.140.90.244,FN\" target=\"_blank\" rel=\"noreferrer noopener\"><strong>Transf\u00e9rabilit\u00e9 du sens d\u2019hier et d\u2019aujourd\u2019hui. Des mots, des signes, des cultures<\/strong><\/a><\/em>. <br><strong><em>Jury<\/em><\/strong>&nbsp;: Annie BERTIN (Paris X), Jean-Jacques BRIU (Garant, Paris X), Thomas BRODEN (Purdue, Etats-Unis), Thierry GRASS (Strasbourg), Claude LECOUTEUX (Rapporteur, Pr\u00e9sident, Paris&nbsp;IV&nbsp;Sorbonne), Fran\u00e7ois RASTIER (Rapporteur, CNRS).<\/li>\n<\/ul>\n\n\n\n<ul class=\"wp-block-list\">\n<li><strong>2000 &#8211; Doctorat <\/strong>d\u2019Etudes m\u00e9di\u00e9vales, Universit\u00e9 Paris-Sorbonne (Paris IV), 13 juin 2000. <em><u><a href=\"http:\/\/books.google.fr\/books\/about\/PONTHUS_ET_LA_BELLE_SIDOYNE_ET_LES_REDAC.html?id=naLLSAAACAAJ&amp;redir_esc=y\" target=\"_blank\" rel=\"noreferrer noopener\"><strong>Ponthus et la belle Sydoine et les r\u00e9dactions A et B de Pontus und Sidonia&nbsp;: \u00e9tude compar\u00e9e<\/strong><\/a><\/u><\/em>. <br><strong><em>Jury<\/em><\/strong>&nbsp;: Claude LECOUTEUX (Directeur, Paris&nbsp;IV&nbsp;Sorbonne), Claude THOMASSET (Pr\u00e9sident, Paris&nbsp;IV&nbsp;Sorbonne), Maxi KRAUSE (Rapporteur, Caen),&nbsp;Philippe WALTER (Rapporteur, Grenoble).<\/li>\n<\/ul>\n\n\n\n<ul class=\"wp-block-list\">\n<li><strong>1993 &#8211; D.E.A.<\/strong> de Litt\u00e9rature fran\u00e7aise et compar\u00e9e, <strong>U<\/strong>niversit\u00e9 de <strong>P<\/strong>icardie <strong>J<\/strong>ules <strong>V<\/strong>erne (UPJV) (Mention Tr\u00e8s bien)<\/li>\n\n\n\n<li><strong>1992 &#8211; Ma\u00eetrise<\/strong> d&rsquo;allemand LLCE (UPJV) (cursus Licence\/Master Lettres Modernes en auditrice libre &#8211; UPJV)<\/li>\n\n\n\n<li><strong>1991 &#8211; Licence<\/strong> d\u2019allemand LLCE (UPJV) (cursus Licence\/Master Lettres Modernes en auditrice libre &#8211; UPJV)<\/li>\n\n\n\n<li><strong>1990 &#8211; DEUG<\/strong> d\u2019allemand LLCE (UPJV) &nbsp;&nbsp;&nbsp;&nbsp;<\/li>\n<\/ul>\n\n\n\n<p><em><strong>Double cursus en Lettres Modernes <\/strong>(auditrice libre) et <strong>allemand <\/strong>\u00e0 l&rsquo;UPJV<\/em><\/p>\n\n\n\n<ul class=\"wp-block-list\">\n<li><strong>1987 &#8211; Baccalaur\u00e9at B<\/strong> Math\u00e9matiques et \u00c9conomie (Lyc\u00e9e Madeleine Michelis &#8211; Amiens)&nbsp;&nbsp;&nbsp;&nbsp;&nbsp;<\/li>\n<\/ul>\n\n\n\n<h1 class=\"wp-block-heading\"><span style=\"color:#1100a3\" class=\"has-inline-color\"><strong>Autre<\/strong><\/span><\/h1>\n\n\n\n<ul class=\"wp-block-list\">\n<li><strong>2024 <\/strong>&#8211; Brevet de secouriste en premiers secours en sant\u00e9 mentale<\/li>\n<\/ul>\n\n\n\n<h1 class=\"wp-block-heading\"><span style=\"color:#1100a3\" class=\"has-inline-color\"><strong>Distinctions honorifiques<\/strong><\/span><\/h1>\n\n\n\n<ul class=\"wp-block-list\">\n<li><strong>2024-2027<\/strong> &#8211; B\u00e9n\u00e9ficiaire de la <strong>Prime individuelle RIPEC<\/strong>, lie\u0301e a\u0300 la qualite\u0301 des activite\u0301s et a\u0300 l\u2019engagement professionnel des agents au regard de l\u2019ensemble des missions de\u0301finies pour les enseignant.e.s-chercheur.e.s.<\/li>\n\n\n\n<li><strong>2020-2024<\/strong> &#8211; B\u00e9n\u00e9ficiaire de la <strong>Prime d&rsquo;Investissement Unique<\/strong> (PIU) de Sorbonne Universit\u00e9<\/li>\n\n\n\n<li><strong>2009<\/strong> <strong>&#8211;<\/strong> Chevalier dans l\u2019ordre des Arts et des Lettres (Minist\u00e8re de la Culture, DGLFLF)<\/li>\n<\/ul>\n\n\n\n<p><\/p>\n","protected":false},"excerpt":{"rendered":"<p>Double cursus en Lettres Modernes (auditrice libre) et allemand \u00e0 l&rsquo;UPJV Autre Distinctions honorifiques<\/p>\n","protected":false},"author":1,"featured_media":0,"parent":0,"menu_order":0,"comment_status":"closed","ping_status":"closed","template":"","meta":{"footnotes":""},"class_list":["post-34","page","type-page","status-publish","hentry"],"yoast_head":"<!-- This site is optimized with the Yoast SEO plugin v26.9 - https:\/\/yoast.com\/product\/yoast-seo-wordpress\/ -->\n<title>Parcours - Astrid GUILLAUME<\/title>\n<meta name=\"robots\" content=\"index, follow, max-snippet:-1, max-image-preview:large, max-video-preview:-1\" \/>\n<link rel=\"canonical\" href=\"https:\/\/astrid-guillaume.fr\/index.php\/cursus\/\" \/>\n<meta property=\"og:locale\" content=\"fr_FR\" \/>\n<meta property=\"og:type\" content=\"article\" \/>\n<meta property=\"og:title\" content=\"Parcours - Astrid GUILLAUME\" \/>\n<meta property=\"og:description\" content=\"Double cursus en Lettres Modernes (auditrice libre) et allemand \u00e0 l&rsquo;UPJV Autre Distinctions honorifiques\" \/>\n<meta property=\"og:url\" content=\"https:\/\/astrid-guillaume.fr\/index.php\/cursus\/\" \/>\n<meta property=\"og:site_name\" content=\"Astrid GUILLAUME\" \/>\n<meta property=\"article:modified_time\" content=\"2026-03-19T23:31:52+00:00\" \/>\n<meta property=\"og:image\" content=\"https:\/\/astrid-guillaume.fr\/wp-content\/uploads\/2020\/04\/XVe.jpg\" \/>\n\t<meta property=\"og:image:width\" content=\"453\" \/>\n\t<meta property=\"og:image:height\" content=\"480\" \/>\n\t<meta property=\"og:image:type\" content=\"image\/jpeg\" \/>\n<meta name=\"twitter:card\" content=\"summary_large_image\" \/>\n<meta name=\"twitter:label1\" content=\"Dur\u00e9e de lecture estim\u00e9e\" \/>\n\t<meta name=\"twitter:data1\" content=\"2 minutes\" \/>\n<script type=\"application\/ld+json\" class=\"yoast-schema-graph\">{\"@context\":\"https:\/\/schema.org\",\"@graph\":[{\"@type\":\"WebPage\",\"@id\":\"https:\/\/astrid-guillaume.fr\/index.php\/cursus\/\",\"url\":\"https:\/\/astrid-guillaume.fr\/index.php\/cursus\/\",\"name\":\"Parcours - Astrid GUILLAUME\",\"isPartOf\":{\"@id\":\"https:\/\/astrid-guillaume.fr\/#website\"},\"primaryImageOfPage\":{\"@id\":\"https:\/\/astrid-guillaume.fr\/index.php\/cursus\/#primaryimage\"},\"image\":{\"@id\":\"https:\/\/astrid-guillaume.fr\/index.php\/cursus\/#primaryimage\"},\"thumbnailUrl\":\"http:\/\/astrid-guillaume.fr\/wp-content\/uploads\/2020\/04\/XVe.jpg\",\"datePublished\":\"2020-04-06T04:26:28+00:00\",\"dateModified\":\"2026-03-19T23:31:52+00:00\",\"breadcrumb\":{\"@id\":\"https:\/\/astrid-guillaume.fr\/index.php\/cursus\/#breadcrumb\"},\"inLanguage\":\"fr-FR\",\"potentialAction\":[{\"@type\":\"ReadAction\",\"target\":[\"https:\/\/astrid-guillaume.fr\/index.php\/cursus\/\"]}]},{\"@type\":\"ImageObject\",\"inLanguage\":\"fr-FR\",\"@id\":\"https:\/\/astrid-guillaume.fr\/index.php\/cursus\/#primaryimage\",\"url\":\"https:\/\/astrid-guillaume.fr\/wp-content\/uploads\/2020\/04\/XVe.jpg\",\"contentUrl\":\"https:\/\/astrid-guillaume.fr\/wp-content\/uploads\/2020\/04\/XVe.jpg\",\"width\":453,\"height\":480},{\"@type\":\"BreadcrumbList\",\"@id\":\"https:\/\/astrid-guillaume.fr\/index.php\/cursus\/#breadcrumb\",\"itemListElement\":[{\"@type\":\"ListItem\",\"position\":1,\"name\":\"Accueil\",\"item\":\"https:\/\/astrid-guillaume.fr\/\"},{\"@type\":\"ListItem\",\"position\":2,\"name\":\"Parcours\"}]},{\"@type\":\"WebSite\",\"@id\":\"https:\/\/astrid-guillaume.fr\/#website\",\"url\":\"https:\/\/astrid-guillaume.fr\/\",\"name\":\"Astrid GUILLAUME\",\"description\":\"Ma\u00eetre de conf\u00e9rences HDR - Sorbonne Universit\u00e9\",\"publisher\":{\"@id\":\"https:\/\/astrid-guillaume.fr\/#\/schema\/person\/ea4f874c5f84f3ef4298f3db85c68c9a\"},\"potentialAction\":[{\"@type\":\"SearchAction\",\"target\":{\"@type\":\"EntryPoint\",\"urlTemplate\":\"https:\/\/astrid-guillaume.fr\/?s={search_term_string}\"},\"query-input\":{\"@type\":\"PropertyValueSpecification\",\"valueRequired\":true,\"valueName\":\"search_term_string\"}}],\"inLanguage\":\"fr-FR\"},{\"@type\":[\"Person\",\"Organization\"],\"@id\":\"https:\/\/astrid-guillaume.fr\/#\/schema\/person\/ea4f874c5f84f3ef4298f3db85c68c9a\",\"name\":\"Astrid GUILLAUME\",\"image\":{\"@type\":\"ImageObject\",\"inLanguage\":\"fr-FR\",\"@id\":\"https:\/\/astrid-guillaume.fr\/#\/schema\/person\/image\/\",\"url\":\"https:\/\/secure.gravatar.com\/avatar\/d6b204d7c0d63e3481ca32f0b90c6ff876137841f8508ca626b432158768fd16?s=96&d=blank&r=g\",\"contentUrl\":\"https:\/\/secure.gravatar.com\/avatar\/d6b204d7c0d63e3481ca32f0b90c6ff876137841f8508ca626b432158768fd16?s=96&d=blank&r=g\",\"caption\":\"Astrid GUILLAUME\"},\"logo\":{\"@id\":\"https:\/\/astrid-guillaume.fr\/#\/schema\/person\/image\/\"}}]}<\/script>\n<!-- \/ Yoast SEO plugin. -->","yoast_head_json":{"title":"Parcours - Astrid GUILLAUME","robots":{"index":"index","follow":"follow","max-snippet":"max-snippet:-1","max-image-preview":"max-image-preview:large","max-video-preview":"max-video-preview:-1"},"canonical":"https:\/\/astrid-guillaume.fr\/index.php\/cursus\/","og_locale":"fr_FR","og_type":"article","og_title":"Parcours - Astrid GUILLAUME","og_description":"Double cursus en Lettres Modernes (auditrice libre) et allemand \u00e0 l&rsquo;UPJV Autre Distinctions honorifiques","og_url":"https:\/\/astrid-guillaume.fr\/index.php\/cursus\/","og_site_name":"Astrid GUILLAUME","article_modified_time":"2026-03-19T23:31:52+00:00","og_image":[{"width":453,"height":480,"url":"https:\/\/astrid-guillaume.fr\/wp-content\/uploads\/2020\/04\/XVe.jpg","type":"image\/jpeg"}],"twitter_card":"summary_large_image","twitter_misc":{"Dur\u00e9e de lecture estim\u00e9e":"2 minutes"},"schema":{"@context":"https:\/\/schema.org","@graph":[{"@type":"WebPage","@id":"https:\/\/astrid-guillaume.fr\/index.php\/cursus\/","url":"https:\/\/astrid-guillaume.fr\/index.php\/cursus\/","name":"Parcours - Astrid GUILLAUME","isPartOf":{"@id":"https:\/\/astrid-guillaume.fr\/#website"},"primaryImageOfPage":{"@id":"https:\/\/astrid-guillaume.fr\/index.php\/cursus\/#primaryimage"},"image":{"@id":"https:\/\/astrid-guillaume.fr\/index.php\/cursus\/#primaryimage"},"thumbnailUrl":"http:\/\/astrid-guillaume.fr\/wp-content\/uploads\/2020\/04\/XVe.jpg","datePublished":"2020-04-06T04:26:28+00:00","dateModified":"2026-03-19T23:31:52+00:00","breadcrumb":{"@id":"https:\/\/astrid-guillaume.fr\/index.php\/cursus\/#breadcrumb"},"inLanguage":"fr-FR","potentialAction":[{"@type":"ReadAction","target":["https:\/\/astrid-guillaume.fr\/index.php\/cursus\/"]}]},{"@type":"ImageObject","inLanguage":"fr-FR","@id":"https:\/\/astrid-guillaume.fr\/index.php\/cursus\/#primaryimage","url":"https:\/\/astrid-guillaume.fr\/wp-content\/uploads\/2020\/04\/XVe.jpg","contentUrl":"https:\/\/astrid-guillaume.fr\/wp-content\/uploads\/2020\/04\/XVe.jpg","width":453,"height":480},{"@type":"BreadcrumbList","@id":"https:\/\/astrid-guillaume.fr\/index.php\/cursus\/#breadcrumb","itemListElement":[{"@type":"ListItem","position":1,"name":"Accueil","item":"https:\/\/astrid-guillaume.fr\/"},{"@type":"ListItem","position":2,"name":"Parcours"}]},{"@type":"WebSite","@id":"https:\/\/astrid-guillaume.fr\/#website","url":"https:\/\/astrid-guillaume.fr\/","name":"Astrid GUILLAUME","description":"Ma\u00eetre de conf\u00e9rences HDR - Sorbonne Universit\u00e9","publisher":{"@id":"https:\/\/astrid-guillaume.fr\/#\/schema\/person\/ea4f874c5f84f3ef4298f3db85c68c9a"},"potentialAction":[{"@type":"SearchAction","target":{"@type":"EntryPoint","urlTemplate":"https:\/\/astrid-guillaume.fr\/?s={search_term_string}"},"query-input":{"@type":"PropertyValueSpecification","valueRequired":true,"valueName":"search_term_string"}}],"inLanguage":"fr-FR"},{"@type":["Person","Organization"],"@id":"https:\/\/astrid-guillaume.fr\/#\/schema\/person\/ea4f874c5f84f3ef4298f3db85c68c9a","name":"Astrid GUILLAUME","image":{"@type":"ImageObject","inLanguage":"fr-FR","@id":"https:\/\/astrid-guillaume.fr\/#\/schema\/person\/image\/","url":"https:\/\/secure.gravatar.com\/avatar\/d6b204d7c0d63e3481ca32f0b90c6ff876137841f8508ca626b432158768fd16?s=96&d=blank&r=g","contentUrl":"https:\/\/secure.gravatar.com\/avatar\/d6b204d7c0d63e3481ca32f0b90c6ff876137841f8508ca626b432158768fd16?s=96&d=blank&r=g","caption":"Astrid GUILLAUME"},"logo":{"@id":"https:\/\/astrid-guillaume.fr\/#\/schema\/person\/image\/"}}]}},"_links":{"self":[{"href":"https:\/\/astrid-guillaume.fr\/index.php\/wp-json\/wp\/v2\/pages\/34","targetHints":{"allow":["GET"]}}],"collection":[{"href":"https:\/\/astrid-guillaume.fr\/index.php\/wp-json\/wp\/v2\/pages"}],"about":[{"href":"https:\/\/astrid-guillaume.fr\/index.php\/wp-json\/wp\/v2\/types\/page"}],"author":[{"embeddable":true,"href":"https:\/\/astrid-guillaume.fr\/index.php\/wp-json\/wp\/v2\/users\/1"}],"replies":[{"embeddable":true,"href":"https:\/\/astrid-guillaume.fr\/index.php\/wp-json\/wp\/v2\/comments?post=34"}],"version-history":[{"count":53,"href":"https:\/\/astrid-guillaume.fr\/index.php\/wp-json\/wp\/v2\/pages\/34\/revisions"}],"predecessor-version":[{"id":2691,"href":"https:\/\/astrid-guillaume.fr\/index.php\/wp-json\/wp\/v2\/pages\/34\/revisions\/2691"}],"wp:attachment":[{"href":"https:\/\/astrid-guillaume.fr\/index.php\/wp-json\/wp\/v2\/media?parent=34"}],"curies":[{"name":"wp","href":"https:\/\/api.w.org\/{rel}","templated":true}]}}