{"id":308,"date":"2020-04-11T18:46:58","date_gmt":"2020-04-11T16:46:58","guid":{"rendered":"http:\/\/astrid-guillaume.fr\/?page_id=308"},"modified":"2025-11-08T18:53:05","modified_gmt":"2025-11-08T17:53:05","slug":"theses","status":"publish","type":"page","link":"https:\/\/astrid-guillaume.fr\/index.php\/theses\/","title":{"rendered":"Th\u00e8ses"},"content":{"rendered":"\n<h1 class=\"wp-block-heading\"><strong><mark style=\"background-color:rgba(0, 0, 0, 0);color:#0011a3\" class=\"has-inline-color\">Directions de<\/mark> <mark style=\"background-color:rgba(0, 0, 0, 0);color:#0011a3\" class=\"has-inline-color\">th\u00e8ses de Doctorat (16)<\/mark><\/strong><\/h1>\n\n\n\n<p>*<strong>Th\u00e8ses de Doctorat soutenues<\/strong> <strong>(5)<\/strong><\/p>\n\n\n\n<ul class=\"wp-block-list\">\n<li>5) 2018-2024 &#8211; Yoann Amar Assouline, <em>Approche s\u00e9mio-informatique du D\u00e9veloppement Logiciel Tridimensionnel \u2013 Programmation, interth\u00e9oricit\u00e9 et interactivit\u00e9 vid\u00e9oludique<\/em>, comit\u00e9 de suivi Juan Alonso (Paris 5 Ren\u00e9 Descartes &#8211; Paris Cit\u00e9) et Thomas Broden (Universit\u00e9 de Purdue, Etats-Unis). <strong>Th\u00e8se soutenue le 1er juillet 2024<\/strong>.    <\/li>\n<\/ul>\n\n\n\n<p><strong>Jury<\/strong>: Juan Alonso (S\u00e9mioticien, Paris 5 Ren\u00e9 Descartes &#8211; Paris Cit\u00e9), Thomas Broden (S\u00e9mioticien, Universit\u00e9 de Purdue, Etats-Unis), Val\u00e9rie Bruneti\u00e8re (S\u00e9mioticienne,  Paris 5 Ren\u00e9 Descartes &#8211; Paris Cit\u00e9, rapporteure, pr\u00e9sidente), Didier Tassla-Effa (s\u00e9mioticien, Universit\u00e9 de Limoges, rapporteur), Astrid Guillaume (S\u00e9mioticienne, Sorbonne universit\u00e9, directrice).<\/p>\n\n\n\n<p>&#8211;&gt; Chef d&rsquo;entreprise.<\/p>\n\n\n\n<ul class=\"wp-block-list\">\n<li>4) 2018-2023 &#8211; LI Mengyi, <em>S\u00e9miotique des m\u00e9tamorphoses du renard chez Pu Songling. Corps, identit\u00e9s, espaces et visuels<\/em>, comit\u00e9 de suivi Val\u00e9rie Bruneti\u00e8re (Paris 5 Ren\u00e9 Descartes &#8211; Paris Cit\u00e9) et Marie Laureillard (Lyon 2). <strong>Th\u00e8se soutenue le 8 novembre 2023<\/strong>.    <\/li>\n<\/ul>\n\n\n\n<p class=\"has-text-align-left\">                        <strong>Jury<\/strong>: Val\u00e9rie Bruneti\u00e8re (S\u00e9mioticienne, Paris 5 Ren\u00e9 Descartes &#8211; Paris Cit\u00e9 &#8211; Rapporteure), Astrid Guillaume (S\u00e9mioticienne, Sorbonne universit\u00e9, directrice), Vincent Durand-Destes (Sinologue, INALCO), Francis Yaiche (S\u00e9mioticien, Celsa &#8211; Sorbonne Universit\u00e9 &#8211; Pr\u00e9sident), Xinmu ZHANG (Sinologue, Universit\u00e9 de Nanjing, Chine, Rapporteur).<\/p>\n\n\n\n<p>&#8211; Th\u00e8se \u00e0 para\u00eetre dans la collection <em>S\u00e9miotiques <\/em>aux \u00c9ditions Classiques Garnier<\/p>\n\n\n\n<p>&#8211;&gt; Professeur de fran\u00e7ais et de s\u00e9miotique en Chine<\/p>\n\n\n\n<p>       3) 2017-2023 &#8211; FENG Jie, <em>Tradition et Modernit\u00e9 dans les romans de Jia Pingwa. Analyse socios\u00e9miologique<\/em>, comit\u00e9 de suivi Val\u00e9rie Bruneti\u00e8re (Paris 5 Ren\u00e9 Descartes &#8211; Paris Cit\u00e9) et Marie Laureillard (Lyon 2). <strong>Th\u00e8se soutenue le 26 septembre 2023<\/strong>.<\/p>\n\n\n\n<p class=\"has-text-align-left\">               <strong>Jury<\/strong>:  Val\u00e9rie Bruneti\u00e8re (S\u00e9mioticienne, Paris 5 Ren\u00e9 Descartes &#8211; Paris Cit\u00e9 &#8211; Rapporteure), Astrid Guillaume (S\u00e9mioticienne, Sorbonne universit\u00e9, directrice), Marie Laureillard (Sinologue, Lyon 2, Rapporteure), Francis Yaiche (S\u00e9mioticien, Celsa &#8211; Sorbonne Universit\u00e9 &#8211; Pr\u00e9sident)<\/p>\n\n\n\n<p>&#8211; Th\u00e8se \u00e0 para\u00eetre dans la collection <em>S\u00e9miotiques <\/em>aux \u00c9ditions Classiques Garnier<\/p>\n\n\n\n<p>&#8211;&gt; Professeur de fran\u00e7ais \u00e0 l&rsquo;Universit\u00e9 des Langues \u00c9trang\u00e8res du Jilin, Chine.<\/p>\n\n\n\n<ul class=\"wp-block-list\">\n<li>2) <strong>2018-2022<\/strong> &#8211; WANG Tianjiao, <em>Analyse s\u00e9miotraductologique de La P\u00e9rigrination vers l\u2019Ouest<\/em>, comit\u00e9 de suivi Val\u00e9rie Bruneti\u00e8re (Paris 5 Ren\u00e9 Descartes) et Marie Laureillard (Lyon 2). Th\u00e8se soutenue le <strong>17 octobre 2022<\/strong>.\n<ul class=\"wp-block-list\">\n<li><strong>Jury<\/strong>: Denis Bertrand (S\u00e9mioticien, Paris 8 St Denis), Val\u00e9rie Bruneti\u00e8re (S\u00e9mioticienne, Paris 5, rapporteure), Vincent Durand-Dastes (Sinologue, INALCO), Astrid Guillaume (S\u00e9mioticienne, Sorbonne universit\u00e9, directrice), Marie Laureillard (Sinologue, Lyon 2, rapporteure), Francis Yaiche (S\u00e9mioticien, Celsa Sorbonne Universit\u00e9, Pr\u00e9sident)<\/li>\n\n\n\n<li><\/li>\n\n\n\n<li>Th\u00e8se \u00e0 para\u00eetre dans la collection <em>S\u00e9miotiques <\/em>aux Editions Classiques Garnier.<\/li>\n<\/ul>\n<\/li>\n<\/ul>\n\n\n\n<p>&#8211;&gt; Professeur de fran\u00e7ais au D\u00e9partement de fran\u00e7ais de l&rsquo;Universit\u00e9 du Yunnan, Chine.<\/p>\n\n\n\n<ul class=\"wp-block-list\">\n<li>1) <strong>2013-2017<\/strong> &#8211; Pauline DELAHAYE, <em>\u00c9tude s\u00e9miotique des \u00e9motions complexes&nbsp;animales: des signes pour le dire.<\/em> Comit\u00e9 de suivi&nbsp;: Georges Chapouthier (CNRS) et Thomas Broden (Purdue, USA) Th\u00e8se soutenue le <strong><em>17 juin 2017<\/em><\/strong>. <br>     <strong>Jury&nbsp;<\/strong>: Claude B\u00e9ata (Dr v\u00e9t\u00e9rinaire comportementaliste, Toulon, Lyon 2), Thomas Broden   (S\u00e9mioticien, rapporteur, Purdue USA), Georges Chapouthier (Zoobiologiste, rapporteur et pr\u00e9sident, CNRS), Anne-Claire Gagnon (Dr v\u00e9t\u00e9rinaire comportementaliste, Lille), Astrid Guillaume (S\u00e9mioticienne, Paris Sorbonne, Directrice) Ekaterina Velmezova (S\u00e9mioticienne, Lausanne, Suisse). <br><em>Mention&nbsp;: Tr\u00e8s honorable avec f\u00e9licitations du jury \u00e0 l\u2019unanimit\u00e9<\/em>.<br><br>&#8211; Th\u00e8se publi\u00e9e aux Presses Universitaires de Rennes, <em>Des signes pour le dire<\/em>. <em>\u00c9tude s\u00e9miotique des \u00e9motions complexes animales, <\/em>PUR, 2019<em>.<\/em> <\/li>\n<\/ul>\n\n\n\n<p>*<strong>Th\u00e8ses de Doctorat en cours (5)<\/strong><\/p>\n\n\n\n<ul class=\"wp-block-list\">\n<li>5) <strong>Depuis 2025<\/strong> &#8211; QUE Siyu, <em>Analyse s\u00e9miotique du <\/em>R\u00eave dans le Pavillon rouge<\/li>\n\n\n\n<li>4) <strong>Depuis 2023<\/strong> &#8211; Margot DE LA BROISE, <em>\u00ab Langue propre \u00bb ou \u00ab langue interm\u00e9diaire \u00bb dans les interactions intersp\u00e9cifiques humain-animal : \u00e9tude de cas sur des chats domestiques (Felis catus),<\/em><\/li>\n\n\n\n<li>3) <strong>Depuis 2022<\/strong> &#8211; XU Meiyun <em>Enseigner une langue \u00e0 un animal : de l&rsquo;arbitraire \u00e0 l&rsquo;iconicit\u00e9. \u00c9tude de cas avec un chien<\/em>, en co-direction \u00e0 50% avec Luca Nobile (MCF \u00e0 l&rsquo;universit\u00e9 de Bourgogne).<\/li>\n\n\n\n<li>2) <strong>Depuis 2022 <\/strong>&#8211; Sandrine LAGE, <em>Coexister avec les \u00eatres marins \u00e0 l&rsquo;\u00e8re de la sixi\u00e8me extinction : repr\u00e9sentations dans la presse g\u00e9n\u00e9raliste fran\u00e7aise<\/em><\/li>\n\n\n\n<li>1) <strong>Depuis 2018<\/strong> &#8211; Fr\u00e9d\u00e9rick MENEGUZ, <em>Socio-s\u00e9miotique du mouvement humain, de l&rsquo;homo-sapiens \u00e0 l&rsquo;homo-Deus<\/em>.<\/li>\n<\/ul>\n\n\n\n<p>*<strong>Abandons et r\u00e9orientations (6)<\/strong><\/p>\n\n\n\n<p>6) <strong>2017-2025<\/strong> Irina PHILIPPOVA, <em>S\u00e9miotique et s\u00e9miotraductologie des realias linguisticoculturels dans le domaine du tourisme.<\/em> (abandon)<\/p>\n\n\n\n<p>5) <strong>2019<\/strong>&#8211;<strong>2024 <\/strong>Yulia Cherdantseva, <em>Les comparaisons imag\u00e9es : pr\u00e9sence de l\u2019auteur et r\u00f4le du traducteur<\/em> (abandon)<\/p>\n\n\n\n<p>4) <strong>2020-2024<\/strong> Pamela Moore, <em>Interactionnisme symbolique et ethnographie de la communication : dynamiques narratives en pidgin nig\u00e9rian (PN)<\/em> (abandon)<\/p>\n\n\n\n<p>3) <strong>2016-2021<\/strong> Manel Bouata, <em>S\u00e9miotique de l&rsquo;ambiguit\u00e9<\/em> (abandon)<\/p>\n\n\n\n<p>2) <strong>2016-2021 <\/strong>Anne-Laure Thessard, <em>S\u00e9miotique de la triade Animalit\u00e9-Humanit\u00e9-Machinit\u00e9<\/em> (r\u00e9orientation vers la philosophie)<\/p>\n\n\n\n<p>1)<strong> 2017-2019<\/strong> Sung Jae WON &#8211; S\u00e9miotique de l&rsquo;objet culturel Hunminjeongeum (caract\u00e8re cor\u00e9en original): \u00e9tude th\u00e9orique et pratique (r\u00e9orientation vers les \u00e9tudes asiatiques)<\/p>\n\n\n\n<h1 class=\"wp-block-heading\"><strong><mark style=\"background-color:rgba(0, 0, 0, 0);color:#0011a3\" class=\"has-inline-color\">Participations \u00e0 des jurys de th\u00e8ses<\/mark><\/strong> <mark style=\"background-color:rgba(0, 0, 0, 0);color:#0011a3\" class=\"has-inline-color\">(11)<\/mark><\/h1>\n\n\n\n<h2 class=\"wp-block-heading\"><strong>&#8211; Habilitation \u00e0 diriger les recherches (HDR)<\/strong> (1)<\/h2>\n\n\n\n<ol class=\"wp-block-list\">\n<li><strong>En tant que rapporteure (1)<\/strong><\/li>\n<\/ol>\n\n\n\n<ul class=\"wp-block-list\">\n<li><strong> <em>13 d\u00e9cembre 2019<\/em><\/strong>, Universit\u00e9 de Poitiers&nbsp;: Antonia CRISTINOI BURSUC, <em>L\u2019exploration du lexique comme interface disciplinaire, <\/em>sous la direction de Gilles COL<em>.<\/em>\n<ul class=\"wp-block-list\">\n<li>Jury&nbsp;: Gilles COL (Garant), <strong>Astrid GUILLAUME (Rapporteure, Sorbonne universit\u00e9)<\/strong>, Isabelle COLLOMBAT (ESIT), Jean-Louis ROUGE (Orl\u00e9ans &#8211; Pr\u00e9sident), Fran\u00e7oise ROSE (CNRS)<\/li>\n<\/ul>\n<\/li>\n<\/ul>\n\n\n\n<h2 class=\"wp-block-heading\"><strong>&#8211; Th\u00e8ses de Doctorat<\/strong> (10)<\/h2>\n\n\n\n<ol class=\"wp-block-list\">\n<li><strong>En tant que pr\u00e9sidente (1)<\/strong><\/li>\n<\/ol>\n\n\n\n<ul class=\"wp-block-list\">\n<li><strong>1<sup>er<\/sup> d\u00e9cembre 2018<\/strong> &#8211; Sorbonne Universit\u00e9&nbsp;: Alex FOUILLET, <em>R\u00e9gionalismes en Norv\u00e8ge et en France \u2013 Passerelles et traduction<\/em>, sous la direction de Karl GADELII.\n<ul class=\"wp-block-list\">\n<li><strong>Jury&nbsp;<\/strong>: Karl GADELII (Directeur, Sorbonne), Fr\u00e9d\u00e9rique HARRY (Sorbonne universit\u00e9), Sylfest LOMHEIM (Rapporteur, Agder), <strong>Astrid GUILLAUME (Pr\u00e9sidente, Sorbonne Universit\u00e9)<\/strong>, Hedwig REUTER (Rapporteur, Louvain), Harri VEIVO (Caen).<\/li>\n<\/ul>\n<\/li>\n<\/ul>\n\n\n\n<p>      2. <strong>En tant que rapporteure<\/strong> <strong>(9)<\/strong><\/p>\n\n\n\n<ul class=\"wp-block-list\">\n<li>1<strong>0 juin 2024 <\/strong>&#8211; David DECKER, L&rsquo;H\u00e9sitation en philosophie animale. Une incursion dans l\u2019\u00e9cologie de Jakob von Uexk\u00fcll, Universit\u00e9 de Tours, direction Pascal NOUVEL.<\/li>\n\n\n\n<li>              <strong>Jury<\/strong>: Etienne BIMBENET (Bordeaux Montaigne), Florence BURGAT (Rapporteure, INRA), <strong>Astrid GUILLAUME (Rapporteure, Sorbonne)<\/strong>, Pascal  NOUVEL (Directeur, Tours)<\/li>\n\n\n\n<li><\/li>\n\n\n\n<li><strong>12 d\u00e9cembre 2022<\/strong>&#8211; Vincent MICHAUD,<em> La harpe ga\u00e9lique ancienne dans et par les textes. Approches linguistiques et s\u00e9miotiques<\/em>, Universit\u00e9 de Bourgogne Franche Comt\u00e9, codirection Margareta Kastberg Sj\u00f6blom Lia Kurts-W\u00f6ste.\n<ul class=\"wp-block-list\">\n<li><strong>Jury<\/strong>: Marc Bonhomme (Rapporteur, Berne), <strong>Astrid Guillaume (Rapporteure, Sorbonne universit\u00e9)<\/strong>, Christophe Guillotel Nothmann (CNRS), Margareta Kastberg Sj\u00f6blom (Besan\u00e7on), Lia Kurts-W\u00f6ste (Bordeaux Montaigne), Mathieu Valette (Pr\u00e9sident, INALCO)<br><\/li>\n<\/ul>\n<\/li>\n\n\n\n<li><strong>18 novembre 2019<\/strong> &#8211; Agn\u00e8s ALESSANDRIN, <em>Du g\u00e8ne au signe du g\u00e8ne. Recherche crois\u00e9e pour la d\u00e9finition et le cadrage du champ de l\u2019agros\u00e9miologie<\/em>, Universit\u00e9 Paris 5 Ren\u00e9 Descartes, direction Val\u00e9rie Bruneti\u00e8re.\n<ul class=\"wp-block-list\">\n<li><strong>Jury<\/strong>: Dominique Ducard, <strong>Astrid Guillaume (Rapporteure)<\/strong>, Jocelyne Porcher, Valerie Bruneti\u00e8re (Pr\u00e9sidente), Mathieu C\u00e9cile, Etienne Verrier (Rapporteur), Fodor Ferenc.<\/li>\n<\/ul>\n<\/li>\n<\/ul>\n\n\n\n<ul class=\"wp-block-list\">\n<li><strong>7 f\u00e9vrier 2019<\/strong> &#8211; Myriam DE BEAULIEU, <em>Analyse linguistique et culturelle de l\u2019anglicisation contemporaine du fran\u00e7ais \u00e0 partir d\u2019un corpus m\u00e9diatique<\/em>, sous la co-direction de Gabriel BERGOUNIOUX et Antonia CRISTINOI, Universit\u00e9 d\u2019Orl\u00e9ans.\n<ul class=\"wp-block-list\">\n<li><strong>Jury&nbsp;<\/strong>: Gabriel BERGOUNIOUX (Co-directeur, Orl\u00e9ans), Antonia CRISTINOI (Co-directrice, Orl\u00e9ans), <strong>Astrid GUILLAUME (Rapporteure, Sorbonne Universit\u00e9)<\/strong>, Franck NEVEU (Rapporteur, Pr\u00e9sident, Sorbonne Universit\u00e9).<\/li>\n<\/ul>\n<\/li>\n<\/ul>\n\n\n\n<ul class=\"wp-block-list\">\n<li><strong>20 d\u00e9cembre 2017<\/strong> &#8211;  Universit\u00e9 de Limoges, Pascaline ZANG NDONG, <em>Ecriture et masque&nbsp;: approche s\u00e9miotique et po\u00e9tique<\/em>, sous la co-direction de Isabelle KLOCK-FONTANILLE et Ludovic OBIANG.\n<ul class=\"wp-block-list\">\n<li><strong>Jury<\/strong>&nbsp;: &nbsp;Mounira Chatti (Bordeaux), <strong>Astrid Guillaume (<strong>Rapporteure<\/strong><\/strong>, <strong>Sorbonne Universit\u00e9)<\/strong>, Isabelle Klock-Fontanille (Co-directeur, Limoges), Daniel Noah Mbed\u00e9, (Yaound\u00e9, Rapporteur), Ludovic Obiang (Co-directeur, Gabon), Didier Tsala-Effa (Limoges).<\/li>\n<\/ul>\n<\/li>\n<\/ul>\n\n\n\n<ul class=\"wp-block-list\">\n<li><strong>12 d\u00e9cembre 2016<\/strong> &#8211; Universit\u00e9 de Toulouse 3&nbsp;: Roukiya MOHAMED OSMAN, <em>La politique de s\u00e9curit\u00e9 et de d\u00e9fense dans la Corne de l\u2019Afrique: le cas de Djibouti<\/em>, sous la direction de Mathieu GUID\u00c8RE.\n<ul class=\"wp-block-list\">\n<li><strong>Jury<\/strong>&nbsp;: S\u00e9raphin Alava (Toulouse, Pr\u00e9sident), Lynne Franji\u00e9 (Lille 3, Rapporteur), Mathieu Guid\u00e8re (Paris 8, Directeur), Astrid Guillaume (Paris-Sorbonne, <strong>Rapporteure<\/strong>),&nbsp; Jean-Marie Miossec (Montpellier 3, Rapporteur).<\/li>\n<\/ul>\n<\/li>\n<\/ul>\n\n\n\n<ul class=\"wp-block-list\">\n<li><strong>23 septembre 2016<\/strong> &#8211; Universit\u00e9 de Limoges&nbsp;: St\u00e9phanie DELUGEARD, <em>Les supports de l\u2019\u00e9criture et de la communication en milieu carc\u00e9ral<\/em>, sous la co-direction d\u2019Isabelle KLOCK-FONTANILLE et Didier TSALA-EFFA.\n<ul class=\"wp-block-list\">\n<li><strong>Jury<\/strong>&nbsp;: Philippe Arti\u00e8res (CNRS\/EHESS, Paris), Anne Beyaert-Geslin (Rapporteur, Bordeaux), <strong>Astrid Guillaume (Rapporteure, Paris Sorbonne)<\/strong>, Isabelle Klock-Fontanille (Co-directrice, Limoges), Didier Tsala-Effa (Co-directeur, Limoges)<\/li>\n<\/ul>\n<\/li>\n<\/ul>\n\n\n\n<ul class=\"wp-block-list\">\n<li><strong>8 septembre 2014<\/strong> &#8211; Universit\u00e9 d\u2019Angers, Lucie HERBRETEAU, <em>De l&rsquo;animal \u00e0 la divinit\u00e9&nbsp;: le dragon dans la litt\u00e9rature m\u00e9di\u00e9vale anglaise, entre r\u00e9appropriation mythologique et cr\u00e9ation d&rsquo;une nouvelle figure mythique<\/em>, sous la direction de Yannick Le Boulicaut, mention \u00ab&nbsp;Tr\u00e8s honorable \u00e0 l\u2019unanimit\u00e9&nbsp;\u00bb.\n<ul class=\"wp-block-list\">\n<li><strong>Jury&nbsp;<\/strong>: Martine Hennard Dutheil de la Roch\u00e8re (Rapporteur, Lausanne), Yannick Le Boulicaut (Directeur, Angers),<strong> Astrid Guillaume (Rapporteure, Paris Sorbonne),<\/strong> Emmanuel Vernadakis (Angers).<\/li>\n<\/ul>\n<\/li>\n<\/ul>\n\n\n\n<p><em>Rapporteure hors jury de th\u00e8se<\/em> (1)<\/p>\n\n\n\n<ul class=\"wp-block-list\">\n<li><strong>14 septembre 2018<\/strong> &#8211; Hanaa Beldjerd, <em>Traduction en arabe des textes juridiques \u00e0 vocation internationale. Le cas de la Charte des Nations Unies<\/em>, sous la co-direction de MM. Armand Heroguel et Johannes Den Heidjer, Universit\u00e9 de Lille et Universit\u00e9 Catholique de Louvain.\n<ul class=\"wp-block-list\">\n<li><strong>Jury<\/strong>: Lynne FRANJI\u00c9 (Pr\u00e9sidente du Jury, Lille), Armand HEROGUEL (Directeur, Lille), Johannes DEN HEIJER (Directeur, UCL), Jean-Pierre COLSON (Examinateur, UCL), Philippe GRECIANO (Rapporteur et examinateur, Grenoble), Astrid GUILLAUME (<strong>Rapporteure ext\u00e9rieure<\/strong>, Sorbonne-Universit\u00e9), Bachir DAHMANI (Examinateur, Lille)<\/li>\n<\/ul>\n<\/li>\n<\/ul>\n\n\n\n<p><strong>3- En tant que membre de jury (1)<\/strong><\/p>\n\n\n\n<ul class=\"wp-block-list\">\n<li><strong>10 juin 2014<\/strong> &#8211; Universit\u00e9 Paris 1 Panth\u00e9on Sorbonne&nbsp;: Yasseir ALNAEEM, <em>L\u2019image de l\u2019enseignement sup\u00e9rieur f\u00e9minin en Arabie Saoudite<\/em>, sous la direction de Jean SALEM, mention \u00ab&nbsp;Tr\u00e8s honorable avec f\u00e9licitations du jury \u00e0 l\u2019unanimit\u00e9&nbsp;\u00bb.\n<ul class=\"wp-block-list\">\n<li><strong>Jury<\/strong>&nbsp;: Mathieu Guid\u00e8re (Pr\u00e9sident, Toulouse), Philippe Greciano (Rapporteur, Grenoble), <strong>Astrid Guillaume (Paris Sorbonne)<\/strong>, Hoda Moukannas (Rapporteur, Beyrouth), Jean Salem (Directeur, Paris 1 Panth\u00e9on Sorbonne).<\/li>\n<\/ul>\n<\/li>\n<\/ul>\n\n\n\n<p><\/p>\n","protected":false},"excerpt":{"rendered":"<p>Directions de th\u00e8ses de Doctorat (16) *Th\u00e8ses de Doctorat soutenues (5) Jury: Juan Alonso (S\u00e9mioticien, Paris 5 Ren\u00e9 Descartes &#8211; Paris Cit\u00e9), Thomas Broden (S\u00e9mioticien, Universit\u00e9 de Purdue, Etats-Unis), Val\u00e9rie Bruneti\u00e8re (S\u00e9mioticienne, Paris 5 Ren\u00e9 Descartes &#8211; Paris Cit\u00e9, rapporteure, pr\u00e9sidente), Didier Tassla-Effa (s\u00e9mioticien, Universit\u00e9 de Limoges, rapporteur), Astrid Guillaume<\/p>\n<p><a class=\"more-link\" href=\"https:\/\/astrid-guillaume.fr\/index.php\/theses\/\">Read More<\/a><\/p>\n","protected":false},"author":1,"featured_media":0,"parent":0,"menu_order":0,"comment_status":"closed","ping_status":"closed","template":"","meta":{"footnotes":""},"class_list":["post-308","page","type-page","status-publish","hentry"],"yoast_head":"<!-- This site is optimized with the Yoast SEO plugin v26.9 - https:\/\/yoast.com\/product\/yoast-seo-wordpress\/ -->\n<title>Th\u00e8ses - Astrid GUILLAUME<\/title>\n<meta name=\"robots\" content=\"index, follow, max-snippet:-1, max-image-preview:large, max-video-preview:-1\" \/>\n<link rel=\"canonical\" href=\"https:\/\/astrid-guillaume.fr\/index.php\/theses\/\" \/>\n<meta property=\"og:locale\" content=\"fr_FR\" \/>\n<meta property=\"og:type\" content=\"article\" \/>\n<meta property=\"og:title\" content=\"Th\u00e8ses - Astrid GUILLAUME\" \/>\n<meta property=\"og:description\" content=\"Directions de th\u00e8ses de Doctorat (16) *Th\u00e8ses de Doctorat soutenues (5) Jury: Juan Alonso (S\u00e9mioticien, Paris 5 Ren\u00e9 Descartes &#8211; Paris Cit\u00e9), Thomas Broden (S\u00e9mioticien, Universit\u00e9 de Purdue, Etats-Unis), Val\u00e9rie Bruneti\u00e8re (S\u00e9mioticienne, Paris 5 Ren\u00e9 Descartes &#8211; Paris Cit\u00e9, rapporteure, pr\u00e9sidente), Didier Tassla-Effa (s\u00e9mioticien, Universit\u00e9 de Limoges, rapporteur), Astrid GuillaumeRead More\" \/>\n<meta property=\"og:url\" content=\"https:\/\/astrid-guillaume.fr\/index.php\/theses\/\" \/>\n<meta property=\"og:site_name\" content=\"Astrid GUILLAUME\" \/>\n<meta property=\"article:modified_time\" content=\"2025-11-08T17:53:05+00:00\" \/>\n<meta name=\"twitter:card\" content=\"summary_large_image\" \/>\n<meta name=\"twitter:label1\" content=\"Dur\u00e9e de lecture estim\u00e9e\" \/>\n\t<meta name=\"twitter:data1\" content=\"7 minutes\" \/>\n<script type=\"application\/ld+json\" class=\"yoast-schema-graph\">{\"@context\":\"https:\/\/schema.org\",\"@graph\":[{\"@type\":\"WebPage\",\"@id\":\"https:\/\/astrid-guillaume.fr\/index.php\/theses\/\",\"url\":\"https:\/\/astrid-guillaume.fr\/index.php\/theses\/\",\"name\":\"Th\u00e8ses - Astrid GUILLAUME\",\"isPartOf\":{\"@id\":\"https:\/\/astrid-guillaume.fr\/#website\"},\"datePublished\":\"2020-04-11T16:46:58+00:00\",\"dateModified\":\"2025-11-08T17:53:05+00:00\",\"breadcrumb\":{\"@id\":\"https:\/\/astrid-guillaume.fr\/index.php\/theses\/#breadcrumb\"},\"inLanguage\":\"fr-FR\",\"potentialAction\":[{\"@type\":\"ReadAction\",\"target\":[\"https:\/\/astrid-guillaume.fr\/index.php\/theses\/\"]}]},{\"@type\":\"BreadcrumbList\",\"@id\":\"https:\/\/astrid-guillaume.fr\/index.php\/theses\/#breadcrumb\",\"itemListElement\":[{\"@type\":\"ListItem\",\"position\":1,\"name\":\"Accueil\",\"item\":\"https:\/\/astrid-guillaume.fr\/\"},{\"@type\":\"ListItem\",\"position\":2,\"name\":\"Th\u00e8ses\"}]},{\"@type\":\"WebSite\",\"@id\":\"https:\/\/astrid-guillaume.fr\/#website\",\"url\":\"https:\/\/astrid-guillaume.fr\/\",\"name\":\"Astrid GUILLAUME\",\"description\":\"Ma\u00eetre de conf\u00e9rences HDR - Sorbonne Universit\u00e9\",\"publisher\":{\"@id\":\"https:\/\/astrid-guillaume.fr\/#\/schema\/person\/ea4f874c5f84f3ef4298f3db85c68c9a\"},\"potentialAction\":[{\"@type\":\"SearchAction\",\"target\":{\"@type\":\"EntryPoint\",\"urlTemplate\":\"https:\/\/astrid-guillaume.fr\/?s={search_term_string}\"},\"query-input\":{\"@type\":\"PropertyValueSpecification\",\"valueRequired\":true,\"valueName\":\"search_term_string\"}}],\"inLanguage\":\"fr-FR\"},{\"@type\":[\"Person\",\"Organization\"],\"@id\":\"https:\/\/astrid-guillaume.fr\/#\/schema\/person\/ea4f874c5f84f3ef4298f3db85c68c9a\",\"name\":\"Astrid GUILLAUME\",\"image\":{\"@type\":\"ImageObject\",\"inLanguage\":\"fr-FR\",\"@id\":\"https:\/\/astrid-guillaume.fr\/#\/schema\/person\/image\/\",\"url\":\"https:\/\/secure.gravatar.com\/avatar\/d6b204d7c0d63e3481ca32f0b90c6ff876137841f8508ca626b432158768fd16?s=96&d=blank&r=g\",\"contentUrl\":\"https:\/\/secure.gravatar.com\/avatar\/d6b204d7c0d63e3481ca32f0b90c6ff876137841f8508ca626b432158768fd16?s=96&d=blank&r=g\",\"caption\":\"Astrid GUILLAUME\"},\"logo\":{\"@id\":\"https:\/\/astrid-guillaume.fr\/#\/schema\/person\/image\/\"}}]}<\/script>\n<!-- \/ Yoast SEO plugin. -->","yoast_head_json":{"title":"Th\u00e8ses - Astrid GUILLAUME","robots":{"index":"index","follow":"follow","max-snippet":"max-snippet:-1","max-image-preview":"max-image-preview:large","max-video-preview":"max-video-preview:-1"},"canonical":"https:\/\/astrid-guillaume.fr\/index.php\/theses\/","og_locale":"fr_FR","og_type":"article","og_title":"Th\u00e8ses - Astrid GUILLAUME","og_description":"Directions de th\u00e8ses de Doctorat (16) *Th\u00e8ses de Doctorat soutenues (5) Jury: Juan Alonso (S\u00e9mioticien, Paris 5 Ren\u00e9 Descartes &#8211; Paris Cit\u00e9), Thomas Broden (S\u00e9mioticien, Universit\u00e9 de Purdue, Etats-Unis), Val\u00e9rie Bruneti\u00e8re (S\u00e9mioticienne, Paris 5 Ren\u00e9 Descartes &#8211; Paris Cit\u00e9, rapporteure, pr\u00e9sidente), Didier Tassla-Effa (s\u00e9mioticien, Universit\u00e9 de Limoges, rapporteur), Astrid GuillaumeRead More","og_url":"https:\/\/astrid-guillaume.fr\/index.php\/theses\/","og_site_name":"Astrid GUILLAUME","article_modified_time":"2025-11-08T17:53:05+00:00","twitter_card":"summary_large_image","twitter_misc":{"Dur\u00e9e de lecture estim\u00e9e":"7 minutes"},"schema":{"@context":"https:\/\/schema.org","@graph":[{"@type":"WebPage","@id":"https:\/\/astrid-guillaume.fr\/index.php\/theses\/","url":"https:\/\/astrid-guillaume.fr\/index.php\/theses\/","name":"Th\u00e8ses - Astrid GUILLAUME","isPartOf":{"@id":"https:\/\/astrid-guillaume.fr\/#website"},"datePublished":"2020-04-11T16:46:58+00:00","dateModified":"2025-11-08T17:53:05+00:00","breadcrumb":{"@id":"https:\/\/astrid-guillaume.fr\/index.php\/theses\/#breadcrumb"},"inLanguage":"fr-FR","potentialAction":[{"@type":"ReadAction","target":["https:\/\/astrid-guillaume.fr\/index.php\/theses\/"]}]},{"@type":"BreadcrumbList","@id":"https:\/\/astrid-guillaume.fr\/index.php\/theses\/#breadcrumb","itemListElement":[{"@type":"ListItem","position":1,"name":"Accueil","item":"https:\/\/astrid-guillaume.fr\/"},{"@type":"ListItem","position":2,"name":"Th\u00e8ses"}]},{"@type":"WebSite","@id":"https:\/\/astrid-guillaume.fr\/#website","url":"https:\/\/astrid-guillaume.fr\/","name":"Astrid GUILLAUME","description":"Ma\u00eetre de conf\u00e9rences HDR - Sorbonne Universit\u00e9","publisher":{"@id":"https:\/\/astrid-guillaume.fr\/#\/schema\/person\/ea4f874c5f84f3ef4298f3db85c68c9a"},"potentialAction":[{"@type":"SearchAction","target":{"@type":"EntryPoint","urlTemplate":"https:\/\/astrid-guillaume.fr\/?s={search_term_string}"},"query-input":{"@type":"PropertyValueSpecification","valueRequired":true,"valueName":"search_term_string"}}],"inLanguage":"fr-FR"},{"@type":["Person","Organization"],"@id":"https:\/\/astrid-guillaume.fr\/#\/schema\/person\/ea4f874c5f84f3ef4298f3db85c68c9a","name":"Astrid GUILLAUME","image":{"@type":"ImageObject","inLanguage":"fr-FR","@id":"https:\/\/astrid-guillaume.fr\/#\/schema\/person\/image\/","url":"https:\/\/secure.gravatar.com\/avatar\/d6b204d7c0d63e3481ca32f0b90c6ff876137841f8508ca626b432158768fd16?s=96&d=blank&r=g","contentUrl":"https:\/\/secure.gravatar.com\/avatar\/d6b204d7c0d63e3481ca32f0b90c6ff876137841f8508ca626b432158768fd16?s=96&d=blank&r=g","caption":"Astrid GUILLAUME"},"logo":{"@id":"https:\/\/astrid-guillaume.fr\/#\/schema\/person\/image\/"}}]}},"_links":{"self":[{"href":"https:\/\/astrid-guillaume.fr\/index.php\/wp-json\/wp\/v2\/pages\/308","targetHints":{"allow":["GET"]}}],"collection":[{"href":"https:\/\/astrid-guillaume.fr\/index.php\/wp-json\/wp\/v2\/pages"}],"about":[{"href":"https:\/\/astrid-guillaume.fr\/index.php\/wp-json\/wp\/v2\/types\/page"}],"author":[{"embeddable":true,"href":"https:\/\/astrid-guillaume.fr\/index.php\/wp-json\/wp\/v2\/users\/1"}],"replies":[{"embeddable":true,"href":"https:\/\/astrid-guillaume.fr\/index.php\/wp-json\/wp\/v2\/comments?post=308"}],"version-history":[{"count":66,"href":"https:\/\/astrid-guillaume.fr\/index.php\/wp-json\/wp\/v2\/pages\/308\/revisions"}],"predecessor-version":[{"id":2601,"href":"https:\/\/astrid-guillaume.fr\/index.php\/wp-json\/wp\/v2\/pages\/308\/revisions\/2601"}],"wp:attachment":[{"href":"https:\/\/astrid-guillaume.fr\/index.php\/wp-json\/wp\/v2\/media?parent=308"}],"curies":[{"name":"wp","href":"https:\/\/api.w.org\/{rel}","templated":true}]}}