{"id":287,"date":"2020-04-10T04:22:02","date_gmt":"2020-04-10T02:22:02","guid":{"rendered":"http:\/\/astrid-guillaume.fr\/?page_id=287"},"modified":"2021-11-01T14:50:43","modified_gmt":"2021-11-01T13:50:43","slug":"contact","status":"publish","type":"page","link":"https:\/\/astrid-guillaume.fr\/index.php\/contact\/","title":{"rendered":"Contact"},"content":{"rendered":"\n<h2 class=\"wp-block-heading\"><strong><span style=\"color:#0016a3\" class=\"has-inline-color\"><em>Courriel<\/em><\/span><\/strong><\/h2>\n\n\n\n<ul class=\"wp-block-list\"><li><a href=\"mailto:astrid.guillaume@sorbonne-unversite.fr\" target=\"_blank\" rel=\"noreferrer noopener\"><img decoding=\"async\" width=\"300\" height=\"17\" class=\"wp-image-437\" style=\"width: 300px;\" src=\"http:\/\/astrid-guillaume.fr\/wp-content\/uploads\/2020\/04\/Fichier-3.jpg\" alt=\"\" srcset=\"https:\/\/astrid-guillaume.fr\/wp-content\/uploads\/2020\/04\/Fichier-3.jpg 1265w, https:\/\/astrid-guillaume.fr\/wp-content\/uploads\/2020\/04\/Fichier-3-300x17.jpg 300w, https:\/\/astrid-guillaume.fr\/wp-content\/uploads\/2020\/04\/Fichier-3-1024x57.jpg 1024w, https:\/\/astrid-guillaume.fr\/wp-content\/uploads\/2020\/04\/Fichier-3-768x43.jpg 768w, https:\/\/astrid-guillaume.fr\/wp-content\/uploads\/2020\/04\/Fichier-3-800x45.jpg 800w\" sizes=\"(max-width: 300px) 100vw, 300px\" \/><\/a><\/li><\/ul>\n\n\n\n<h2 class=\"wp-block-heading\"><strong><span style=\"color:#0016a3\" class=\"has-inline-color\"><em>R\u00e9seaux sociaux<\/em><\/span><\/strong><\/h2>\n\n\n\n<ul class=\"wp-block-list\"><li><span style=\"text-decoration: underline;\"><a rel=\"noreferrer noopener\" href=\"https:\/\/www.facebook.com\/astrid.guillaume.5\/about\" target=\"_blank\">Facebook<\/a><\/span><\/li><li><span style=\"text-decoration: underline;\"><a rel=\"noreferrer noopener\" href=\"https:\/\/twitter.com\/astridguillaume?lang=fr\" target=\"_blank\">Twitter<\/a><\/span><\/li><li><span style=\"text-decoration: underline;\"><a href=\"https:\/\/fr.linkedin.com\/public-profile\/in\/astrid-guillaume-073562148?challengeId=AQGa4rfWTMzDGwAAAXOaox3SF4USZs173XQc282EtLygyEW-dRbsbj_cGF5MHyS3zKdPgRBCpIUbyFY7Fmq5PsxYTD5X_7-WTA&amp;submissionId=5459ac4d-533a-2616-3fc4-af7c9e4a2e21\" target=\"_blank\" aria-label=\"undefined (s\u2019ouvre dans un nouvel onglet)\" rel=\"noreferrer noopener\">LinkedIn<\/a><\/span><\/li><\/ul>\n\n\n\n<h2 class=\"wp-block-heading\"><strong><span style=\"color:#0016a3\" class=\"has-inline-color\"><em>Adresse<\/em><\/span><\/strong><\/h2>\n\n\n\n<ul class=\"wp-block-list\"><li>Astrid GUILLAUME, MCF HDR \u00e0 Sorbonne Universit\u00e9, Facult\u00e9 des Lettres, 1 rue Victor Cousin, 75005 Paris<\/li><\/ul>\n","protected":false},"excerpt":{"rendered":"<p>Courriel R\u00e9seaux sociaux Facebook Twitter LinkedIn Adresse Astrid GUILLAUME, MCF HDR \u00e0 Sorbonne Universit\u00e9, Facult\u00e9 des Lettres, 1 rue Victor Cousin, 75005 Paris<\/p>\n","protected":false},"author":1,"featured_media":0,"parent":0,"menu_order":0,"comment_status":"closed","ping_status":"closed","template":"","meta":{"footnotes":""},"class_list":["post-287","page","type-page","status-publish","hentry"],"yoast_head":"<!-- This site is optimized with the Yoast SEO plugin v26.9 - https:\/\/yoast.com\/product\/yoast-seo-wordpress\/ -->\n<title>Contact - Astrid GUILLAUME<\/title>\n<meta name=\"robots\" content=\"index, follow, max-snippet:-1, max-image-preview:large, max-video-preview:-1\" \/>\n<link rel=\"canonical\" href=\"https:\/\/astrid-guillaume.fr\/index.php\/contact\/\" \/>\n<meta property=\"og:locale\" content=\"fr_FR\" \/>\n<meta property=\"og:type\" content=\"article\" \/>\n<meta property=\"og:title\" content=\"Contact - Astrid GUILLAUME\" \/>\n<meta property=\"og:description\" content=\"Courriel R\u00e9seaux sociaux Facebook Twitter LinkedIn Adresse Astrid GUILLAUME, MCF HDR \u00e0 Sorbonne Universit\u00e9, Facult\u00e9 des Lettres, 1 rue Victor Cousin, 75005 Paris\" \/>\n<meta property=\"og:url\" content=\"https:\/\/astrid-guillaume.fr\/index.php\/contact\/\" \/>\n<meta property=\"og:site_name\" content=\"Astrid GUILLAUME\" \/>\n<meta property=\"article:modified_time\" content=\"2021-11-01T13:50:43+00:00\" \/>\n<meta property=\"og:image\" content=\"http:\/\/astrid-guillaume.fr\/wp-content\/uploads\/2020\/04\/Fichier-3.jpg\" \/>\n<meta name=\"twitter:card\" content=\"summary_large_image\" \/>\n<meta name=\"twitter:label1\" content=\"Dur\u00e9e de lecture estim\u00e9e\" \/>\n\t<meta name=\"twitter:data1\" content=\"1 minute\" \/>\n<script type=\"application\/ld+json\" class=\"yoast-schema-graph\">{\"@context\":\"https:\/\/schema.org\",\"@graph\":[{\"@type\":\"WebPage\",\"@id\":\"https:\/\/astrid-guillaume.fr\/index.php\/contact\/\",\"url\":\"https:\/\/astrid-guillaume.fr\/index.php\/contact\/\",\"name\":\"Contact - Astrid GUILLAUME\",\"isPartOf\":{\"@id\":\"https:\/\/astrid-guillaume.fr\/#website\"},\"primaryImageOfPage\":{\"@id\":\"https:\/\/astrid-guillaume.fr\/index.php\/contact\/#primaryimage\"},\"image\":{\"@id\":\"https:\/\/astrid-guillaume.fr\/index.php\/contact\/#primaryimage\"},\"thumbnailUrl\":\"http:\/\/astrid-guillaume.fr\/wp-content\/uploads\/2020\/04\/Fichier-3.jpg\",\"datePublished\":\"2020-04-10T02:22:02+00:00\",\"dateModified\":\"2021-11-01T13:50:43+00:00\",\"breadcrumb\":{\"@id\":\"https:\/\/astrid-guillaume.fr\/index.php\/contact\/#breadcrumb\"},\"inLanguage\":\"fr-FR\",\"potentialAction\":[{\"@type\":\"ReadAction\",\"target\":[\"https:\/\/astrid-guillaume.fr\/index.php\/contact\/\"]}]},{\"@type\":\"ImageObject\",\"inLanguage\":\"fr-FR\",\"@id\":\"https:\/\/astrid-guillaume.fr\/index.php\/contact\/#primaryimage\",\"url\":\"https:\/\/astrid-guillaume.fr\/wp-content\/uploads\/2020\/04\/Fichier-3.jpg\",\"contentUrl\":\"https:\/\/astrid-guillaume.fr\/wp-content\/uploads\/2020\/04\/Fichier-3.jpg\",\"width\":1265,\"height\":71},{\"@type\":\"BreadcrumbList\",\"@id\":\"https:\/\/astrid-guillaume.fr\/index.php\/contact\/#breadcrumb\",\"itemListElement\":[{\"@type\":\"ListItem\",\"position\":1,\"name\":\"Accueil\",\"item\":\"https:\/\/astrid-guillaume.fr\/\"},{\"@type\":\"ListItem\",\"position\":2,\"name\":\"Contact\"}]},{\"@type\":\"WebSite\",\"@id\":\"https:\/\/astrid-guillaume.fr\/#website\",\"url\":\"https:\/\/astrid-guillaume.fr\/\",\"name\":\"Astrid GUILLAUME\",\"description\":\"Ma\u00eetre de conf\u00e9rences HDR - Sorbonne Universit\u00e9\",\"publisher\":{\"@id\":\"https:\/\/astrid-guillaume.fr\/#\/schema\/person\/ea4f874c5f84f3ef4298f3db85c68c9a\"},\"potentialAction\":[{\"@type\":\"SearchAction\",\"target\":{\"@type\":\"EntryPoint\",\"urlTemplate\":\"https:\/\/astrid-guillaume.fr\/?s={search_term_string}\"},\"query-input\":{\"@type\":\"PropertyValueSpecification\",\"valueRequired\":true,\"valueName\":\"search_term_string\"}}],\"inLanguage\":\"fr-FR\"},{\"@type\":[\"Person\",\"Organization\"],\"@id\":\"https:\/\/astrid-guillaume.fr\/#\/schema\/person\/ea4f874c5f84f3ef4298f3db85c68c9a\",\"name\":\"Astrid GUILLAUME\",\"image\":{\"@type\":\"ImageObject\",\"inLanguage\":\"fr-FR\",\"@id\":\"https:\/\/astrid-guillaume.fr\/#\/schema\/person\/image\/\",\"url\":\"https:\/\/secure.gravatar.com\/avatar\/d6b204d7c0d63e3481ca32f0b90c6ff876137841f8508ca626b432158768fd16?s=96&d=blank&r=g\",\"contentUrl\":\"https:\/\/secure.gravatar.com\/avatar\/d6b204d7c0d63e3481ca32f0b90c6ff876137841f8508ca626b432158768fd16?s=96&d=blank&r=g\",\"caption\":\"Astrid GUILLAUME\"},\"logo\":{\"@id\":\"https:\/\/astrid-guillaume.fr\/#\/schema\/person\/image\/\"}}]}<\/script>\n<!-- \/ Yoast SEO plugin. -->","yoast_head_json":{"title":"Contact - Astrid GUILLAUME","robots":{"index":"index","follow":"follow","max-snippet":"max-snippet:-1","max-image-preview":"max-image-preview:large","max-video-preview":"max-video-preview:-1"},"canonical":"https:\/\/astrid-guillaume.fr\/index.php\/contact\/","og_locale":"fr_FR","og_type":"article","og_title":"Contact - Astrid GUILLAUME","og_description":"Courriel R\u00e9seaux sociaux Facebook Twitter LinkedIn Adresse Astrid GUILLAUME, MCF HDR \u00e0 Sorbonne Universit\u00e9, Facult\u00e9 des Lettres, 1 rue Victor Cousin, 75005 Paris","og_url":"https:\/\/astrid-guillaume.fr\/index.php\/contact\/","og_site_name":"Astrid GUILLAUME","article_modified_time":"2021-11-01T13:50:43+00:00","og_image":[{"url":"http:\/\/astrid-guillaume.fr\/wp-content\/uploads\/2020\/04\/Fichier-3.jpg","type":"","width":"","height":""}],"twitter_card":"summary_large_image","twitter_misc":{"Dur\u00e9e de lecture estim\u00e9e":"1 minute"},"schema":{"@context":"https:\/\/schema.org","@graph":[{"@type":"WebPage","@id":"https:\/\/astrid-guillaume.fr\/index.php\/contact\/","url":"https:\/\/astrid-guillaume.fr\/index.php\/contact\/","name":"Contact - Astrid GUILLAUME","isPartOf":{"@id":"https:\/\/astrid-guillaume.fr\/#website"},"primaryImageOfPage":{"@id":"https:\/\/astrid-guillaume.fr\/index.php\/contact\/#primaryimage"},"image":{"@id":"https:\/\/astrid-guillaume.fr\/index.php\/contact\/#primaryimage"},"thumbnailUrl":"http:\/\/astrid-guillaume.fr\/wp-content\/uploads\/2020\/04\/Fichier-3.jpg","datePublished":"2020-04-10T02:22:02+00:00","dateModified":"2021-11-01T13:50:43+00:00","breadcrumb":{"@id":"https:\/\/astrid-guillaume.fr\/index.php\/contact\/#breadcrumb"},"inLanguage":"fr-FR","potentialAction":[{"@type":"ReadAction","target":["https:\/\/astrid-guillaume.fr\/index.php\/contact\/"]}]},{"@type":"ImageObject","inLanguage":"fr-FR","@id":"https:\/\/astrid-guillaume.fr\/index.php\/contact\/#primaryimage","url":"https:\/\/astrid-guillaume.fr\/wp-content\/uploads\/2020\/04\/Fichier-3.jpg","contentUrl":"https:\/\/astrid-guillaume.fr\/wp-content\/uploads\/2020\/04\/Fichier-3.jpg","width":1265,"height":71},{"@type":"BreadcrumbList","@id":"https:\/\/astrid-guillaume.fr\/index.php\/contact\/#breadcrumb","itemListElement":[{"@type":"ListItem","position":1,"name":"Accueil","item":"https:\/\/astrid-guillaume.fr\/"},{"@type":"ListItem","position":2,"name":"Contact"}]},{"@type":"WebSite","@id":"https:\/\/astrid-guillaume.fr\/#website","url":"https:\/\/astrid-guillaume.fr\/","name":"Astrid GUILLAUME","description":"Ma\u00eetre de conf\u00e9rences HDR - Sorbonne Universit\u00e9","publisher":{"@id":"https:\/\/astrid-guillaume.fr\/#\/schema\/person\/ea4f874c5f84f3ef4298f3db85c68c9a"},"potentialAction":[{"@type":"SearchAction","target":{"@type":"EntryPoint","urlTemplate":"https:\/\/astrid-guillaume.fr\/?s={search_term_string}"},"query-input":{"@type":"PropertyValueSpecification","valueRequired":true,"valueName":"search_term_string"}}],"inLanguage":"fr-FR"},{"@type":["Person","Organization"],"@id":"https:\/\/astrid-guillaume.fr\/#\/schema\/person\/ea4f874c5f84f3ef4298f3db85c68c9a","name":"Astrid GUILLAUME","image":{"@type":"ImageObject","inLanguage":"fr-FR","@id":"https:\/\/astrid-guillaume.fr\/#\/schema\/person\/image\/","url":"https:\/\/secure.gravatar.com\/avatar\/d6b204d7c0d63e3481ca32f0b90c6ff876137841f8508ca626b432158768fd16?s=96&d=blank&r=g","contentUrl":"https:\/\/secure.gravatar.com\/avatar\/d6b204d7c0d63e3481ca32f0b90c6ff876137841f8508ca626b432158768fd16?s=96&d=blank&r=g","caption":"Astrid GUILLAUME"},"logo":{"@id":"https:\/\/astrid-guillaume.fr\/#\/schema\/person\/image\/"}}]}},"_links":{"self":[{"href":"https:\/\/astrid-guillaume.fr\/index.php\/wp-json\/wp\/v2\/pages\/287","targetHints":{"allow":["GET"]}}],"collection":[{"href":"https:\/\/astrid-guillaume.fr\/index.php\/wp-json\/wp\/v2\/pages"}],"about":[{"href":"https:\/\/astrid-guillaume.fr\/index.php\/wp-json\/wp\/v2\/types\/page"}],"author":[{"embeddable":true,"href":"https:\/\/astrid-guillaume.fr\/index.php\/wp-json\/wp\/v2\/users\/1"}],"replies":[{"embeddable":true,"href":"https:\/\/astrid-guillaume.fr\/index.php\/wp-json\/wp\/v2\/comments?post=287"}],"version-history":[{"count":10,"href":"https:\/\/astrid-guillaume.fr\/index.php\/wp-json\/wp\/v2\/pages\/287\/revisions"}],"predecessor-version":[{"id":1411,"href":"https:\/\/astrid-guillaume.fr\/index.php\/wp-json\/wp\/v2\/pages\/287\/revisions\/1411"}],"wp:attachment":[{"href":"https:\/\/astrid-guillaume.fr\/index.php\/wp-json\/wp\/v2\/media?parent=287"}],"curies":[{"name":"wp","href":"https:\/\/api.w.org\/{rel}","templated":true}]}}