{"id":182,"date":"2020-04-09T16:20:36","date_gmt":"2020-04-09T14:20:36","guid":{"rendered":"http:\/\/astrid-guillaume.fr\/?page_id=182"},"modified":"2025-08-23T10:42:01","modified_gmt":"2025-08-23T08:42:01","slug":"edition","status":"publish","type":"page","link":"https:\/\/astrid-guillaume.fr\/index.php\/edition\/","title":{"rendered":"\u00c9dition"},"content":{"rendered":"\n<p class=\"has-text-align-center\"><img fetchpriority=\"high\" decoding=\"async\" width=\"900\" height=\"100\" class=\"wp-image-322\" style=\"width: 900px;\" src=\"http:\/\/astrid-guillaume.fr\/wp-content\/uploads\/2020\/04\/Banniere9-2.jpg\" alt=\"\" srcset=\"https:\/\/astrid-guillaume.fr\/wp-content\/uploads\/2020\/04\/Banniere9-2.jpg 900w, https:\/\/astrid-guillaume.fr\/wp-content\/uploads\/2020\/04\/Banniere9-2-300x33.jpg 300w, https:\/\/astrid-guillaume.fr\/wp-content\/uploads\/2020\/04\/Banniere9-2-768x85.jpg 768w, https:\/\/astrid-guillaume.fr\/wp-content\/uploads\/2020\/04\/Banniere9-2-800x89.jpg 800w\" sizes=\"(max-width: 900px) 100vw, 900px\" \/><\/p>\n\n\n<div class=\"wp-block-image\">\n<figure class=\"aligncenter size-full\"><img decoding=\"async\" width=\"300\" height=\"60\" src=\"https:\/\/astrid-guillaume.fr\/wp-content\/uploads\/2024\/02\/ff126a1-1.png\" alt=\"\" class=\"wp-image-2086\"\/><\/figure>\n<\/div>\n\n\n<h1 class=\"wp-block-heading\"><strong><span style=\"background-color:rgba(0, 0, 0, 0);color:#1600a3\" class=\"has-inline-color\">Collections et S\u00e9rie <\/span><\/strong><\/h1>\n\n\n\n<ul class=\"wp-block-list\">\n<li><strong>Depuis 2025<\/strong> &#8211; Directrice fondatrice de la <strong><a href=\"https:\/\/classiques-garnier.com\/dialoguer-avec-la-nature.html\" target=\"_blank\" rel=\"noreferrer noopener\">S\u00e9rie <\/a><\/strong><em><a href=\"https:\/\/classiques-garnier.com\/dialoguer-avec-la-nature.html\" target=\"_blank\" rel=\"noreferrer noopener\"><strong>S\u00e9miotiques culturelles<\/strong><\/a><strong> <\/strong><\/em>dans la Collection Rencontres aux \u00c9ditions Classiques Garnier<\/li>\n\n\n\n<li><strong>Depuis 2023<\/strong> &#8211; Directrice fondatrice de la <a href=\"https:\/\/classiques-garnier.com\/semiotiques.html\" target=\"_blank\" rel=\"noreferrer noopener\"><strong>Collection <em>S\u00e9miotiques <\/em><\/strong><\/a>aux \u00c9ditions Classiques Garnier<\/li>\n\n\n\n<li><strong>Depuis 2019<\/strong> &#8211; Directrice fondatrice de la <strong><a href=\"http:\/\/societefrancaisedezoosemiotique.fr\/collection-zoosemiotique\/\" target=\"_blank\" rel=\"noreferrer noopener\">Collection <em>Zoos\u00e9miotique<\/em><\/a><\/strong> aux \u00c9ditions L\u2019Harmattan.<\/li>\n\n\n\n<li><strong>Depuis 2009<\/strong> &#8211; Directrice de la <strong><a href=\"https:\/\/sup.sorbonne-universite.fr\/catalogue\/collections\/traditions-et-croyances\" target=\"_blank\" rel=\"noreferrer noopener\">Collection <em>Traditions et Croyances<\/em><\/a><\/strong> aux <strong><a href=\"https:\/\/sup.sorbonne-universite.fr\/\" target=\"_blank\" rel=\"noreferrer noopener\">Sorbonne Universit\u00e9 Presses<\/a><\/strong> (anciennement Presses de l\u2019Universit\u00e9 Paris-Sorbonne &#8211; PUPS)<strong> <\/strong><\/li>\n<\/ul>\n\n\n\n<h1 class=\"wp-block-heading\"><strong><span style=\"color:#1600a3\" class=\"has-inline-color\">Revues <\/span><\/strong><\/h1>\n\n\n\n<ul class=\"wp-block-list\">\n<li><strong>2023<\/strong> &#8211; Fondatrice des <strong><em>Cahiers de<\/em><\/strong> <strong><em>S\u00e9miotique des cultures <\/em><\/strong>aux \u00c9ditions Classiques Garnier<\/li>\n\n\n\n<li><strong>2005-2007<\/strong> &#8211; R\u00e9dactrice en chef de la revue <em><strong>Les Langues Modernes<\/strong><\/em>.<\/li>\n\n\n\n<li><strong>2003-2005<\/strong> &#8211; R\u00e9dactrice en chef adjointe de la revue <em><a rel=\"noreferrer noopener\" href=\"http:\/\/www.aplv-languesmodernes.org\/spip.php?rubrique4\" target=\"_blank\"><strong>Les Langues Modernes<\/strong><\/a><\/em>.<\/li>\n\n\n\n<li><strong>2003-2005<\/strong> &#8211; R\u00e9dactrice en chef du <em><a rel=\"noreferrer noopener\" href=\"http:\/\/www.aplv-languesmodernes.org\/spip.php?rubrique134\" target=\"_blank\"><strong>Polyglotte<\/strong><\/a>.<\/em><\/li>\n\n\n\n<li><strong>2001-2003<\/strong> &#8211; Secr\u00e9taire de r\u00e9daction de la revue <em><strong>Les Langues Modernes<\/strong><\/em>.<\/li>\n<\/ul>\n\n\n\n<h1 class=\"wp-block-heading\"><strong><span style=\"color:#1600a3\" class=\"has-inline-color\">Maison d&rsquo;\u00e9dition<\/span><\/strong><\/h1>\n\n\n\n<ul class=\"wp-block-list\">\n<li><strong>2015-2017<\/strong> &#8211; Directrice scientifique des <strong>\u00c9ditions La V\u00f6lva<\/strong>.<\/li>\n<\/ul>\n\n\n\n<h1 class=\"wp-block-heading\"><strong><span style=\"color:#1600a3\" class=\"has-inline-color\">Sites et lettres de diffusion<em> <\/em><\/span><\/strong><\/h1>\n\n\n\n<ul class=\"wp-block-list\">\n<li><strong>Depuis 2018<\/strong> &#8211; Directrice \u00e9ditoriale, cr\u00e9atrice, webmestre du site de la <a href=\"http:\/\/societefrancaisedezoosemiotique.fr\/la-sfz\/organisation\/\" target=\"_blank\" rel=\"noreferrer noopener\"><strong>Soci\u00e9t\u00e9 fran\u00e7aise de Zoos\u00e9miotique<\/strong><\/a> (SfZ) et Community manager\/ animatrice de communaut\u00e9 en ligne des r\u00e9seaux sociaux Twitter et Facebook <br>&#8211; <strong>X<\/strong>: @SfZoosemiotique \/<\/li>\n\n\n\n<li>&#8211; <strong>LinkedIn<\/strong>: https:\/\/fr.linkedin.com\/company\/societe-francaise-de-zoosemiotique<br>&#8211; <strong>Facebook<\/strong>: https:\/\/www.facebook.com\/SfZoosemiotique<\/li>\n<\/ul>\n\n\n\n<ul class=\"wp-block-list\">\n<li><strong>2006-2014<\/strong> &#8211; Co-Directrice \u00e9ditoriale du <strong><a rel=\"noreferrer noopener\" href=\"https:\/\/www.observatoireplurilinguisme.eu\/\" target=\"_blank\">site de l\u2019Observatoire Europ\u00e9en du Plurilinguisme<\/a><\/strong><\/li>\n\n\n\n<li><strong>2006-2014<\/strong> &#8211; Co-Directrice \u00e9ditoriale et co-fondatrice de la <em><strong><a href=\"http:\/\/www.observatoireplurilinguisme.eu\/index.php?option=com_content&amp;view=category&amp;layout=blog&amp;id=88888898&amp;Itemid=88889075&amp;lang=fr\" target=\"_blank\" rel=\"noreferrer noopener\">Lettre mensuelle de l\u2019Observatoire europ\u00e9en du plurilinguisme<\/a><\/strong> \u2013<\/em> Responsable du P\u00f4le recherche de l\u2019OEP.<\/li>\n\n\n\n<li><strong>2005-2007<\/strong> &#8211; Co-Directrice \u00e9ditoriale et fondatrice de la <em><strong>Lettre \u00e9lectronique hebdomadaire APLV-Langues<\/strong><\/em><\/li>\n\n\n\n<li><strong>2003-2007<\/strong> &#8211; Co-Directrice \u00e9ditoriale et fondatrice du site de l\u2019<a rel=\"noreferrer noopener\" href=\"http:\/\/www.aplv-languesmodernes.org\/\" target=\"_blank\"><span style=\"text-decoration: underline;\"><strong>APLV<\/strong><\/span><\/a>.<\/li>\n<\/ul>\n\n\n\n<h1 class=\"wp-block-heading\"><strong><span style=\"color:#1600a3\" class=\"has-inline-color\">Comit\u00e9s \u00e9ditoriaux de revues internationales<\/span><\/strong><\/h1>\n\n\n\n<ul class=\"wp-block-list\">\n<li><strong>Expertises d\u2019ouvrages <\/strong>en linguistique et traductologie pour les Editions De Boeck Sup\u00e9rieur, Artois Presses Universit\u00e9, Classiques Garnier \u00ab&nbsp;Le Moyen-\u00c2ge en traduction&nbsp;\u00bb, la Revue <em>Le Moyen-\u00c2ge<\/em>, la revue de la Fondation Droit animal, Ethique et Sciences et les Presses de l\u2019Universit\u00e9 Sorbonne Nouvelle.<\/li>\n<\/ul>\n\n\n\n<p><\/p>\n\n\n\n<ul class=\"wp-block-list\">\n<li><strong>2019<\/strong> &#8211; <strong>2023 <\/strong> Membre du Comit\u00e9 \u00e9ditorial \/ Editorial Board du Journal de la Recherche Appliqu\u00e9e en Sciences Humaines et Sociales (JRASHS) The Journal of Applied Research in Human &amp; Social Sciences<\/li>\n\n\n\n<li><strong>2012<\/strong> &#8211; <strong>2023 <\/strong> Membre du Comit\u00e9 \u00e9ditorial de la Revue <em>Human and Social Studies,<\/em> Recherches interdisciplinaires en sciences humaines et sociales, \u00e9d. Walter de Gruyter.<\/li>\n\n\n\n<li><strong>2001<\/strong> &#8211; <strong>2023 <\/strong> Membre du Comit\u00e9 \u00e9ditorial de la revue <em>Les Langues Modernes<\/em>, revue centenaire de l&rsquo;Association des Professeurs de Langues Vivantes de l&rsquo;enseignement public.<\/li>\n\n\n\n<li><strong>2000 &#8211; 2003<\/strong>  Membre du Comit\u00e9 \u00e9ditorial de la revue <em>M\u00e9langes de Science Religieuse<\/em>.<\/li>\n<\/ul>\n\n\n\n<h1 class=\"wp-block-heading\"><strong><span style=\"color:#1600a3\" class=\"has-inline-color\">Comit\u00e9s scientifiques de collections et revues internationales<\/span><\/strong><\/h1>\n\n\n\n<ul class=\"wp-block-list\">\n<li><strong>Depuis 2013<\/strong> Membre du <a href=\"http:\/\/www.xlinguae.eu\/editorial-board.html\" target=\"_blank\" rel=\"noreferrer noopener\"><strong>Comit\u00e9 scientifique<\/strong><\/a> international de la revue <em><a href=\"http:\/\/www.xlinguae.eu\/index.html\">XLinguae<\/a>, European Scientific Language Journal<\/em>.<\/li>\n\n\n\n<li><strong>2015<\/strong> &#8211; <strong>2023 <\/strong>Membre du Comit\u00e9 scientifique de la <strong><a href=\"http:\/\/www.editions-harmattan.fr\/index.asp?navig=catalogue&amp;obj=collection&amp;no=1133\" target=\"_blank\" rel=\"noreferrer noopener\">collection Traductologie<\/a><\/strong> chez L\u2019Harmattan.<\/li>\n<\/ul>\n\n\n\n<h1 class=\"wp-block-heading\"><strong><span style=\"color:#1600a3\" class=\"has-inline-color\">Autre<\/span><\/strong><\/h1>\n\n\n\n<ul class=\"wp-block-list\">\n<li><strong>Depuis 2012<\/strong> &#8211; R\u00e9dactrice correspondante pour la <a href=\"http:\/\/www.fondation-droit-animal.org\/category\/revue-trimestrielle\/\" target=\"_blank\" rel=\"noreferrer noopener\"><strong>revue trimestrielle <em>Droit animal, \u00c9thique et Science<\/em>.<\/strong><\/a><\/li>\n<\/ul>\n","protected":false},"excerpt":{"rendered":"<p>Collections et S\u00e9rie Revues Maison d&rsquo;\u00e9dition Sites et lettres de diffusion Comit\u00e9s \u00e9ditoriaux de revues internationales Comit\u00e9s scientifiques de collections et revues internationales Autre<\/p>\n","protected":false},"author":1,"featured_media":0,"parent":0,"menu_order":0,"comment_status":"closed","ping_status":"closed","template":"","meta":{"footnotes":""},"class_list":["post-182","page","type-page","status-publish","hentry"],"yoast_head":"<!-- This site is optimized with the Yoast SEO plugin v26.9 - https:\/\/yoast.com\/product\/yoast-seo-wordpress\/ -->\n<title>\u00c9dition - Astrid GUILLAUME<\/title>\n<meta name=\"robots\" content=\"index, follow, max-snippet:-1, max-image-preview:large, max-video-preview:-1\" \/>\n<link rel=\"canonical\" href=\"https:\/\/astrid-guillaume.fr\/index.php\/edition\/\" \/>\n<meta property=\"og:locale\" content=\"fr_FR\" \/>\n<meta property=\"og:type\" content=\"article\" \/>\n<meta property=\"og:title\" content=\"\u00c9dition - Astrid GUILLAUME\" \/>\n<meta property=\"og:description\" content=\"Collections et S\u00e9rie Revues Maison d&rsquo;\u00e9dition Sites et lettres de diffusion Comit\u00e9s \u00e9ditoriaux de revues internationales Comit\u00e9s scientifiques de collections et revues internationales Autre\" \/>\n<meta property=\"og:url\" content=\"https:\/\/astrid-guillaume.fr\/index.php\/edition\/\" \/>\n<meta property=\"og:site_name\" content=\"Astrid GUILLAUME\" \/>\n<meta property=\"article:modified_time\" content=\"2025-08-23T08:42:01+00:00\" \/>\n<meta property=\"og:image\" content=\"https:\/\/astrid-guillaume.fr\/wp-content\/uploads\/2020\/04\/Banniere9-2.jpg\" \/>\n\t<meta property=\"og:image:width\" content=\"900\" \/>\n\t<meta property=\"og:image:height\" content=\"100\" \/>\n\t<meta property=\"og:image:type\" content=\"image\/jpeg\" \/>\n<meta name=\"twitter:card\" content=\"summary_large_image\" \/>\n<meta name=\"twitter:label1\" content=\"Dur\u00e9e de lecture estim\u00e9e\" \/>\n\t<meta name=\"twitter:data1\" content=\"3 minutes\" \/>\n<script type=\"application\/ld+json\" class=\"yoast-schema-graph\">{\"@context\":\"https:\/\/schema.org\",\"@graph\":[{\"@type\":\"WebPage\",\"@id\":\"https:\/\/astrid-guillaume.fr\/index.php\/edition\/\",\"url\":\"https:\/\/astrid-guillaume.fr\/index.php\/edition\/\",\"name\":\"\u00c9dition - Astrid GUILLAUME\",\"isPartOf\":{\"@id\":\"https:\/\/astrid-guillaume.fr\/#website\"},\"primaryImageOfPage\":{\"@id\":\"https:\/\/astrid-guillaume.fr\/index.php\/edition\/#primaryimage\"},\"image\":{\"@id\":\"https:\/\/astrid-guillaume.fr\/index.php\/edition\/#primaryimage\"},\"thumbnailUrl\":\"http:\/\/astrid-guillaume.fr\/wp-content\/uploads\/2020\/04\/Banniere9-2.jpg\",\"datePublished\":\"2020-04-09T14:20:36+00:00\",\"dateModified\":\"2025-08-23T08:42:01+00:00\",\"breadcrumb\":{\"@id\":\"https:\/\/astrid-guillaume.fr\/index.php\/edition\/#breadcrumb\"},\"inLanguage\":\"fr-FR\",\"potentialAction\":[{\"@type\":\"ReadAction\",\"target\":[\"https:\/\/astrid-guillaume.fr\/index.php\/edition\/\"]}]},{\"@type\":\"ImageObject\",\"inLanguage\":\"fr-FR\",\"@id\":\"https:\/\/astrid-guillaume.fr\/index.php\/edition\/#primaryimage\",\"url\":\"https:\/\/astrid-guillaume.fr\/wp-content\/uploads\/2020\/04\/Banniere9-2.jpg\",\"contentUrl\":\"https:\/\/astrid-guillaume.fr\/wp-content\/uploads\/2020\/04\/Banniere9-2.jpg\",\"width\":900,\"height\":100},{\"@type\":\"BreadcrumbList\",\"@id\":\"https:\/\/astrid-guillaume.fr\/index.php\/edition\/#breadcrumb\",\"itemListElement\":[{\"@type\":\"ListItem\",\"position\":1,\"name\":\"Accueil\",\"item\":\"https:\/\/astrid-guillaume.fr\/\"},{\"@type\":\"ListItem\",\"position\":2,\"name\":\"\u00c9dition\"}]},{\"@type\":\"WebSite\",\"@id\":\"https:\/\/astrid-guillaume.fr\/#website\",\"url\":\"https:\/\/astrid-guillaume.fr\/\",\"name\":\"Astrid GUILLAUME\",\"description\":\"Ma\u00eetre de conf\u00e9rences HDR - Sorbonne Universit\u00e9\",\"publisher\":{\"@id\":\"https:\/\/astrid-guillaume.fr\/#\/schema\/person\/ea4f874c5f84f3ef4298f3db85c68c9a\"},\"potentialAction\":[{\"@type\":\"SearchAction\",\"target\":{\"@type\":\"EntryPoint\",\"urlTemplate\":\"https:\/\/astrid-guillaume.fr\/?s={search_term_string}\"},\"query-input\":{\"@type\":\"PropertyValueSpecification\",\"valueRequired\":true,\"valueName\":\"search_term_string\"}}],\"inLanguage\":\"fr-FR\"},{\"@type\":[\"Person\",\"Organization\"],\"@id\":\"https:\/\/astrid-guillaume.fr\/#\/schema\/person\/ea4f874c5f84f3ef4298f3db85c68c9a\",\"name\":\"Astrid GUILLAUME\",\"image\":{\"@type\":\"ImageObject\",\"inLanguage\":\"fr-FR\",\"@id\":\"https:\/\/astrid-guillaume.fr\/#\/schema\/person\/image\/\",\"url\":\"https:\/\/secure.gravatar.com\/avatar\/d6b204d7c0d63e3481ca32f0b90c6ff876137841f8508ca626b432158768fd16?s=96&d=blank&r=g\",\"contentUrl\":\"https:\/\/secure.gravatar.com\/avatar\/d6b204d7c0d63e3481ca32f0b90c6ff876137841f8508ca626b432158768fd16?s=96&d=blank&r=g\",\"caption\":\"Astrid GUILLAUME\"},\"logo\":{\"@id\":\"https:\/\/astrid-guillaume.fr\/#\/schema\/person\/image\/\"}}]}<\/script>\n<!-- \/ Yoast SEO plugin. -->","yoast_head_json":{"title":"\u00c9dition - Astrid GUILLAUME","robots":{"index":"index","follow":"follow","max-snippet":"max-snippet:-1","max-image-preview":"max-image-preview:large","max-video-preview":"max-video-preview:-1"},"canonical":"https:\/\/astrid-guillaume.fr\/index.php\/edition\/","og_locale":"fr_FR","og_type":"article","og_title":"\u00c9dition - Astrid GUILLAUME","og_description":"Collections et S\u00e9rie Revues Maison d&rsquo;\u00e9dition Sites et lettres de diffusion Comit\u00e9s \u00e9ditoriaux de revues internationales Comit\u00e9s scientifiques de collections et revues internationales Autre","og_url":"https:\/\/astrid-guillaume.fr\/index.php\/edition\/","og_site_name":"Astrid GUILLAUME","article_modified_time":"2025-08-23T08:42:01+00:00","og_image":[{"width":900,"height":100,"url":"https:\/\/astrid-guillaume.fr\/wp-content\/uploads\/2020\/04\/Banniere9-2.jpg","type":"image\/jpeg"}],"twitter_card":"summary_large_image","twitter_misc":{"Dur\u00e9e de lecture estim\u00e9e":"3 minutes"},"schema":{"@context":"https:\/\/schema.org","@graph":[{"@type":"WebPage","@id":"https:\/\/astrid-guillaume.fr\/index.php\/edition\/","url":"https:\/\/astrid-guillaume.fr\/index.php\/edition\/","name":"\u00c9dition - Astrid GUILLAUME","isPartOf":{"@id":"https:\/\/astrid-guillaume.fr\/#website"},"primaryImageOfPage":{"@id":"https:\/\/astrid-guillaume.fr\/index.php\/edition\/#primaryimage"},"image":{"@id":"https:\/\/astrid-guillaume.fr\/index.php\/edition\/#primaryimage"},"thumbnailUrl":"http:\/\/astrid-guillaume.fr\/wp-content\/uploads\/2020\/04\/Banniere9-2.jpg","datePublished":"2020-04-09T14:20:36+00:00","dateModified":"2025-08-23T08:42:01+00:00","breadcrumb":{"@id":"https:\/\/astrid-guillaume.fr\/index.php\/edition\/#breadcrumb"},"inLanguage":"fr-FR","potentialAction":[{"@type":"ReadAction","target":["https:\/\/astrid-guillaume.fr\/index.php\/edition\/"]}]},{"@type":"ImageObject","inLanguage":"fr-FR","@id":"https:\/\/astrid-guillaume.fr\/index.php\/edition\/#primaryimage","url":"https:\/\/astrid-guillaume.fr\/wp-content\/uploads\/2020\/04\/Banniere9-2.jpg","contentUrl":"https:\/\/astrid-guillaume.fr\/wp-content\/uploads\/2020\/04\/Banniere9-2.jpg","width":900,"height":100},{"@type":"BreadcrumbList","@id":"https:\/\/astrid-guillaume.fr\/index.php\/edition\/#breadcrumb","itemListElement":[{"@type":"ListItem","position":1,"name":"Accueil","item":"https:\/\/astrid-guillaume.fr\/"},{"@type":"ListItem","position":2,"name":"\u00c9dition"}]},{"@type":"WebSite","@id":"https:\/\/astrid-guillaume.fr\/#website","url":"https:\/\/astrid-guillaume.fr\/","name":"Astrid GUILLAUME","description":"Ma\u00eetre de conf\u00e9rences HDR - Sorbonne Universit\u00e9","publisher":{"@id":"https:\/\/astrid-guillaume.fr\/#\/schema\/person\/ea4f874c5f84f3ef4298f3db85c68c9a"},"potentialAction":[{"@type":"SearchAction","target":{"@type":"EntryPoint","urlTemplate":"https:\/\/astrid-guillaume.fr\/?s={search_term_string}"},"query-input":{"@type":"PropertyValueSpecification","valueRequired":true,"valueName":"search_term_string"}}],"inLanguage":"fr-FR"},{"@type":["Person","Organization"],"@id":"https:\/\/astrid-guillaume.fr\/#\/schema\/person\/ea4f874c5f84f3ef4298f3db85c68c9a","name":"Astrid GUILLAUME","image":{"@type":"ImageObject","inLanguage":"fr-FR","@id":"https:\/\/astrid-guillaume.fr\/#\/schema\/person\/image\/","url":"https:\/\/secure.gravatar.com\/avatar\/d6b204d7c0d63e3481ca32f0b90c6ff876137841f8508ca626b432158768fd16?s=96&d=blank&r=g","contentUrl":"https:\/\/secure.gravatar.com\/avatar\/d6b204d7c0d63e3481ca32f0b90c6ff876137841f8508ca626b432158768fd16?s=96&d=blank&r=g","caption":"Astrid GUILLAUME"},"logo":{"@id":"https:\/\/astrid-guillaume.fr\/#\/schema\/person\/image\/"}}]}},"_links":{"self":[{"href":"https:\/\/astrid-guillaume.fr\/index.php\/wp-json\/wp\/v2\/pages\/182","targetHints":{"allow":["GET"]}}],"collection":[{"href":"https:\/\/astrid-guillaume.fr\/index.php\/wp-json\/wp\/v2\/pages"}],"about":[{"href":"https:\/\/astrid-guillaume.fr\/index.php\/wp-json\/wp\/v2\/types\/page"}],"author":[{"embeddable":true,"href":"https:\/\/astrid-guillaume.fr\/index.php\/wp-json\/wp\/v2\/users\/1"}],"replies":[{"embeddable":true,"href":"https:\/\/astrid-guillaume.fr\/index.php\/wp-json\/wp\/v2\/comments?post=182"}],"version-history":[{"count":63,"href":"https:\/\/astrid-guillaume.fr\/index.php\/wp-json\/wp\/v2\/pages\/182\/revisions"}],"predecessor-version":[{"id":2516,"href":"https:\/\/astrid-guillaume.fr\/index.php\/wp-json\/wp\/v2\/pages\/182\/revisions\/2516"}],"wp:attachment":[{"href":"https:\/\/astrid-guillaume.fr\/index.php\/wp-json\/wp\/v2\/media?parent=182"}],"curies":[{"name":"wp","href":"https:\/\/api.w.org\/{rel}","templated":true}]}}